{"id":16040,"date":"2025-12-01T15:00:54","date_gmt":"2025-12-01T13:00:54","guid":{"rendered":"https:\/\/mundimueble.com\/?post_type=product&#038;p=16040"},"modified":"2026-03-06T14:18:49","modified_gmt":"2026-03-06T12:18:49","slug":"colchon-articulable-ergoadvance","status":"publish","type":"product","link":"https:\/\/mundimueble.com\/index.php\/producto\/colchon-articulable-ergoadvance\/","title":{"rendered":"Colch\u00f3n Articulable ErgoAdvance"},"content":{"rendered":"<p>Si necesitas un colch\u00f3n que pueda articularse sin problemas y que te ofrezca un confort extraordinario, El Colch\u00f3n Articulable ErgoAdvance es tu elecci\u00f3n perfecta. Con un acabado que te permite experimentar la sensaci\u00f3n de ingravidez que aporta la viscoel\u00e1stica, este modelo te ofrece soluciones para tu d\u00eda a d\u00eda.<\/p>\n","protected":false},"excerpt":{"rendered":"<p>Si necesitas un colch\u00f3n que pueda articularse sin problemas y que te ofrezca un confort extraordinario, El Colch\u00f3n Articulable ErgoAdvance es tu elecci\u00f3n perfecta. Con un acabado que te permite experimentar la sensaci\u00f3n de ingravidez que aporta la viscoel\u00e1stica, este modelo te ofrece soluciones para tu d\u00eda a d\u00eda.<\/p>\n","protected":false},"featured_media":16041,"template":"","meta":[],"product_brand":[299],"product_cat":[203],"product_tag":[293,379],"class_list":{"0":"post-16040","1":"product","2":"type-product","3":"status-publish","4":"has-post-thumbnail","6":"product_brand-colchones-relax","7":"product_cat-geriatria","8":"product_tag-colchon","9":"product_tag-geriatria","10":"product_shipping_class-standard-shipping","12":"entry","13":"has-media","15":"first","16":"instock","17":"taxable","18":"shipping-taxable","19":"product-type-simple","20":"has-product-nav","21":"col","22":"span_1_of_3","23":"owp-content-center","24":"owp-thumbs-layout-horizontal","25":"owp-btn-normal","26":"owp-tabs-layout-horizontal","27":"has-no-thumbnails"},"_links":{"self":[{"href":"https:\/\/mundimueble.com\/index.php\/wp-json\/wp\/v2\/product\/16040","targetHints":{"allow":["GET"]}}],"collection":[{"href":"https:\/\/mundimueble.com\/index.php\/wp-json\/wp\/v2\/product"}],"about":[{"href":"https:\/\/mundimueble.com\/index.php\/wp-json\/wp\/v2\/types\/product"}],"version-history":[{"count":1,"href":"https:\/\/mundimueble.com\/index.php\/wp-json\/wp\/v2\/product\/16040\/revisions"}],"predecessor-version":[{"id":16601,"href":"https:\/\/mundimueble.com\/index.php\/wp-json\/wp\/v2\/product\/16040\/revisions\/16601"}],"wp:featuredmedia":[{"embeddable":true,"href":"https:\/\/mundimueble.com\/index.php\/wp-json\/wp\/v2\/media\/16041"}],"wp:attachment":[{"href":"https:\/\/mundimueble.com\/index.php\/wp-json\/wp\/v2\/media?parent=16040"}],"wp:term":[{"taxonomy":"product_brand","embeddable":true,"href":"https:\/\/mundimueble.com\/index.php\/wp-json\/wp\/v2\/product_brand?post=16040"},{"taxonomy":"product_cat","embeddable":true,"href":"https:\/\/mundimueble.com\/index.php\/wp-json\/wp\/v2\/product_cat?post=16040"},{"taxonomy":"product_tag","embeddable":true,"href":"https:\/\/mundimueble.com\/index.php\/wp-json\/wp\/v2\/product_tag?post=16040"}],"curies":[{"name":"wp","href":"https:\/\/api.w.org\/{rel}","templated":true}]}}