{"id":16021,"date":"2025-11-17T13:36:51","date_gmt":"2025-11-17T11:36:51","guid":{"rendered":"https:\/\/mundimueble.com\/?post_type=product&#038;p=16021"},"modified":"2025-11-17T13:36:52","modified_gmt":"2025-11-17T11:36:52","slug":"somier-s120","status":"publish","type":"product","link":"https:\/\/mundimueble.com\/index.php\/producto\/somier-s120\/","title":{"rendered":"Somier S120"},"content":{"rendered":"<div class=\"fl-row fl-row-full-width fl-row-bg-photo fl-node-5c077923961af fl-row-custom-height fl-row-align-center fl-row-bg-overlay\" data-node=\"5c077923961af\">\n<div class=\"fl-row-content-wrap\">\n<div class=\"fl-row-content fl-row-fixed-width fl-node-content\">\n<div class=\"fl-col-group fl-node-5c077923961ab\" data-node=\"5c077923961ab\">\n<div class=\"fl-col fl-node-5c077923961ad fl-col-bg-color fl-col-has-cols\" data-node=\"5c077923961ad\">\n<div class=\"fl-col-content fl-node-content\">\n<div class=\"fl-col-group fl-node-6076f4b85b763 fl-col-group-nested\" data-node=\"6076f4b85b763\">\n<div class=\"fl-col fl-node-6076f4b85b7ee fl-col-bg-color\" data-node=\"6076f4b85b7ee\">\n<div class=\"fl-col-content fl-node-content\">\n<div class=\"fl-module fl-module-rich-text fl-node-6076f4be4403d\" data-node=\"6076f4be4403d\">\n<div class=\"fl-module-content fl-node-content\">\n<div class=\"fl-rich-text\">\n<section id=\"eluid5e2540cc\" class=\"zn_section eluid5e2540cc section-sidemargins section--no \">\n<div class=\"zn_section_size container zn-section-height--auto zn-section-content_algn--top \">\n<div class=\"row \">\n<div id=\"eluidf2649b28\" class=\"eluidf2649b28 col-md-12 col-sm-12 znColumnElement\">\n<div class=\"znColumnElement-innerWrapper-eluidf2649b28 znColumnElement-innerWrapper znColumnElement-innerWrapper--valign-top znColumnElement-innerWrapper--halign-left \">\n<div class=\"znColumnElement-innerContent\">\n<div class=\"zn_text_box eluid10c9e51b zn_text_box-light element-scheme--light\">\n<section id=\"eluid5e2540cc\" class=\"zn_section eluid5e2540cc section-sidemargins section--no \">\n<div class=\"zn_section_size container zn-section-height--auto zn-section-content_algn--top \">\n<div class=\"row \">\n<div id=\"eluidf2649b28\" class=\"eluidf2649b28 col-md-12 col-sm-12 znColumnElement\">\n<div class=\"znColumnElement-innerWrapper-eluidf2649b28 znColumnElement-innerWrapper znColumnElement-innerWrapper--valign-top znColumnElement-innerWrapper--halign-left \">\n<div class=\"znColumnElement-innerContent\">\n<div class=\"zn_text_box eluid10c9e51b zn_text_box-light element-scheme--light\">\n<section id=\"eluid7a5bb391\" class=\"zn_section eluid7a5bb391 section-sidemargins section--no \">\n<div class=\"zn_section_size container zn-section-height--auto zn-section-content_algn--top \">\n<div class=\"row \">\n<div id=\"eluidc05e076a\" class=\"eluidc05e076a col-md-12 col-sm-12 znColumnElement\">\n<div class=\"znColumnElement-innerWrapper-eluidc05e076a znColumnElement-innerWrapper znColumnElement-innerWrapper--valign-top znColumnElement-innerWrapper--halign-left \">\n<div class=\"znColumnElement-innerContent\">\n<div class=\"zn_text_box eluid7efdd411 zn_text_box-light element-scheme--light\">\n<div class=\"zn_text_box eluid69db54c4 zn_text_box-light element-scheme--light\">\n<section id=\"eluid5e2540cc\" class=\"zn_section eluid5e2540cc section-sidemargins section--no \">\n<div class=\"zn_section_size container zn-section-height--auto zn-section-content_algn--top \">\n<div class=\"row \">\n<div id=\"eluidf2649b28\" class=\"eluidf2649b28 col-md-12 col-sm-12 znColumnElement\">\n<div class=\"znColumnElement-innerWrapper-eluidf2649b28 znColumnElement-innerWrapper znColumnElement-innerWrapper--valign-top znColumnElement-innerWrapper--halign-left \">\n<div class=\"znColumnElement-innerContent\">\n<div class=\"zn_text_box eluid10c9e51b zn_text_box-light element-scheme--light\">\n<section id=\"eluid5e2540cc\" class=\"zn_section eluid5e2540cc section-sidemargins section--no \">\n<div class=\"zn_section_size container zn-section-height--auto zn-section-content_algn--top \">\n<div class=\"row \">\n<div id=\"eluidf2649b28\" class=\"eluidf2649b28 col-md-12 col-sm-12 znColumnElement\">\n<div class=\"znColumnElement-innerWrapper-eluidf2649b28 znColumnElement-innerWrapper znColumnElement-innerWrapper--valign-top znColumnElement-innerWrapper--halign-left \">\n<div class=\"znColumnElement-innerContent\">\n<div class=\"zn_text_box eluid10c9e51b zn_text_box-light element-scheme--light\">\n<section id=\"eluid7a5bb391\" class=\"zn_section eluid7a5bb391 section-sidemargins section--no \">\n<div class=\"zn_section_size container zn-section-height--auto zn-section-content_algn--top \">\n<div class=\"row \">\n<div id=\"eluidc05e076a\" class=\"eluidc05e076a col-md-12 col-sm-12 znColumnElement\">\n<div class=\"znColumnElement-innerWrapper-eluidc05e076a znColumnElement-innerWrapper znColumnElement-innerWrapper--valign-top znColumnElement-innerWrapper--halign-left \">\n<div class=\"znColumnElement-innerContent\">\n<div class=\"zn_text_box eluid7efdd411 zn_text_box-light element-scheme--light\">\n<div class=\"zn_text_box eluid69db54c4 zn_text_box-light element-scheme--light\">\n<section id=\"eluide9cab645\" class=\"zn_section eluide9cab645 section-sidemargins section--no \">\n<div class=\"zn_section_size container zn-section-height--auto zn-section-content_algn--top \">\n<div class=\"row \">\n<div id=\"eluid7b9c9277\" class=\"eluid7b9c9277 col-md-12 col-sm-12 znColumnElement\">\n<div class=\"znColumnElement-innerWrapper-eluid7b9c9277 znColumnElement-innerWrapper znColumnElement-innerWrapper--valign-top znColumnElement-innerWrapper--halign-left \">\n<div class=\"znColumnElement-innerContent\">\n<div class=\"zn_text_box eluida257e242 zn_text_box-light element-scheme--light\">\n<div class=\"zn_text_box eluid69db54c4 zn_text_box-light element-scheme--light\">\n<div class=\"zn_text_box eluiddb23ae63 zn_text_box-light element-scheme--light\">\n<div class=\"zn_text_box eluiddb23ae63 zn_text_box-light element-scheme--light\">\n<section id=\"eluid4120d475\" class=\"zn_section eluid4120d475     section-sidemargins    section--no \">\n<div class=\"zn_section_size container zn-section-height--auto zn-section-content_algn--top \">\n<div class=\"row \">\n<div id=\"eluid25c74f88\" class=\"eluid25c74f88            col-md-12 col-sm-12   znColumnElement\">\n<div class=\"znColumnElement-innerWrapper-eluid25c74f88 znColumnElement-innerWrapper znColumnElement-innerWrapper--valign-top znColumnElement-innerWrapper--halign-left \">\n<div class=\"znColumnElement-innerContent\">\n<div class=\"zn_text_box eluidc761387b  zn_text_box-light element-scheme--light\">\n<div class=\"zn_text_box eluid69db54c4 zn_text_box-light element-scheme--light\">\n<div class=\"zn_text_box eluiddb23ae63 zn_text_box-light element-scheme--light\">\n<div class=\"zn_text_box eluiddb23ae63  zn_text_box-light element-scheme--light\">\n<p>Somier con 8 lamas por lecho de 120mm para tener mayor superficie de apoyo<\/p>\n<\/div>\n<\/div>\n<\/div>\n<\/div>\n<\/div>\n<\/div>\n<\/div>\n<\/div>\n<\/div>\n<\/section>\n<\/div>\n<\/div>\n<\/div>\n<\/div>\n<\/div>\n<\/div>\n<\/div>\n<\/div>\n<\/div>\n<\/section>\n<\/div>\n<\/div>\n<\/div>\n<\/div>\n<\/div>\n<\/div>\n<\/div>\n<\/section>\n<\/div>\n<\/div>\n<\/div>\n<\/div>\n<\/div>\n<\/div>\n<\/section>\n<\/div>\n<\/div>\n<\/div>\n<\/div>\n<\/div>\n<\/div>\n<\/section>\n<\/div>\n<\/div>\n<\/div>\n<\/div>\n<\/div>\n<\/div>\n<\/div>\n<\/section>\n<\/div>\n<\/div>\n<\/div>\n<\/div>\n<\/div>\n<\/div>\n<\/section>\n<\/div>\n<\/div>\n<\/div>\n<\/div>\n<\/div>\n<\/div>\n<\/section>\n<\/div>\n<\/div>\n<\/div>\n<\/div>\n<\/div>\n<\/div>\n<\/div>\n<\/div>\n<\/div>\n<\/div>\n<\/div>\n<\/div>\n<div class=\"fl-row fl-row-full-width fl-row-bg-none fl-node-5c0779af79fe8 fl-row-default-height fl-row-align-center\" data-node=\"5c0779af79fe8\">\n<div class=\"fl-row-content-wrap\">\n<div class=\"fl-row-content fl-row-fixed-width fl-node-content\">\n<div class=\"fl-col-group fl-node-5c077bac62bcc\" data-node=\"5c077bac62bcc\">\n<div class=\"fl-col fl-node-5c077bac62ca5 fl-col-bg-color fl-col-has-cols\" data-node=\"5c077bac62ca5\">\n<div class=\"fl-col-content fl-node-content\">\n<div class=\"fl-col-group fl-node-6078063eea4fd fl-col-group-nested\" data-node=\"6078063eea4fd\">\n<div class=\"fl-col fl-node-6078063eea5a8 fl-col-bg-color\" data-node=\"6078063eea5a8\">\n<div class=\"fl-col-content fl-node-content\">\n<div class=\"fl-module fl-module-uabb-heading fl-node-60780bc9bb339\" data-node=\"60780bc9bb339\">\n<div class=\"fl-module-content fl-node-content\">\n<div class=\"uabb-module-content uabb-heading-wrapper uabb-heading-align-center \">\n<h6 class=\"uabb-heading\"><span class=\"uabb-heading-text\">ESTRUCTURA<\/span><\/h6>\n<div class=\"uabb-subheading uabb-text-editor\">\n<ul>\n<li><strong>Tubo de acero reforzado<\/strong>. Esquinas curvadas.<\/li>\n<li><strong>Tratamiento<\/strong>: lacado epoxy polimerizado total.\u00a0<strong>Antioxidante y anticorrosi\u00f3n<\/strong><\/li>\n<li><strong>L\u00e1minas<\/strong>: 8 l\u00e1minas por lecho. L\u00e1minas extra-anchas de 120 mm.\u00a0<strong>Muy buena superficie de apoyo<\/strong><\/li>\n<li><strong>C\u00e1psulas<\/strong>: material termopl\u00e1stico. Silence System elevadas sobre el marco<\/li>\n<li>Preparado para colocaci\u00f3n de patas de m\u00e9trica 10<\/li>\n<\/ul>\n<\/div>\n<\/div>\n<\/div>\n<\/div>\n<div class=\"fl-module fl-module-uabb-heading fl-node-60780a089d04d\" data-node=\"60780a089d04d\">\n<div class=\"fl-module-content fl-node-content\">\n<div class=\"uabb-module-content uabb-heading-wrapper uabb-heading-align-center \">\n<h6 class=\"uabb-heading\"><span class=\"uabb-heading-text\">ALTURA<\/span><\/h6>\n<div class=\"uabb-subheading uabb-text-editor\">\n<ul>\n<li>6 cm (sin patas)<\/li>\n<\/ul>\n<\/div>\n<\/div>\n<\/div>\n<\/div>\n<div class=\"fl-module fl-module-uabb-heading fl-node-607d3fd5d6b73\" data-node=\"607d3fd5d6b73\">\n<div class=\"fl-module-content fl-node-content\">\n<div class=\"uabb-module-content uabb-heading-wrapper uabb-heading-align-center \">\n<div class=\"uabb-subheading uabb-text-editor\"><\/div>\n<\/div>\n<\/div>\n<\/div>\n<\/div>\n<\/div>\n<div class=\"fl-col fl-node-6078063eea5ac fl-col-bg-color fl-col-small\" data-node=\"6078063eea5ac\">\n<div class=\"fl-col-content fl-node-content\">\n<div class=\"fl-module fl-module-uabb-heading fl-node-607d3e04885fd\" data-node=\"607d3e04885fd\">\n<div class=\"fl-module-content fl-node-content\">\n<div class=\"uabb-module-content uabb-heading-wrapper uabb-heading-align-center \">\n<h6 class=\"uabb-heading\"><span class=\"uabb-heading-text\">REFUERZOS<\/span><\/h6>\n<div class=\"uabb-subheading uabb-text-editor\">\n<ul>\n<li>Doble lecho con larguero central para medidas superiores a 90 cm<\/li>\n<\/ul>\n<\/div>\n<\/div>\n<\/div>\n<\/div>\n<div class=\"fl-module fl-module-uabb-heading fl-node-607952b07bccf\" data-node=\"607952b07bccf\">\n<div class=\"fl-module-content fl-node-content\">\n<div class=\"uabb-module-content uabb-heading-wrapper uabb-heading-align-center \">\n<h6 class=\"uabb-heading\"><span class=\"uabb-heading-text\">EXTRAS<\/span><\/h6>\n<div class=\"uabb-subheading uabb-text-editor\">\n<ul>\n<li>Anchos 135-150-160 cm (largos 182-190 cm): 5 patas<\/li>\n<li>Anchos 80-90-105 cm (largo 200 cm): 6 patas<\/li>\n<li>Anchos 135-150-160 cm (largo 200 cm): 7 patas<\/li>\n<li>Resto de medidas tarifadas: 4 patas<\/li>\n<\/ul>\n<\/div>\n<\/div>\n<\/div>\n<\/div>\n<div class=\"fl-module fl-module-uabb-separator fl-node-6078135f3ae20\" data-node=\"6078135f3ae20\">\n<div class=\"fl-module-content fl-node-content\"><\/div>\n<\/div>\n<\/div>\n<\/div>\n<\/div>\n<\/div>\n<\/div>\n<\/div>\n<\/div>\n<\/div>\n<\/div>\n","protected":false},"excerpt":{"rendered":"<p>Somier con 8 lamas por lecho de 120mm para tener mayor superficie de apoyo ESTRUCTURA Tubo de acero reforzado. Esquinas curvadas. Tratamiento: lacado epoxy polimerizado total.\u00a0Antioxidante y anticorrosi\u00f3n L\u00e1minas: 8 l\u00e1minas por lecho. L\u00e1minas extra-anchas de 120 mm.\u00a0Muy buena superficie de apoyo C\u00e1psulas: material termopl\u00e1stico. Silence System elevadas sobre el marco Preparado para colocaci\u00f3n de [&hellip;]<\/p>\n","protected":false},"featured_media":16022,"template":"","meta":[],"product_brand":[299],"product_cat":[200],"product_tag":[378],"class_list":{"0":"post-16021","1":"product","2":"type-product","3":"status-publish","4":"has-post-thumbnail","6":"product_brand-colchones-relax","7":"product_cat-somiers-y-bases-tapizadas","8":"product_tag-somier","10":"entry","11":"has-media","13":"first","14":"instock","15":"taxable","16":"shipping-taxable","17":"product-type-simple","18":"has-product-nav","19":"col","20":"span_1_of_3","21":"owp-content-center","22":"owp-thumbs-layout-horizontal","23":"owp-btn-normal","24":"owp-tabs-layout-horizontal","25":"has-no-thumbnails"},"_links":{"self":[{"href":"https:\/\/mundimueble.com\/index.php\/wp-json\/wp\/v2\/product\/16021","targetHints":{"allow":["GET"]}}],"collection":[{"href":"https:\/\/mundimueble.com\/index.php\/wp-json\/wp\/v2\/product"}],"about":[{"href":"https:\/\/mundimueble.com\/index.php\/wp-json\/wp\/v2\/types\/product"}],"version-history":[{"count":0,"href":"https:\/\/mundimueble.com\/index.php\/wp-json\/wp\/v2\/product\/16021\/revisions"}],"wp:featuredmedia":[{"embeddable":true,"href":"https:\/\/mundimueble.com\/index.php\/wp-json\/wp\/v2\/media\/16022"}],"wp:attachment":[{"href":"https:\/\/mundimueble.com\/index.php\/wp-json\/wp\/v2\/media?parent=16021"}],"wp:term":[{"taxonomy":"product_brand","embeddable":true,"href":"https:\/\/mundimueble.com\/index.php\/wp-json\/wp\/v2\/product_brand?post=16021"},{"taxonomy":"product_cat","embeddable":true,"href":"https:\/\/mundimueble.com\/index.php\/wp-json\/wp\/v2\/product_cat?post=16021"},{"taxonomy":"product_tag","embeddable":true,"href":"https:\/\/mundimueble.com\/index.php\/wp-json\/wp\/v2\/product_tag?post=16021"}],"curies":[{"name":"wp","href":"https:\/\/api.w.org\/{rel}","templated":true}]}}