{"id":16012,"date":"2025-11-17T13:11:15","date_gmt":"2025-11-17T11:11:15","guid":{"rendered":"https:\/\/mundimueble.com\/?post_type=product&#038;p=16012"},"modified":"2025-11-17T13:12:08","modified_gmt":"2025-11-17T11:12:08","slug":"base-tapizada-deco","status":"publish","type":"product","link":"https:\/\/mundimueble.com\/index.php\/producto\/base-tapizada-deco\/","title":{"rendered":"Base Tapizada Deco"},"content":{"rendered":"<div class=\"fl-row fl-row-full-width fl-row-bg-photo fl-node-5c077923961af fl-row-custom-height fl-row-align-center fl-row-bg-overlay\" data-node=\"5c077923961af\">\n<div class=\"fl-row-content-wrap\">\n<div class=\"fl-row-content fl-row-fixed-width fl-node-content\">\n<div class=\"fl-col-group fl-node-5c077923961ab\" data-node=\"5c077923961ab\">\n<div class=\"fl-col fl-node-5c077923961ad fl-col-bg-color fl-col-has-cols\" data-node=\"5c077923961ad\">\n<div class=\"fl-col-content fl-node-content\">\n<div class=\"fl-col-group fl-node-6076f4b85b763 fl-col-group-nested\" data-node=\"6076f4b85b763\">\n<div class=\"fl-col fl-node-6076f4b85b7ee fl-col-bg-color\" data-node=\"6076f4b85b7ee\">\n<div class=\"fl-col-content fl-node-content\">\n<div class=\"fl-module fl-module-rich-text fl-node-6076f4be4403d\" data-node=\"6076f4be4403d\">\n<div class=\"fl-module-content fl-node-content\">\n<div class=\"fl-rich-text\">\n<section id=\"eluid5e2540cc\" class=\"zn_section eluid5e2540cc section-sidemargins section--no \">\n<div class=\"zn_section_size container zn-section-height--auto zn-section-content_algn--top \">\n<div class=\"row \">\n<div id=\"eluidf2649b28\" class=\"eluidf2649b28 col-md-12 col-sm-12 znColumnElement\">\n<div class=\"znColumnElement-innerWrapper-eluidf2649b28 znColumnElement-innerWrapper znColumnElement-innerWrapper--valign-top znColumnElement-innerWrapper--halign-left \">\n<div class=\"znColumnElement-innerContent\">\n<div class=\"zn_text_box eluid10c9e51b zn_text_box-light element-scheme--light\">\n<section id=\"eluid5e2540cc\" class=\"zn_section eluid5e2540cc section-sidemargins section--no \">\n<div class=\"zn_section_size container zn-section-height--auto zn-section-content_algn--top \">\n<div class=\"row \">\n<div id=\"eluidf2649b28\" class=\"eluidf2649b28 col-md-12 col-sm-12 znColumnElement\">\n<div class=\"znColumnElement-innerWrapper-eluidf2649b28 znColumnElement-innerWrapper znColumnElement-innerWrapper--valign-top znColumnElement-innerWrapper--halign-left \">\n<div class=\"znColumnElement-innerContent\">\n<div class=\"zn_text_box eluid10c9e51b zn_text_box-light element-scheme--light\">\n<section id=\"eluid7a5bb391\" class=\"zn_section eluid7a5bb391 section-sidemargins section--no \">\n<div class=\"zn_section_size container zn-section-height--auto zn-section-content_algn--top \">\n<div class=\"row \">\n<div id=\"eluidc05e076a\" class=\"eluidc05e076a col-md-12 col-sm-12 znColumnElement\">\n<div class=\"znColumnElement-innerWrapper-eluidc05e076a znColumnElement-innerWrapper znColumnElement-innerWrapper--valign-top znColumnElement-innerWrapper--halign-left \">\n<div class=\"znColumnElement-innerContent\">\n<div class=\"zn_text_box eluid7efdd411 zn_text_box-light element-scheme--light\">\n<div class=\"zn_text_box eluid69db54c4 zn_text_box-light element-scheme--light\">\n<section id=\"eluid5e2540cc\" class=\"zn_section eluid5e2540cc section-sidemargins section--no \">\n<div class=\"zn_section_size container zn-section-height--auto zn-section-content_algn--top \">\n<div class=\"row \">\n<div id=\"eluidf2649b28\" class=\"eluidf2649b28 col-md-12 col-sm-12 znColumnElement\">\n<div class=\"znColumnElement-innerWrapper-eluidf2649b28 znColumnElement-innerWrapper znColumnElement-innerWrapper--valign-top znColumnElement-innerWrapper--halign-left \">\n<div class=\"znColumnElement-innerContent\">\n<div class=\"zn_text_box eluid10c9e51b zn_text_box-light element-scheme--light\">\n<section id=\"eluid5e2540cc\" class=\"zn_section eluid5e2540cc section-sidemargins section--no \">\n<div class=\"zn_section_size container zn-section-height--auto zn-section-content_algn--top \">\n<div class=\"row \">\n<div id=\"eluidf2649b28\" class=\"eluidf2649b28 col-md-12 col-sm-12 znColumnElement\">\n<div class=\"znColumnElement-innerWrapper-eluidf2649b28 znColumnElement-innerWrapper znColumnElement-innerWrapper--valign-top znColumnElement-innerWrapper--halign-left \">\n<div class=\"znColumnElement-innerContent\">\n<div class=\"zn_text_box eluid10c9e51b zn_text_box-light element-scheme--light\">\n<section id=\"eluid7a5bb391\" class=\"zn_section eluid7a5bb391 section-sidemargins section--no \">\n<div class=\"zn_section_size container zn-section-height--auto zn-section-content_algn--top \">\n<div class=\"row \">\n<div id=\"eluidc05e076a\" class=\"eluidc05e076a col-md-12 col-sm-12 znColumnElement\">\n<div class=\"znColumnElement-innerWrapper-eluidc05e076a znColumnElement-innerWrapper znColumnElement-innerWrapper--valign-top znColumnElement-innerWrapper--halign-left \">\n<div class=\"znColumnElement-innerContent\">\n<div class=\"zn_text_box eluid7efdd411 zn_text_box-light element-scheme--light\">\n<div class=\"zn_text_box eluid69db54c4 zn_text_box-light element-scheme--light\">\n<section id=\"eluid2189ac04\" class=\"zn_section eluid2189ac04 section-sidemargins section--no \">\n<div class=\"zn_section_size container zn-section-height--auto zn-section-content_algn--top \">\n<div class=\"row \">\n<div id=\"eluidbb9f8aca\" class=\"eluidbb9f8aca col-md-12 col-sm-12 znColumnElement\">\n<div class=\"znColumnElement-innerWrapper-eluidbb9f8aca znColumnElement-innerWrapper znColumnElement-innerWrapper--valign-top znColumnElement-innerWrapper--halign-left \">\n<div class=\"znColumnElement-innerContent\">\n<div class=\"zn_text_box eluid2abb36c7 zn_text_box-light element-scheme--light\">\n<p>La Base Tapizada Deco\u00a0 es una estructura que aporta un apoyo firme y seguro al colch\u00f3n con tapicer\u00eda exclusiva. Elige el acabado que m\u00e1s te guste<\/p>\n<\/div>\n<\/div>\n<\/div>\n<\/div>\n<\/div>\n<\/div>\n<\/section>\n<\/div>\n<\/div>\n<\/div>\n<\/div>\n<\/div>\n<\/div>\n<\/div>\n<\/section>\n<\/div>\n<\/div>\n<\/div>\n<\/div>\n<\/div>\n<\/div>\n<\/section>\n<\/div>\n<\/div>\n<\/div>\n<\/div>\n<\/div>\n<\/div>\n<\/section>\n<\/div>\n<\/div>\n<\/div>\n<\/div>\n<\/div>\n<\/div>\n<\/div>\n<\/section>\n<section id=\"eluide1fd5326\" class=\"zn_section eluide1fd5326 section-sidemargins section--no \">\n<div class=\"zn_section_size container zn-section-height--auto zn-section-content_algn--top \">\n<div class=\"row \">\n<div id=\"eluid02c00a44\" class=\"eluid02c00a44 col-md-12 col-sm-12 znColumnElement\">\n<div class=\"znColumnElement-innerWrapper-eluid02c00a44 znColumnElement-innerWrapper znColumnElement-innerWrapper--valign-top znColumnElement-innerWrapper--halign-left \">\n<div class=\"znColumnElement-innerContent\">\n<div class=\"image-boxes imgbox-simple eluid5de9c85a \">\n<div class=\"image-boxes-holder imgboxes-wrapper u-mb-0 \"><\/div>\n<\/div>\n<\/div>\n<\/div>\n<\/div>\n<\/div>\n<\/div>\n<\/section>\n<\/div>\n<\/div>\n<\/div>\n<\/div>\n<\/div>\n<\/div>\n<\/section>\n<\/div>\n<\/div>\n<\/div>\n<\/div>\n<\/div>\n<\/div>\n<\/section>\n<\/div>\n<\/div>\n<\/div>\n<\/div>\n<\/div>\n<\/div>\n<\/div>\n<\/div>\n<\/div>\n<\/div>\n<\/div>\n<\/div>\n<div class=\"fl-row fl-row-full-width fl-row-bg-none fl-node-5c0779af79fe8 fl-row-default-height fl-row-align-center\" data-node=\"5c0779af79fe8\">\n<div class=\"fl-row-content-wrap\">\n<div class=\"fl-row-content fl-row-fixed-width fl-node-content\">\n<div class=\"fl-col-group fl-node-5c077bac62bcc\" data-node=\"5c077bac62bcc\">\n<div class=\"fl-col fl-node-5c077bac62ca5 fl-col-bg-color fl-col-has-cols\" data-node=\"5c077bac62ca5\">\n<div class=\"fl-col-content fl-node-content\">\n<div class=\"fl-col-group fl-node-5c077bb001d04 fl-col-group-nested\" data-node=\"5c077bb001d04\">\n<div class=\"fl-col fl-node-5c077bb001dbb fl-col-bg-color\" data-node=\"5c077bb001dbb\">\n<div class=\"fl-col-content fl-node-content\">\n<div class=\"fl-module fl-module-image-icon fl-node-5c077ad8155c4\" data-node=\"5c077ad8155c4\">\n<div class=\"fl-module-content fl-node-content\">\n<div class=\"uabb-module-content uabb-imgicon-wrap\">\n<div class=\"uabb-image uabb-image-crop-simple \">\n<div class=\"uabb-image-content\">\n<div class=\"fl-col fl-node-6078063eea5a8 fl-col-bg-color\" data-node=\"6078063eea5a8\">\n<div class=\"fl-col-content fl-node-content\">\n<div class=\"fl-module fl-module-uabb-heading fl-node-60780bc9bb339\" data-node=\"60780bc9bb339\">\n<div class=\"fl-module-content fl-node-content\">\n<div class=\"uabb-module-content uabb-heading-wrapper uabb-heading-align-center \">\n<h6 class=\"uabb-heading\"><span class=\"uabb-heading-text\">BASE<\/span><\/h6>\n<div class=\"uabb-subheading uabb-text-editor\">\n<ul>\n<li>Base de\u00a0<strong>gran est\u00e9tica exterior<\/strong>. Tejido de tapicer\u00eda y 3D negro transpirable.<\/li>\n<li>La superficie interna es un\u00a0<strong>bastidor de madera<\/strong>\u00a0que act\u00faa de base.<\/li>\n<li><strong>Travesa\u00f1os\u00a0<\/strong>de refuerzo.<\/li>\n<li>Base preparada para 6 patas de m\u00e9trica 8 de todas las medidas<\/li>\n<li>Relleno con guata de alta calidad<\/li>\n<\/ul>\n<\/div>\n<\/div>\n<\/div>\n<\/div>\n<div class=\"fl-module fl-module-uabb-heading fl-node-607d31fbc1514\" data-node=\"607d31fbc1514\">\n<div class=\"fl-module-content fl-node-content\">\n<div class=\"uabb-module-content uabb-heading-wrapper uabb-heading-align-left \">\n<h6 class=\"uabb-heading\"><span class=\"uabb-heading-text\">PATAS<\/span><\/h6>\n<div class=\"uabb-subheading uabb-text-editor\">\n<div class=\"zn_text_box eluiddaaed4b8 zn_text_box-light element-scheme--light\">\n<p>Disponibles en:<\/p>\n<ul>\n<li><strong>Pata canap\u00e9 Inox:<\/strong>\u00a0pata redonda met\u00e1lica cromada de 14 cm.<\/li>\n<li><strong>Pata canap\u00e9 Copa:<\/strong>\u00a0pata de madera con forma de copa de 16 cm. Acabada en color natural, blanco y marr\u00f3n<\/li>\n<\/ul>\n<\/div>\n<\/div>\n<\/div>\n<\/div>\n<\/div>\n<div class=\"fl-module fl-module-info-box fl-node-607d314a95295\" data-node=\"607d314a95295\">\n<div class=\"fl-module-content fl-node-content\">\n<div class=\"uabb-module-content uabb-infobox infobox-left infobox-has-photo infobox-photo-below-title \">\n<div class=\"uabb-infobox-left-right-wrap\">\n<div class=\"uabb-infobox-content\">\n<div class=\"uabb-infobox-title-wrap\"><\/div>\n<div class=\"uabb-module-content uabb-imgicon-wrap\">\n<div class=\"uabb-image uabb-image-crop-simple \">\n<div class=\"uabb-image-content\"><img decoding=\"async\" class=\"uabb-photo-img wp-image-14042 entered lazyloaded\" title=\"patas-canapes\" src=\"https:\/\/relax.es\/wp-content\/uploads\/2021\/04\/patas-canapes.jpg\" alt=\"Patas canap\u00e9\" width=\"137\" height=\"69\" data-lazy-src=\"https:\/\/relax.es\/wp-content\/uploads\/2021\/04\/patas-canapes.jpg\" data-ll-status=\"loaded\" \/><\/div>\n<\/div>\n<\/div>\n<\/div>\n<\/div>\n<\/div>\n<\/div>\n<\/div>\n<div class=\"fl-module fl-module-rich-text fl-node-607d370223373\" data-node=\"607d370223373\">\n<div class=\"fl-module-content fl-node-content\">\n<div class=\"fl-rich-text\">\n<p>*No incluidas<\/p>\n<\/div>\n<\/div>\n<\/div>\n<\/div>\n<\/div>\n<div class=\"fl-col fl-node-6078063eea5ac fl-col-bg-color fl-col-small\" data-node=\"6078063eea5ac\">\n<div class=\"fl-col-content fl-node-content\">\n<div class=\"fl-module fl-module-uabb-heading fl-node-607952b07bccf\" data-node=\"607952b07bccf\">\n<div class=\"fl-module-content fl-node-content\">\n<div class=\"uabb-module-content uabb-heading-wrapper uabb-heading-align-center \">\n<div class=\"uabb-subheading uabb-text-editor\">\n<ul>\n<li><strong>NOVEDAD<\/strong>: est\u00e1 premarcado para colocaci\u00f3n de gu\u00eda y anclaje al cabecero.\n<div class=\"kl-title-block clearfix tbk--text- tbk--left text-left tbk-symbol-- tbk-icon-pos--after-title eluid4c2dec1c \"><\/div>\n<\/li>\n<\/ul>\n<\/div>\n<\/div>\n<\/div>\n<\/div>\n<div class=\"fl-module fl-module-uabb-heading fl-node-607d31b89515a\" data-node=\"607d31b89515a\">\n<div class=\"fl-module-content fl-node-content\">\n<div class=\"uabb-module-content uabb-heading-wrapper uabb-heading-align-center \">\n<h6 class=\"uabb-heading\"><span class=\"uabb-heading-text\">ALTURA<\/span><\/h6>\n<div class=\"uabb-subheading uabb-text-editor\">\n<ul>\n<li>\n<div class=\"zn_text_box eluid3392a15e zn_text_box-light element-scheme--light\">\n<p><strong>Bastidor del canap\u00e9 sin patas<\/strong>: 15 cm (+\/- 1 cm).<\/p>\n<\/div>\n<\/li>\n<\/ul>\n<\/div>\n<\/div>\n<\/div>\n<\/div>\n<div class=\"fl-module fl-module-info-box fl-node-607d36e462e5a\" data-node=\"607d36e462e5a\">\n<div class=\"fl-module-content fl-node-content\">\n<div class=\"uabb-module-content uabb-infobox infobox-left infobox-has-photo infobox-photo-below-title \">\n<div class=\"uabb-infobox-left-right-wrap\">\n<div class=\"uabb-infobox-content\">\n<div class=\"uabb-infobox-title-wrap\">\n<p class=\"uabb-infobox-title\">Colores:<\/p>\n<\/div>\n<div class=\"uabb-module-content uabb-imgicon-wrap\">\n<div class=\"uabb-image uabb-image-crop-simple \">\n<div class=\"uabb-image-content\"><img fetchpriority=\"high\" decoding=\"async\" class=\"uabb-photo-img wp-image-12954 entered lazyloaded\" title=\"colores-arcon-abatible-deco\" src=\"https:\/\/relax.es\/wp-content\/uploads\/2021\/04\/colores-arcon-abatible-deco.jpg\" alt=\"Colores arc\u00f3n abatible DECO\" width=\"1006\" height=\"81\" data-lazy-srcset=\"https:\/\/relax.es\/wp-content\/uploads\/2021\/04\/colores-arcon-abatible-deco.jpg 1006w, https:\/\/relax.es\/wp-content\/uploads\/2021\/04\/colores-arcon-abatible-deco-600x48.jpg 600w, https:\/\/relax.es\/wp-content\/uploads\/2021\/04\/colores-arcon-abatible-deco-300x24.jpg 300w, https:\/\/relax.es\/wp-content\/uploads\/2021\/04\/colores-arcon-abatible-deco-768x62.jpg 768w\" data-lazy-sizes=\"(max-width: 1006px) 100vw, 1006px\" data-lazy-src=\"https:\/\/relax.es\/wp-content\/uploads\/2021\/04\/colores-arcon-abatible-deco.jpg\" data-ll-status=\"loaded\" \/><\/div>\n<\/div>\n<\/div>\n<\/div>\n<\/div>\n<\/div>\n<\/div>\n<\/div>\n<div class=\"fl-module fl-module-uabb-separator fl-node-6078135f3ae20\" data-node=\"6078135f3ae20\">\n<div class=\"fl-module-content fl-node-content\"><\/div>\n<\/div>\n<\/div>\n<\/div>\n<\/div>\n<\/div>\n<\/div>\n<\/div>\n<\/div>\n<\/div>\n<\/div>\n<\/div>\n<\/div>\n<\/div>\n<\/div>\n<\/div>\n<\/div>\n<\/div>\n","protected":false},"excerpt":{"rendered":"<p>La Base Tapizada Deco\u00a0 es una estructura que aporta un apoyo firme y seguro al colch\u00f3n con tapicer\u00eda exclusiva. Elige el acabado que m\u00e1s te guste BASE Base de\u00a0gran est\u00e9tica exterior. Tejido de tapicer\u00eda y 3D negro transpirable. La superficie interna es un\u00a0bastidor de madera\u00a0que act\u00faa de base. Travesa\u00f1os\u00a0de refuerzo. Base preparada para 6 patas [&hellip;]<\/p>\n","protected":false},"featured_media":16014,"template":"","meta":[],"product_brand":[299],"product_cat":[200],"product_tag":[377],"class_list":{"0":"post-16012","1":"product","2":"type-product","3":"status-publish","4":"has-post-thumbnail","6":"product_brand-colchones-relax","7":"product_cat-somiers-y-bases-tapizadas","8":"product_tag-base-tapizada","10":"entry","11":"has-media","13":"first","14":"instock","15":"taxable","16":"shipping-taxable","17":"product-type-simple","18":"has-product-nav","19":"col","20":"span_1_of_3","21":"owp-content-center","22":"owp-thumbs-layout-horizontal","23":"owp-btn-normal","24":"owp-tabs-layout-horizontal","25":"has-no-thumbnails"},"_links":{"self":[{"href":"https:\/\/mundimueble.com\/index.php\/wp-json\/wp\/v2\/product\/16012","targetHints":{"allow":["GET"]}}],"collection":[{"href":"https:\/\/mundimueble.com\/index.php\/wp-json\/wp\/v2\/product"}],"about":[{"href":"https:\/\/mundimueble.com\/index.php\/wp-json\/wp\/v2\/types\/product"}],"version-history":[{"count":0,"href":"https:\/\/mundimueble.com\/index.php\/wp-json\/wp\/v2\/product\/16012\/revisions"}],"wp:featuredmedia":[{"embeddable":true,"href":"https:\/\/mundimueble.com\/index.php\/wp-json\/wp\/v2\/media\/16014"}],"wp:attachment":[{"href":"https:\/\/mundimueble.com\/index.php\/wp-json\/wp\/v2\/media?parent=16012"}],"wp:term":[{"taxonomy":"product_brand","embeddable":true,"href":"https:\/\/mundimueble.com\/index.php\/wp-json\/wp\/v2\/product_brand?post=16012"},{"taxonomy":"product_cat","embeddable":true,"href":"https:\/\/mundimueble.com\/index.php\/wp-json\/wp\/v2\/product_cat?post=16012"},{"taxonomy":"product_tag","embeddable":true,"href":"https:\/\/mundimueble.com\/index.php\/wp-json\/wp\/v2\/product_tag?post=16012"}],"curies":[{"name":"wp","href":"https:\/\/api.w.org\/{rel}","templated":true}]}}