{"id":15782,"date":"2025-11-07T14:03:15","date_gmt":"2025-11-07T12:03:15","guid":{"rendered":"https:\/\/mundimueble.com\/?post_type=product&#038;p=15782"},"modified":"2026-05-15T08:53:47","modified_gmt":"2026-05-15T06:53:47","slug":"colchon-relax-chester","status":"publish","type":"product","link":"https:\/\/mundimueble.com\/index.php\/producto\/colchon-relax-chester\/","title":{"rendered":"Colch\u00f3n Relax Chester"},"content":{"rendered":"<p>Confeccionado a mano, el <strong>Colch\u00f3n Relax Chester<\/strong>\u00a0est\u00e1 pensado para ofrecerte lo mejor para tu cuerpo. Materiales naturales e innovadores har\u00e1n que tu descanso sea una delicia. Con la mejor adaptabilidad y transpirabilidad para que consigas un sue\u00f1o reparador.<\/p>\n<p>Proporciona un gran confort, para que disfrutes de dos lechos completamente independientes y ergon\u00f3micos. Cuando despiertes te encontrar\u00e1s mejor, gracias al efecto reparador de sus componentes que liberan la tensi\u00f3n y la carga est\u00e1tica acumulada.<\/p>\n","protected":false},"excerpt":{"rendered":"<p>Confeccionado a mano, el Colch\u00f3n Relax Chester\u00a0est\u00e1 pensado para ofrecerte lo mejor para tu cuerpo. Materiales naturales e innovadores har\u00e1n que tu descanso sea una delicia. Con la mejor adaptabilidad y transpirabilidad para que consigas un sue\u00f1o reparador. Proporciona un gran confort, para que disfrutes de dos lechos completamente independientes y ergon\u00f3micos. Cuando despiertes te [&hellip;]<\/p>\n","protected":false},"featured_media":15877,"template":"","meta":[],"product_brand":[299],"product_cat":[198],"product_tag":[293],"class_list":{"0":"post-15782","1":"product","2":"type-product","3":"status-publish","4":"has-post-thumbnail","6":"product_brand-colchones-relax","7":"product_cat-colchones","8":"product_tag-colchon","10":"entry","11":"has-media","13":"first","14":"instock","15":"sale","16":"featured","17":"taxable","18":"shipping-taxable","19":"purchasable","20":"product-type-variable","21":"has-product-nav","22":"col","23":"span_1_of_3","24":"owp-content-center","25":"owp-thumbs-layout-horizontal","26":"owp-btn-normal","27":"owp-tabs-layout-horizontal"},"_links":{"self":[{"href":"https:\/\/mundimueble.com\/index.php\/wp-json\/wp\/v2\/product\/15782","targetHints":{"allow":["GET"]}}],"collection":[{"href":"https:\/\/mundimueble.com\/index.php\/wp-json\/wp\/v2\/product"}],"about":[{"href":"https:\/\/mundimueble.com\/index.php\/wp-json\/wp\/v2\/types\/product"}],"version-history":[{"count":0,"href":"https:\/\/mundimueble.com\/index.php\/wp-json\/wp\/v2\/product\/15782\/revisions"}],"wp:featuredmedia":[{"embeddable":true,"href":"https:\/\/mundimueble.com\/index.php\/wp-json\/wp\/v2\/media\/15877"}],"wp:attachment":[{"href":"https:\/\/mundimueble.com\/index.php\/wp-json\/wp\/v2\/media?parent=15782"}],"wp:term":[{"taxonomy":"product_brand","embeddable":true,"href":"https:\/\/mundimueble.com\/index.php\/wp-json\/wp\/v2\/product_brand?post=15782"},{"taxonomy":"product_cat","embeddable":true,"href":"https:\/\/mundimueble.com\/index.php\/wp-json\/wp\/v2\/product_cat?post=15782"},{"taxonomy":"product_tag","embeddable":true,"href":"https:\/\/mundimueble.com\/index.php\/wp-json\/wp\/v2\/product_tag?post=15782"}],"curies":[{"name":"wp","href":"https:\/\/api.w.org\/{rel}","templated":true}]}}