{"id":15670,"date":"2025-10-15T13:52:16","date_gmt":"2025-10-15T11:52:16","guid":{"rendered":"https:\/\/mundimueble.com\/?post_type=product&#038;p=15670"},"modified":"2025-10-15T13:52:17","modified_gmt":"2025-10-15T11:52:17","slug":"dormitorio-maximo-ii-mx61","status":"publish","type":"product","link":"https:\/\/mundimueble.com\/index.php\/producto\/dormitorio-maximo-ii-mx61\/","title":{"rendered":"Dormitorio M\u00e1ximo II &#8211; MX61"},"content":{"rendered":"<p>Conjunto de dormitorio de matrimonio, parte del cat\u00e1logo M\u00e1ximo II de Franco Furniture. Disponible con c\u00f3moda o sinfonier.<\/p>\n","protected":false},"excerpt":{"rendered":"<p>Conjunto de dormitorio de matrimonio, parte del cat\u00e1logo M\u00e1ximo II de Franco Furniture. Disponible con c\u00f3moda o sinfonier.<\/p>\n","protected":false},"featured_media":15671,"template":"","meta":[],"product_brand":[335],"product_cat":[188,232],"product_tag":[301,305,337],"class_list":{"0":"post-15670","1":"product","2":"type-product","3":"status-publish","4":"has-post-thumbnail","6":"product_brand-franco-furniture","7":"product_cat-dormitorios","8":"product_cat-dormitorio-de-matrimonio","9":"product_tag-dormitorio","10":"product_tag-dormitorio-matrimonio","11":"product_tag-maximo-ii","13":"entry","14":"has-media","16":"first","17":"instock","18":"taxable","19":"shipping-taxable","20":"product-type-simple","21":"has-product-nav","22":"col","23":"span_1_of_3","24":"owp-content-center","25":"owp-thumbs-layout-horizontal","26":"owp-btn-normal","27":"owp-tabs-layout-horizontal"},"_links":{"self":[{"href":"https:\/\/mundimueble.com\/index.php\/wp-json\/wp\/v2\/product\/15670","targetHints":{"allow":["GET"]}}],"collection":[{"href":"https:\/\/mundimueble.com\/index.php\/wp-json\/wp\/v2\/product"}],"about":[{"href":"https:\/\/mundimueble.com\/index.php\/wp-json\/wp\/v2\/types\/product"}],"version-history":[{"count":1,"href":"https:\/\/mundimueble.com\/index.php\/wp-json\/wp\/v2\/product\/15670\/revisions"}],"predecessor-version":[{"id":15683,"href":"https:\/\/mundimueble.com\/index.php\/wp-json\/wp\/v2\/product\/15670\/revisions\/15683"}],"wp:featuredmedia":[{"embeddable":true,"href":"https:\/\/mundimueble.com\/index.php\/wp-json\/wp\/v2\/media\/15671"}],"wp:attachment":[{"href":"https:\/\/mundimueble.com\/index.php\/wp-json\/wp\/v2\/media?parent=15670"}],"wp:term":[{"taxonomy":"product_brand","embeddable":true,"href":"https:\/\/mundimueble.com\/index.php\/wp-json\/wp\/v2\/product_brand?post=15670"},{"taxonomy":"product_cat","embeddable":true,"href":"https:\/\/mundimueble.com\/index.php\/wp-json\/wp\/v2\/product_cat?post=15670"},{"taxonomy":"product_tag","embeddable":true,"href":"https:\/\/mundimueble.com\/index.php\/wp-json\/wp\/v2\/product_tag?post=15670"}],"curies":[{"name":"wp","href":"https:\/\/api.w.org\/{rel}","templated":true}]}}