{"id":15517,"date":"2025-10-08T13:19:39","date_gmt":"2025-10-08T11:19:39","guid":{"rendered":"https:\/\/mundimueble.com\/?post_type=product&#038;p=15517"},"modified":"2025-10-08T13:19:40","modified_gmt":"2025-10-08T11:19:40","slug":"conjunto-de-jardin-cairo","status":"publish","type":"product","link":"https:\/\/mundimueble.com\/index.php\/producto\/conjunto-de-jardin-cairo\/","title":{"rendered":"Conjunto de Jard\u00edn Cairo"},"content":{"rendered":"<p>Set de muebles de Jard\u00edn Cairo, del cat\u00e1logo Majestic Garden, fabricado por Luna S.A.<\/p>\n","protected":false},"excerpt":{"rendered":"<p>Set de muebles de Jard\u00edn Cairo, del cat\u00e1logo Majestic Garden, fabricado por Luna S.A.<\/p>\n","protected":false},"featured_media":15518,"template":"","meta":[],"product_brand":[343],"product_cat":[196,259],"product_tag":[348],"class_list":{"0":"post-15517","1":"product","2":"type-product","3":"status-publish","4":"has-post-thumbnail","6":"product_brand-distribuciones-luna-s-a","7":"product_cat-muebles-de-jardin","8":"product_cat-tumbonas-y-sofas-de-exterior","9":"product_tag-muebles-exterior","11":"entry","12":"has-media","14":"first","15":"instock","16":"taxable","17":"shipping-taxable","18":"product-type-simple","19":"has-product-nav","20":"col","21":"span_1_of_3","22":"owp-content-center","23":"owp-thumbs-layout-horizontal","24":"owp-btn-normal","25":"owp-tabs-layout-horizontal"},"_links":{"self":[{"href":"https:\/\/mundimueble.com\/index.php\/wp-json\/wp\/v2\/product\/15517","targetHints":{"allow":["GET"]}}],"collection":[{"href":"https:\/\/mundimueble.com\/index.php\/wp-json\/wp\/v2\/product"}],"about":[{"href":"https:\/\/mundimueble.com\/index.php\/wp-json\/wp\/v2\/types\/product"}],"version-history":[{"count":1,"href":"https:\/\/mundimueble.com\/index.php\/wp-json\/wp\/v2\/product\/15517\/revisions"}],"predecessor-version":[{"id":15528,"href":"https:\/\/mundimueble.com\/index.php\/wp-json\/wp\/v2\/product\/15517\/revisions\/15528"}],"wp:featuredmedia":[{"embeddable":true,"href":"https:\/\/mundimueble.com\/index.php\/wp-json\/wp\/v2\/media\/15518"}],"wp:attachment":[{"href":"https:\/\/mundimueble.com\/index.php\/wp-json\/wp\/v2\/media?parent=15517"}],"wp:term":[{"taxonomy":"product_brand","embeddable":true,"href":"https:\/\/mundimueble.com\/index.php\/wp-json\/wp\/v2\/product_brand?post=15517"},{"taxonomy":"product_cat","embeddable":true,"href":"https:\/\/mundimueble.com\/index.php\/wp-json\/wp\/v2\/product_cat?post=15517"},{"taxonomy":"product_tag","embeddable":true,"href":"https:\/\/mundimueble.com\/index.php\/wp-json\/wp\/v2\/product_tag?post=15517"}],"curies":[{"name":"wp","href":"https:\/\/api.w.org\/{rel}","templated":true}]}}