{"id":15429,"date":"2025-10-07T13:06:58","date_gmt":"2025-10-07T11:06:58","guid":{"rendered":"https:\/\/mundimueble.com\/?post_type=product&#038;p=15429"},"modified":"2025-10-07T13:11:45","modified_gmt":"2025-10-07T11:11:45","slug":"salon-catalogo-zen-1","status":"publish","type":"product","link":"https:\/\/mundimueble.com\/index.php\/producto\/salon-catalogo-zen-1\/","title":{"rendered":"Sal\u00f3n cat\u00e1logo Zen &#8211; 1"},"content":{"rendered":"<p>Sal\u00f3n del cat\u00e1logo Zen, dise\u00f1ado y fabricado por Montes Design.<\/p>\n","protected":false},"excerpt":{"rendered":"<p>Sal\u00f3n del cat\u00e1logo Zen, dise\u00f1ado y fabricado por Montes Design.<\/p>\n","protected":false},"featured_media":15430,"template":"","meta":[],"product_brand":[347],"product_cat":[303],"product_tag":[304],"class_list":{"0":"post-15429","1":"product","2":"type-product","3":"status-publish","4":"has-post-thumbnail","6":"product_brand-montes-design","7":"product_cat-conjuntos-de-salon-comedor","8":"product_tag-salon","10":"entry","11":"has-media","13":"first","14":"instock","15":"taxable","16":"shipping-taxable","17":"product-type-simple","18":"has-product-nav","19":"col","20":"span_1_of_3","21":"owp-content-center","22":"owp-thumbs-layout-horizontal","23":"owp-btn-normal","24":"owp-tabs-layout-horizontal"},"_links":{"self":[{"href":"https:\/\/mundimueble.com\/index.php\/wp-json\/wp\/v2\/product\/15429","targetHints":{"allow":["GET"]}}],"collection":[{"href":"https:\/\/mundimueble.com\/index.php\/wp-json\/wp\/v2\/product"}],"about":[{"href":"https:\/\/mundimueble.com\/index.php\/wp-json\/wp\/v2\/types\/product"}],"version-history":[{"count":0,"href":"https:\/\/mundimueble.com\/index.php\/wp-json\/wp\/v2\/product\/15429\/revisions"}],"wp:featuredmedia":[{"embeddable":true,"href":"https:\/\/mundimueble.com\/index.php\/wp-json\/wp\/v2\/media\/15430"}],"wp:attachment":[{"href":"https:\/\/mundimueble.com\/index.php\/wp-json\/wp\/v2\/media?parent=15429"}],"wp:term":[{"taxonomy":"product_brand","embeddable":true,"href":"https:\/\/mundimueble.com\/index.php\/wp-json\/wp\/v2\/product_brand?post=15429"},{"taxonomy":"product_cat","embeddable":true,"href":"https:\/\/mundimueble.com\/index.php\/wp-json\/wp\/v2\/product_cat?post=15429"},{"taxonomy":"product_tag","embeddable":true,"href":"https:\/\/mundimueble.com\/index.php\/wp-json\/wp\/v2\/product_tag?post=15429"}],"curies":[{"name":"wp","href":"https:\/\/api.w.org\/{rel}","templated":true}]}}