{"id":15376,"date":"2025-10-06T13:57:35","date_gmt":"2025-10-06T11:57:35","guid":{"rendered":"https:\/\/mundimueble.com\/?post_type=product&#038;p=15376"},"modified":"2025-10-28T13:19:45","modified_gmt":"2025-10-28T11:19:45","slug":"salon-comedor-maximo-ii-mx02","status":"publish","type":"product","link":"https:\/\/mundimueble.com\/index.php\/producto\/salon-comedor-maximo-ii-mx02\/","title":{"rendered":"Sal\u00f3n Comedor M\u00e1ximo II &#8211; MX03"},"content":{"rendered":"<p>Sal\u00f3n comedor del cat\u00e1logo M\u00e1ximo II, fabricado por Franco Furnitures.<\/p>\n","protected":false},"excerpt":{"rendered":"<p>Sal\u00f3n comedor del cat\u00e1logo M\u00e1ximo II, fabricado por Franco Furnitures.<\/p>\n","protected":false},"featured_media":15377,"template":"","meta":[],"product_brand":[335],"product_cat":[303],"product_tag":[241,304,352],"class_list":{"0":"post-15376","1":"product","2":"type-product","3":"status-publish","4":"has-post-thumbnail","6":"product_brand-franco-furniture","7":"product_cat-conjuntos-de-salon-comedor","8":"product_tag-comedor","9":"product_tag-salon","10":"product_tag-salon-comedor","12":"entry","13":"has-media","15":"first","16":"instock","17":"taxable","18":"shipping-taxable","19":"product-type-simple","20":"has-product-nav","21":"col","22":"span_1_of_3","23":"owp-content-center","24":"owp-thumbs-layout-horizontal","25":"owp-btn-normal","26":"owp-tabs-layout-horizontal"},"_links":{"self":[{"href":"https:\/\/mundimueble.com\/index.php\/wp-json\/wp\/v2\/product\/15376","targetHints":{"allow":["GET"]}}],"collection":[{"href":"https:\/\/mundimueble.com\/index.php\/wp-json\/wp\/v2\/product"}],"about":[{"href":"https:\/\/mundimueble.com\/index.php\/wp-json\/wp\/v2\/types\/product"}],"version-history":[{"count":0,"href":"https:\/\/mundimueble.com\/index.php\/wp-json\/wp\/v2\/product\/15376\/revisions"}],"wp:featuredmedia":[{"embeddable":true,"href":"https:\/\/mundimueble.com\/index.php\/wp-json\/wp\/v2\/media\/15377"}],"wp:attachment":[{"href":"https:\/\/mundimueble.com\/index.php\/wp-json\/wp\/v2\/media?parent=15376"}],"wp:term":[{"taxonomy":"product_brand","embeddable":true,"href":"https:\/\/mundimueble.com\/index.php\/wp-json\/wp\/v2\/product_brand?post=15376"},{"taxonomy":"product_cat","embeddable":true,"href":"https:\/\/mundimueble.com\/index.php\/wp-json\/wp\/v2\/product_cat?post=15376"},{"taxonomy":"product_tag","embeddable":true,"href":"https:\/\/mundimueble.com\/index.php\/wp-json\/wp\/v2\/product_tag?post=15376"}],"curies":[{"name":"wp","href":"https:\/\/api.w.org\/{rel}","templated":true}]}}