{"id":15361,"date":"2025-10-06T12:39:00","date_gmt":"2025-10-06T10:39:00","guid":{"rendered":"https:\/\/mundimueble.com\/?post_type=product&#038;p=15361"},"modified":"2025-10-28T13:19:53","modified_gmt":"2025-10-28T11:19:53","slug":"salon-comedor-maximo-ii-mx01","status":"publish","type":"product","link":"https:\/\/mundimueble.com\/index.php\/producto\/salon-comedor-maximo-ii-mx01\/","title":{"rendered":"Sal\u00f3n Comedor M\u00e1ximo II &#8211; MX01"},"content":{"rendered":"<div class=\"woocommerce-tabs wc-tabs-wrapper\">\n<div id=\"tab-description\" class=\"woocommerce-Tabs-panel woocommerce-Tabs-panel--description panel entry-content wc-tab\" role=\"tabpanel\" aria-labelledby=\"tab-title-description\">\n<p>Sal\u00f3n comedor del cat\u00e1logo M\u00e1ximo II, fabricado por Franco Furniture.<\/p>\n<\/div>\n<\/div>\n","protected":false},"excerpt":{"rendered":"<p>Sal\u00f3n comedor del cat\u00e1logo M\u00e1ximo II, fabricado por Franco Furniture.<\/p>\n","protected":false},"featured_media":15364,"template":"","meta":[],"product_brand":[335],"product_cat":[303],"product_tag":[241,304,352],"class_list":{"0":"post-15361","1":"product","2":"type-product","3":"status-publish","4":"has-post-thumbnail","6":"product_brand-franco-furniture","7":"product_cat-conjuntos-de-salon-comedor","8":"product_tag-comedor","9":"product_tag-salon","10":"product_tag-salon-comedor","12":"entry","13":"has-media","15":"first","16":"instock","17":"taxable","18":"shipping-taxable","19":"product-type-simple","20":"has-product-nav","21":"col","22":"span_1_of_3","23":"owp-content-center","24":"owp-thumbs-layout-horizontal","25":"owp-btn-normal","26":"owp-tabs-layout-horizontal"},"_links":{"self":[{"href":"https:\/\/mundimueble.com\/index.php\/wp-json\/wp\/v2\/product\/15361","targetHints":{"allow":["GET"]}}],"collection":[{"href":"https:\/\/mundimueble.com\/index.php\/wp-json\/wp\/v2\/product"}],"about":[{"href":"https:\/\/mundimueble.com\/index.php\/wp-json\/wp\/v2\/types\/product"}],"version-history":[{"count":0,"href":"https:\/\/mundimueble.com\/index.php\/wp-json\/wp\/v2\/product\/15361\/revisions"}],"wp:featuredmedia":[{"embeddable":true,"href":"https:\/\/mundimueble.com\/index.php\/wp-json\/wp\/v2\/media\/15364"}],"wp:attachment":[{"href":"https:\/\/mundimueble.com\/index.php\/wp-json\/wp\/v2\/media?parent=15361"}],"wp:term":[{"taxonomy":"product_brand","embeddable":true,"href":"https:\/\/mundimueble.com\/index.php\/wp-json\/wp\/v2\/product_brand?post=15361"},{"taxonomy":"product_cat","embeddable":true,"href":"https:\/\/mundimueble.com\/index.php\/wp-json\/wp\/v2\/product_cat?post=15361"},{"taxonomy":"product_tag","embeddable":true,"href":"https:\/\/mundimueble.com\/index.php\/wp-json\/wp\/v2\/product_tag?post=15361"}],"curies":[{"name":"wp","href":"https:\/\/api.w.org\/{rel}","templated":true}]}}