{"id":15267,"date":"2025-09-10T11:38:37","date_gmt":"2025-09-10T09:38:37","guid":{"rendered":"https:\/\/mundimueble.com\/?post_type=product&#038;p=15267"},"modified":"2025-09-24T12:57:03","modified_gmt":"2025-09-24T10:57:03","slug":"sofa-relax-estela-cardio","status":"publish","type":"product","link":"https:\/\/mundimueble.com\/index.php\/producto\/sofa-relax-estela-cardio\/","title":{"rendered":"Sof\u00e1 Relax Estela Cardio"},"content":{"rendered":"<p>Estela Cardio es el sof\u00e1 c\u00f3modo por excelencia.\u00a0<strong>Este sof\u00e1 de alta tecnolog\u00eda es innovador por su sistema relax de doble motor, que acciona por un lado el mecanismo que eleva las piernas por encima del coraz\u00f3n facilitando la circulaci\u00f3n sangu\u00ednea y por otro lado el mecanismo que mueve el cabezal (tanto en altura como en inclinaci\u00f3n) a la posici\u00f3n deseada.<\/strong><\/p>\n<p>Al ser cardiosaludable suaviza la presi\u00f3n arterial\u00a0y nos ayuda a combatir el estr\u00e9s. Esta posici\u00f3n facilita la relajaci\u00f3n de los m\u00fasculos lumbares, alivia el cansancio e hinchaz\u00f3n de pies y piernas, y la tensi\u00f3n acumulada en las articulaciones.<\/p>\n<p>Est\u00e1 dise\u00f1ado con materiales de alta calidad. Sus asientos de alta resistencia y densidad, est\u00e1n fabricados con goma HR45 HIPERFLEX 45 kg\/m3 supertranspirable, que le proporciona una perfecta firmeza, sujeci\u00f3n, resistencia y flexibilidad. Es un sof\u00e1 totalmente ergon\u00f3mico y se adapta a las diferentes estructuras morfol\u00f3gicas.<\/p>\n","protected":false},"excerpt":{"rendered":"<p>Estela Cardio es el sof\u00e1 c\u00f3modo por excelencia.\u00a0Este sof\u00e1 de alta tecnolog\u00eda es innovador por su sistema relax de doble motor, que acciona por un lado el mecanismo que eleva las piernas por encima del coraz\u00f3n facilitando la circulaci\u00f3n sangu\u00ednea y por otro lado el mecanismo que mueve el cabezal (tanto en altura como en [&hellip;]<\/p>\n","protected":false},"featured_media":15272,"template":"","meta":[],"product_brand":[320],"product_cat":[204,195],"product_tag":[322,297],"class_list":{"0":"post-15267","1":"product","2":"type-product","3":"status-publish","4":"has-post-thumbnail","6":"product_brand-mayor-tapizados","7":"product_cat-sofas-y-chaiselongues","8":"product_cat-sofas-y-sillones","9":"product_tag-chaise-longue","10":"product_tag-sofa","12":"entry","13":"has-media","15":"first","16":"instock","17":"taxable","18":"shipping-taxable","19":"product-type-simple","20":"has-product-nav","21":"col","22":"span_1_of_3","23":"owp-content-center","24":"owp-thumbs-layout-horizontal","25":"owp-btn-normal","26":"owp-tabs-layout-horizontal"},"_links":{"self":[{"href":"https:\/\/mundimueble.com\/index.php\/wp-json\/wp\/v2\/product\/15267","targetHints":{"allow":["GET"]}}],"collection":[{"href":"https:\/\/mundimueble.com\/index.php\/wp-json\/wp\/v2\/product"}],"about":[{"href":"https:\/\/mundimueble.com\/index.php\/wp-json\/wp\/v2\/types\/product"}],"version-history":[{"count":0,"href":"https:\/\/mundimueble.com\/index.php\/wp-json\/wp\/v2\/product\/15267\/revisions"}],"wp:featuredmedia":[{"embeddable":true,"href":"https:\/\/mundimueble.com\/index.php\/wp-json\/wp\/v2\/media\/15272"}],"wp:attachment":[{"href":"https:\/\/mundimueble.com\/index.php\/wp-json\/wp\/v2\/media?parent=15267"}],"wp:term":[{"taxonomy":"product_brand","embeddable":true,"href":"https:\/\/mundimueble.com\/index.php\/wp-json\/wp\/v2\/product_brand?post=15267"},{"taxonomy":"product_cat","embeddable":true,"href":"https:\/\/mundimueble.com\/index.php\/wp-json\/wp\/v2\/product_cat?post=15267"},{"taxonomy":"product_tag","embeddable":true,"href":"https:\/\/mundimueble.com\/index.php\/wp-json\/wp\/v2\/product_tag?post=15267"}],"curies":[{"name":"wp","href":"https:\/\/api.w.org\/{rel}","templated":true}]}}