{"id":15260,"date":"2025-09-10T11:31:24","date_gmt":"2025-09-10T09:31:24","guid":{"rendered":"https:\/\/mundimueble.com\/?post_type=product&#038;p=15260"},"modified":"2025-09-24T12:57:04","modified_gmt":"2025-09-24T10:57:04","slug":"sofa-relax-magnum","status":"publish","type":"product","link":"https:\/\/mundimueble.com\/index.php\/producto\/sofa-relax-magnum\/","title":{"rendered":"Sof\u00e1 Relax Magnum"},"content":{"rendered":"<p>El Sof\u00e1 Magnum es un sof\u00e1 deslizante de estilo contempor\u00e1neo, sencillo y pr\u00e1ctico. Se trata de un modelo vers\u00e1til utilizable como sof\u00e1-cama gracias a sus asientos deslizantes. Expandi\u00e9ndose f\u00e1cilmente gracias a su sistema de ruedas al suelo, consiguen formar una cama \u00fatil de 96 cm. de ancho por 200 cm. de largo. Tambi\u00e9n puede combinarse con otros m\u00f3dulos deslizantes, para hacer de tu sal\u00f3n una estancia original y \u00fanica<\/p>\n<p>El Sof\u00e1 Magnum ahora est\u00e1 disponible con la opci\u00f3n de sof\u00e1-cama, transform\u00e1ndose f\u00e1cilmente en una c\u00f3moda cama gracias a su sofisticado sistema italiano. Este mecanismo permite desplegar el sof\u00e1 sin esfuerzo, ofreciendo un colch\u00f3n extra confort de alta resiliencia HR de 35 kg y 15 cm de grosor. Est\u00e1 disponible en anchos de 140 o 160 cm, garantizando un descanso placentero y adaptado a diferentes necesidades de espacio y confort.<\/p>\n<p>Al\u00a0estar fabricado con los mejores materiales, es altamente resistente para durar muchos a\u00f1os, sin perder facultades. Se fabrica con brazos de 24 cm. con ba\u00fal integrado, soluci\u00f3n que permite guardar esos peque\u00f1os objetos que necesitamos tener a mano. Dispone de cabezales reclinables que pueden llegar a abatirse hasta 105\u00b0 sin requerir de espacio extra detr\u00e1s. Otras de las caracter\u00edsticas de este modelo son sus altos respaldos de suave espuma de poliuretano de 25 kg. y su sentada s\u00faper suave con 5 cm. de viscoel\u00e1stica. Adem\u00e1s los asientos y respaldos son desenfundables para favorecer la limpieza del sof\u00e1 Magnum.<\/p>\n","protected":false},"excerpt":{"rendered":"<p>El Sof\u00e1 Magnum es un sof\u00e1 deslizante de estilo contempor\u00e1neo, sencillo y pr\u00e1ctico. Se trata de un modelo vers\u00e1til utilizable como sof\u00e1-cama gracias a sus asientos deslizantes. Expandi\u00e9ndose f\u00e1cilmente gracias a su sistema de ruedas al suelo, consiguen formar una cama \u00fatil de 96 cm. de ancho por 200 cm. de largo. Tambi\u00e9n puede combinarse [&hellip;]<\/p>\n","protected":false},"featured_media":15266,"template":"","meta":[],"product_brand":[320],"product_cat":[204,195],"product_tag":[322,297,321],"class_list":{"0":"post-15260","1":"product","2":"type-product","3":"status-publish","4":"has-post-thumbnail","6":"product_brand-mayor-tapizados","7":"product_cat-sofas-y-chaiselongues","8":"product_cat-sofas-y-sillones","9":"product_tag-chaise-longue","10":"product_tag-sofa","11":"product_tag-sofa-cama","13":"entry","14":"has-media","16":"first","17":"instock","18":"taxable","19":"shipping-taxable","20":"product-type-simple","21":"has-product-nav","22":"col","23":"span_1_of_3","24":"owp-content-center","25":"owp-thumbs-layout-horizontal","26":"owp-btn-normal","27":"owp-tabs-layout-horizontal"},"_links":{"self":[{"href":"https:\/\/mundimueble.com\/index.php\/wp-json\/wp\/v2\/product\/15260","targetHints":{"allow":["GET"]}}],"collection":[{"href":"https:\/\/mundimueble.com\/index.php\/wp-json\/wp\/v2\/product"}],"about":[{"href":"https:\/\/mundimueble.com\/index.php\/wp-json\/wp\/v2\/types\/product"}],"version-history":[{"count":0,"href":"https:\/\/mundimueble.com\/index.php\/wp-json\/wp\/v2\/product\/15260\/revisions"}],"wp:featuredmedia":[{"embeddable":true,"href":"https:\/\/mundimueble.com\/index.php\/wp-json\/wp\/v2\/media\/15266"}],"wp:attachment":[{"href":"https:\/\/mundimueble.com\/index.php\/wp-json\/wp\/v2\/media?parent=15260"}],"wp:term":[{"taxonomy":"product_brand","embeddable":true,"href":"https:\/\/mundimueble.com\/index.php\/wp-json\/wp\/v2\/product_brand?post=15260"},{"taxonomy":"product_cat","embeddable":true,"href":"https:\/\/mundimueble.com\/index.php\/wp-json\/wp\/v2\/product_cat?post=15260"},{"taxonomy":"product_tag","embeddable":true,"href":"https:\/\/mundimueble.com\/index.php\/wp-json\/wp\/v2\/product_tag?post=15260"}],"curies":[{"name":"wp","href":"https:\/\/api.w.org\/{rel}","templated":true}]}}