{"id":15208,"date":"2025-09-09T13:24:42","date_gmt":"2025-09-09T11:24:42","guid":{"rendered":"https:\/\/mundimueble.com\/?post_type=product&#038;p=15208"},"modified":"2025-09-09T13:26:31","modified_gmt":"2025-09-09T11:26:31","slug":"mesa-de-centro-cerdena-cc011","status":"publish","type":"product","link":"https:\/\/mundimueble.com\/index.php\/producto\/mesa-de-centro-cerdena-cc011\/","title":{"rendered":"Mesa de Centro Elevable Cerde\u00f1a &#8211; CC011"},"content":{"rendered":"<p>Mesa de Centro de la colecci\u00f3n Cerde\u00f1a, fabricado por el Grupo Seys.<\/p>\n<div class=\"list-container selector\">\n<div class=\"content-wrap\">\n<div class=\"dfd-content-title-small\">Medidas: 115 x 46 x 60 cm.<\/div>\n<\/div>\n<\/div>\n","protected":false},"excerpt":{"rendered":"<p>Mesa de Centro de la colecci\u00f3n Cerde\u00f1a, fabricado por el Grupo Seys. Medidas: 115 x 46 x 60 cm.<\/p>\n","protected":false},"featured_media":15211,"template":"","meta":[],"product_brand":[307],"product_cat":[193],"product_tag":[315,317,318,304],"class_list":{"0":"post-15208","1":"product","2":"type-product","3":"status-publish","4":"has-post-thumbnail","6":"product_brand-grupo-seys","7":"product_cat-mesas-de-centro","8":"product_tag-cerdena","9":"product_tag-mesa","10":"product_tag-mesa-de-centro","11":"product_tag-salon","13":"entry","14":"has-media","16":"first","17":"instock","18":"taxable","19":"shipping-taxable","20":"product-type-simple","21":"has-product-nav","22":"col","23":"span_1_of_3","24":"owp-content-center","25":"owp-thumbs-layout-horizontal","26":"owp-btn-normal","27":"owp-tabs-layout-horizontal"},"_links":{"self":[{"href":"https:\/\/mundimueble.com\/index.php\/wp-json\/wp\/v2\/product\/15208","targetHints":{"allow":["GET"]}}],"collection":[{"href":"https:\/\/mundimueble.com\/index.php\/wp-json\/wp\/v2\/product"}],"about":[{"href":"https:\/\/mundimueble.com\/index.php\/wp-json\/wp\/v2\/types\/product"}],"version-history":[{"count":0,"href":"https:\/\/mundimueble.com\/index.php\/wp-json\/wp\/v2\/product\/15208\/revisions"}],"wp:featuredmedia":[{"embeddable":true,"href":"https:\/\/mundimueble.com\/index.php\/wp-json\/wp\/v2\/media\/15211"}],"wp:attachment":[{"href":"https:\/\/mundimueble.com\/index.php\/wp-json\/wp\/v2\/media?parent=15208"}],"wp:term":[{"taxonomy":"product_brand","embeddable":true,"href":"https:\/\/mundimueble.com\/index.php\/wp-json\/wp\/v2\/product_brand?post=15208"},{"taxonomy":"product_cat","embeddable":true,"href":"https:\/\/mundimueble.com\/index.php\/wp-json\/wp\/v2\/product_cat?post=15208"},{"taxonomy":"product_tag","embeddable":true,"href":"https:\/\/mundimueble.com\/index.php\/wp-json\/wp\/v2\/product_tag?post=15208"}],"curies":[{"name":"wp","href":"https:\/\/api.w.org\/{rel}","templated":true}]}}