{"id":15186,"date":"2025-09-09T12:39:36","date_gmt":"2025-09-09T10:39:36","guid":{"rendered":"https:\/\/mundimueble.com\/?post_type=product&#038;p=15186"},"modified":"2025-10-29T21:04:38","modified_gmt":"2025-10-29T19:04:38","slug":"mueble-de-tv-cerdena","status":"publish","type":"product","link":"https:\/\/mundimueble.com\/index.php\/producto\/mueble-de-tv-cerdena\/","title":{"rendered":"Mueble de TV Cerde\u00f1a"},"content":{"rendered":"<div>Mesa de televisi\u00f3n de la colecci\u00f3n Cerde\u00f1a, del fabricante muebles grupo Seys.<\/div>\n<div><\/div>\n<div>Disponible en 3 medidas:<\/div>\n<ul>\n<li>CC005: Medidas: 171 x 61 x 43 cm.<\/li>\n<li>CC014: Medidas: 190 x 61 x 43 cm.<\/li>\n<li>CC015: Medidas: 231 x 61 x 43 cm.<\/li>\n<\/ul>\n","protected":false},"excerpt":{"rendered":"<p>Mesa de televisi\u00f3n de la colecci\u00f3n Cerde\u00f1a, del fabricante muebles grupo Seys. Disponible en 3 medidas: CC005: Medidas: 171 x 61 x 43 cm. CC014: Medidas: 190 x 61 x 43 cm. CC015: Medidas: 231 x 61 x 43 cm.<\/p>\n","protected":false},"featured_media":15187,"template":"","meta":[],"product_brand":[307],"product_cat":[250],"product_tag":[315,314],"class_list":{"0":"post-15186","1":"product","2":"type-product","3":"status-publish","4":"has-post-thumbnail","6":"product_brand-grupo-seys","7":"product_cat-muebles-tv","8":"product_tag-cerdena","9":"product_tag-muebletv","11":"entry","12":"has-media","14":"first","15":"instock","16":"taxable","17":"shipping-taxable","18":"product-type-simple","19":"has-product-nav","20":"col","21":"span_1_of_3","22":"owp-content-center","23":"owp-thumbs-layout-horizontal","24":"owp-btn-normal","25":"owp-tabs-layout-horizontal"},"_links":{"self":[{"href":"https:\/\/mundimueble.com\/index.php\/wp-json\/wp\/v2\/product\/15186","targetHints":{"allow":["GET"]}}],"collection":[{"href":"https:\/\/mundimueble.com\/index.php\/wp-json\/wp\/v2\/product"}],"about":[{"href":"https:\/\/mundimueble.com\/index.php\/wp-json\/wp\/v2\/types\/product"}],"version-history":[{"count":0,"href":"https:\/\/mundimueble.com\/index.php\/wp-json\/wp\/v2\/product\/15186\/revisions"}],"wp:featuredmedia":[{"embeddable":true,"href":"https:\/\/mundimueble.com\/index.php\/wp-json\/wp\/v2\/media\/15187"}],"wp:attachment":[{"href":"https:\/\/mundimueble.com\/index.php\/wp-json\/wp\/v2\/media?parent=15186"}],"wp:term":[{"taxonomy":"product_brand","embeddable":true,"href":"https:\/\/mundimueble.com\/index.php\/wp-json\/wp\/v2\/product_brand?post=15186"},{"taxonomy":"product_cat","embeddable":true,"href":"https:\/\/mundimueble.com\/index.php\/wp-json\/wp\/v2\/product_cat?post=15186"},{"taxonomy":"product_tag","embeddable":true,"href":"https:\/\/mundimueble.com\/index.php\/wp-json\/wp\/v2\/product_tag?post=15186"}],"curies":[{"name":"wp","href":"https:\/\/api.w.org\/{rel}","templated":true}]}}