{"id":15150,"date":"2025-09-04T13:35:35","date_gmt":"2025-09-04T11:35:35","guid":{"rendered":"https:\/\/mundimueble.com\/?post_type=product&#038;p=15150"},"modified":"2025-09-04T13:42:40","modified_gmt":"2025-09-04T11:42:40","slug":"coleccion-de-salones-kira","status":"publish","type":"product","link":"https:\/\/mundimueble.com\/index.php\/producto\/coleccion-de-salones-kira\/","title":{"rendered":"Colecci\u00f3n de Salones Kira"},"content":{"rendered":"<p>La colecci\u00f3n Kira redefine el concepto de sal\u00f3n contempor\u00e1neo con una propuesta equilibrada entre dise\u00f1o, funcionalidad y calidez. Con l\u00edneas limpias y vol\u00famenes bien proporcionados, Kira apuesta por una est\u00e9tica minimalista que no renuncia al confort ni al car\u00e1cter.<\/p>\n<p><a href=\"https:\/\/www.mueblesazor.com\/_www\/images\/catalogos\/_KIRA_catalogo.pdf\">Cat\u00e1logo Digital<\/a><\/p>\n<p>&nbsp;<\/p>\n","protected":false},"excerpt":{"rendered":"<p>La colecci\u00f3n Kira redefine el concepto de sal\u00f3n contempor\u00e1neo con una propuesta equilibrada entre dise\u00f1o, funcionalidad y calidez. Con l\u00edneas limpias y vol\u00famenes bien proporcionados, Kira apuesta por una est\u00e9tica minimalista que no renuncia al confort ni al car\u00e1cter. Cat\u00e1logo Digital &nbsp;<\/p>\n","protected":false},"featured_media":15158,"template":"","meta":[],"product_brand":[302],"product_cat":[303],"product_tag":[304],"class_list":{"0":"post-15150","1":"product","2":"type-product","3":"status-publish","4":"has-post-thumbnail","6":"product_brand-muebles-azor","7":"product_cat-conjuntos-de-salon-comedor","8":"product_tag-salon","10":"entry","11":"has-media","13":"first","14":"instock","15":"taxable","16":"shipping-taxable","17":"product-type-simple","18":"has-product-nav","19":"col","20":"span_1_of_3","21":"owp-content-center","22":"owp-thumbs-layout-horizontal","23":"owp-btn-normal","24":"owp-tabs-layout-horizontal"},"_links":{"self":[{"href":"https:\/\/mundimueble.com\/index.php\/wp-json\/wp\/v2\/product\/15150","targetHints":{"allow":["GET"]}}],"collection":[{"href":"https:\/\/mundimueble.com\/index.php\/wp-json\/wp\/v2\/product"}],"about":[{"href":"https:\/\/mundimueble.com\/index.php\/wp-json\/wp\/v2\/types\/product"}],"version-history":[{"count":0,"href":"https:\/\/mundimueble.com\/index.php\/wp-json\/wp\/v2\/product\/15150\/revisions"}],"wp:featuredmedia":[{"embeddable":true,"href":"https:\/\/mundimueble.com\/index.php\/wp-json\/wp\/v2\/media\/15158"}],"wp:attachment":[{"href":"https:\/\/mundimueble.com\/index.php\/wp-json\/wp\/v2\/media?parent=15150"}],"wp:term":[{"taxonomy":"product_brand","embeddable":true,"href":"https:\/\/mundimueble.com\/index.php\/wp-json\/wp\/v2\/product_brand?post=15150"},{"taxonomy":"product_cat","embeddable":true,"href":"https:\/\/mundimueble.com\/index.php\/wp-json\/wp\/v2\/product_cat?post=15150"},{"taxonomy":"product_tag","embeddable":true,"href":"https:\/\/mundimueble.com\/index.php\/wp-json\/wp\/v2\/product_tag?post=15150"}],"curies":[{"name":"wp","href":"https:\/\/api.w.org\/{rel}","templated":true}]}}