{"id":15141,"date":"2025-09-04T13:16:27","date_gmt":"2025-09-04T11:16:27","guid":{"rendered":"https:\/\/mundimueble.com\/?post_type=product&#038;p=15141"},"modified":"2025-10-02T13:11:37","modified_gmt":"2025-10-02T11:11:37","slug":"coleccion-de-dormitorios-de-matrimonio-ghio","status":"publish","type":"product","link":"https:\/\/mundimueble.com\/index.php\/producto\/coleccion-de-dormitorios-de-matrimonio-ghio\/","title":{"rendered":"Colecci\u00f3n de Dormitorios de Matrimonio GHIO"},"content":{"rendered":"<p>La l\u00ednea de muebles Ghio de Azor es una\u00a0colecci\u00f3n de mobiliario moderno para dormitorios, que incluye camas, armarios, c\u00f3modas y otros elementos, dise\u00f1ada para crear ambientes acogedores y funcionales con un estilo contempor\u00e1neo<\/p>\n<p><a href=\"https:\/\/www.mueblesazor.com\/_www\/images\/catalogos\/_GHIO_catalogo.pdf\">Cat\u00e1logo Digital<\/a><\/p>\n<p>&nbsp;<\/p>\n","protected":false},"excerpt":{"rendered":"<p>La l\u00ednea de muebles Ghio de Azor es una\u00a0colecci\u00f3n de mobiliario moderno para dormitorios, que incluye camas, armarios, c\u00f3modas y otros elementos, dise\u00f1ada para crear ambientes acogedores y funcionales con un estilo contempor\u00e1neo Cat\u00e1logo Digital &nbsp;<\/p>\n","protected":false},"featured_media":15149,"template":"","meta":[],"product_brand":[302],"product_cat":[188,232],"product_tag":[301,305],"class_list":{"0":"post-15141","1":"product","2":"type-product","3":"status-publish","4":"has-post-thumbnail","6":"product_brand-muebles-azor","7":"product_cat-dormitorios","8":"product_cat-dormitorio-de-matrimonio","9":"product_tag-dormitorio","10":"product_tag-dormitorio-matrimonio","12":"entry","13":"has-media","15":"first","16":"instock","17":"taxable","18":"shipping-taxable","19":"product-type-simple","20":"has-product-nav","21":"col","22":"span_1_of_3","23":"owp-content-center","24":"owp-thumbs-layout-horizontal","25":"owp-btn-normal","26":"owp-tabs-layout-horizontal"},"_links":{"self":[{"href":"https:\/\/mundimueble.com\/index.php\/wp-json\/wp\/v2\/product\/15141","targetHints":{"allow":["GET"]}}],"collection":[{"href":"https:\/\/mundimueble.com\/index.php\/wp-json\/wp\/v2\/product"}],"about":[{"href":"https:\/\/mundimueble.com\/index.php\/wp-json\/wp\/v2\/types\/product"}],"version-history":[{"count":0,"href":"https:\/\/mundimueble.com\/index.php\/wp-json\/wp\/v2\/product\/15141\/revisions"}],"wp:featuredmedia":[{"embeddable":true,"href":"https:\/\/mundimueble.com\/index.php\/wp-json\/wp\/v2\/media\/15149"}],"wp:attachment":[{"href":"https:\/\/mundimueble.com\/index.php\/wp-json\/wp\/v2\/media?parent=15141"}],"wp:term":[{"taxonomy":"product_brand","embeddable":true,"href":"https:\/\/mundimueble.com\/index.php\/wp-json\/wp\/v2\/product_brand?post=15141"},{"taxonomy":"product_cat","embeddable":true,"href":"https:\/\/mundimueble.com\/index.php\/wp-json\/wp\/v2\/product_cat?post=15141"},{"taxonomy":"product_tag","embeddable":true,"href":"https:\/\/mundimueble.com\/index.php\/wp-json\/wp\/v2\/product_tag?post=15141"}],"curies":[{"name":"wp","href":"https:\/\/api.w.org\/{rel}","templated":true}]}}