{"id":15132,"date":"2025-09-04T12:51:08","date_gmt":"2025-09-04T10:51:08","guid":{"rendered":"https:\/\/mundimueble.com\/?post_type=product&#038;p=15132"},"modified":"2025-09-04T12:51:09","modified_gmt":"2025-09-04T10:51:09","slug":"coleccion-de-dormitorios-juveniles-lidergo","status":"publish","type":"product","link":"https:\/\/mundimueble.com\/index.php\/producto\/coleccion-de-dormitorios-juveniles-lidergo\/","title":{"rendered":"Colecci\u00f3n de Dormitorios Juveniles LIDERgo!"},"content":{"rendered":"<p>Acabados modernos, muebles pr\u00e1cticos, m\u00faltiples combinaciones para tu nueva habitaci\u00f3n juvenil.<br data-start=\"285\" data-end=\"288\" \/>En nuestro cat\u00e1logo encontrar\u00e1s las \u00faltimas propuestas de Muebles Azor, una marca reconocida por su dise\u00f1o funcional y su apuesta por la versatilidad. Ofrecemos soluciones pensadas para optimizar el espacio y adaptarse al ritmo de vida de los m\u00e1s j\u00f3venes, con opciones que combinan estilo, comodidad y funcionalidad.<\/p>\n<p><a href=\"https:\/\/www.mueblesazor.com\/_www\/images\/catalogos\/_LIDERgo_catalogo.pdf\">Cat\u00e1logo Digital<\/a><\/p>\n","protected":false},"excerpt":{"rendered":"<p>Acabados modernos, muebles pr\u00e1cticos, m\u00faltiples combinaciones para tu nueva habitaci\u00f3n juvenil.En nuestro cat\u00e1logo encontrar\u00e1s las \u00faltimas propuestas de Muebles Azor, una marca reconocida por su dise\u00f1o funcional y su apuesta por la versatilidad. Ofrecemos soluciones pensadas para optimizar el espacio y adaptarse al ritmo de vida de los m\u00e1s j\u00f3venes, con opciones que combinan estilo, [&hellip;]<\/p>\n","protected":false},"featured_media":15140,"template":"","meta":[],"product_brand":[302],"product_cat":[188,189],"product_tag":[301,306],"class_list":{"0":"post-15132","1":"product","2":"type-product","3":"status-publish","4":"has-post-thumbnail","6":"product_brand-muebles-azor","7":"product_cat-dormitorios","8":"product_cat-dormitorio-juvenil","9":"product_tag-dormitorio","10":"product_tag-dormitorio-juvenil","12":"entry","13":"has-media","15":"first","16":"instock","17":"taxable","18":"shipping-taxable","19":"product-type-simple","20":"has-product-nav","21":"col","22":"span_1_of_3","23":"owp-content-center","24":"owp-thumbs-layout-horizontal","25":"owp-btn-normal","26":"owp-tabs-layout-horizontal"},"_links":{"self":[{"href":"https:\/\/mundimueble.com\/index.php\/wp-json\/wp\/v2\/product\/15132","targetHints":{"allow":["GET"]}}],"collection":[{"href":"https:\/\/mundimueble.com\/index.php\/wp-json\/wp\/v2\/product"}],"about":[{"href":"https:\/\/mundimueble.com\/index.php\/wp-json\/wp\/v2\/types\/product"}],"version-history":[{"count":0,"href":"https:\/\/mundimueble.com\/index.php\/wp-json\/wp\/v2\/product\/15132\/revisions"}],"wp:featuredmedia":[{"embeddable":true,"href":"https:\/\/mundimueble.com\/index.php\/wp-json\/wp\/v2\/media\/15140"}],"wp:attachment":[{"href":"https:\/\/mundimueble.com\/index.php\/wp-json\/wp\/v2\/media?parent=15132"}],"wp:term":[{"taxonomy":"product_brand","embeddable":true,"href":"https:\/\/mundimueble.com\/index.php\/wp-json\/wp\/v2\/product_brand?post=15132"},{"taxonomy":"product_cat","embeddable":true,"href":"https:\/\/mundimueble.com\/index.php\/wp-json\/wp\/v2\/product_cat?post=15132"},{"taxonomy":"product_tag","embeddable":true,"href":"https:\/\/mundimueble.com\/index.php\/wp-json\/wp\/v2\/product_tag?post=15132"}],"curies":[{"name":"wp","href":"https:\/\/api.w.org\/{rel}","templated":true}]}}