{"id":15120,"date":"2025-09-04T12:19:24","date_gmt":"2025-09-04T10:19:24","guid":{"rendered":"https:\/\/mundimueble.com\/?post_type=product&#038;p=15120"},"modified":"2025-10-02T13:11:47","modified_gmt":"2025-10-02T11:11:47","slug":"coleccion-de-dormitorios-de-matrimonio-jordan-evo","status":"publish","type":"product","link":"https:\/\/mundimueble.com\/index.php\/producto\/coleccion-de-dormitorios-de-matrimonio-jordan-evo\/","title":{"rendered":"Colecci\u00f3n de Dormitorios de Matrimonio Jordan EVO"},"content":{"rendered":"<p>La colecci\u00f3n Jordan Evo de Muebles Azor combina acabados de tendencia con muebles pr\u00e1cticos y vers\u00e1tiles, pensados para aprovechar al m\u00e1ximo tu espacio.<br data-start=\"324\" data-end=\"327\" data-is-only-node=\"\" \/>Elige entre m\u00faltiples combinaciones y personaliza tu dormitorio con soluciones que se adaptan a tu estilo de vida.<\/p>\n<p><a href=\"https:\/\/www.mueblesazor.com\/_www\/images\/catalogos\/_JORDANevo_catalogo.pdf\">Cat\u00e1logo Digital<\/a><\/p>\n","protected":false},"excerpt":{"rendered":"<p>La colecci\u00f3n Jordan Evo de Muebles Azor combina acabados de tendencia con muebles pr\u00e1cticos y vers\u00e1tiles, pensados para aprovechar al m\u00e1ximo tu espacio.Elige entre m\u00faltiples combinaciones y personaliza tu dormitorio con soluciones que se adaptan a tu estilo de vida. Cat\u00e1logo Digital<\/p>\n","protected":false},"featured_media":15129,"template":"","meta":[],"product_brand":[302],"product_cat":[188,232],"product_tag":[301,305],"class_list":{"0":"post-15120","1":"product","2":"type-product","3":"status-publish","4":"has-post-thumbnail","6":"product_brand-muebles-azor","7":"product_cat-dormitorios","8":"product_cat-dormitorio-de-matrimonio","9":"product_tag-dormitorio","10":"product_tag-dormitorio-matrimonio","12":"entry","13":"has-media","15":"first","16":"instock","17":"taxable","18":"shipping-taxable","19":"product-type-simple","20":"has-product-nav","21":"col","22":"span_1_of_3","23":"owp-content-center","24":"owp-thumbs-layout-horizontal","25":"owp-btn-normal","26":"owp-tabs-layout-horizontal"},"_links":{"self":[{"href":"https:\/\/mundimueble.com\/index.php\/wp-json\/wp\/v2\/product\/15120","targetHints":{"allow":["GET"]}}],"collection":[{"href":"https:\/\/mundimueble.com\/index.php\/wp-json\/wp\/v2\/product"}],"about":[{"href":"https:\/\/mundimueble.com\/index.php\/wp-json\/wp\/v2\/types\/product"}],"version-history":[{"count":0,"href":"https:\/\/mundimueble.com\/index.php\/wp-json\/wp\/v2\/product\/15120\/revisions"}],"wp:featuredmedia":[{"embeddable":true,"href":"https:\/\/mundimueble.com\/index.php\/wp-json\/wp\/v2\/media\/15129"}],"wp:attachment":[{"href":"https:\/\/mundimueble.com\/index.php\/wp-json\/wp\/v2\/media?parent=15120"}],"wp:term":[{"taxonomy":"product_brand","embeddable":true,"href":"https:\/\/mundimueble.com\/index.php\/wp-json\/wp\/v2\/product_brand?post=15120"},{"taxonomy":"product_cat","embeddable":true,"href":"https:\/\/mundimueble.com\/index.php\/wp-json\/wp\/v2\/product_cat?post=15120"},{"taxonomy":"product_tag","embeddable":true,"href":"https:\/\/mundimueble.com\/index.php\/wp-json\/wp\/v2\/product_tag?post=15120"}],"curies":[{"name":"wp","href":"https:\/\/api.w.org\/{rel}","templated":true}]}}