{"id":15099,"date":"2025-09-04T11:07:23","date_gmt":"2025-09-04T09:07:23","guid":{"rendered":"https:\/\/mundimueble.com\/?post_type=product&#038;p=15099"},"modified":"2025-10-06T12:08:29","modified_gmt":"2025-10-06T10:08:29","slug":"coleccion-dormitorio-710","status":"publish","type":"product","link":"https:\/\/mundimueble.com\/index.php\/producto\/coleccion-dormitorio-710\/","title":{"rendered":"Colecci\u00f3n Dormitorios 710"},"content":{"rendered":"<p>Colecci\u00f3n dise\u00f1ada por Manolo Casa\u00f1, una colecci\u00f3n sobria con detalles y molduras de madera de roble , un mueble atemporal y con la calidez de la madera, con los detalles en el cabezal de luz de cortes\u00eda. Materiales madera maciza de roble. Lacas tacto seda. Herrajes europeos.<\/p>\n<p><a href=\"https:\/\/monrabalchirivella.com\/wp\/wp-content\/uploads\/2023\/10\/dormitorio-710-catalogo.pdf?_gl=1*dv51s0*_up*MQ..&amp;gclid=Cj0KCQjw8eTFBhCXARIsAIkiuOyyv-jSDa9uyMHNf1gmrXC0m-q2HDehDYnSZLC_dSt3pwUdH-RVqN8aApeGEALw_wcB&amp;gbraid=0AAAAAoLRv-w0-pcSV0LrjOYnRv1XVYFxB\">Cat\u00e1logo Digital<\/a><\/p>\n<p>&nbsp;<\/p>\n","protected":false},"excerpt":{"rendered":"<p>Colecci\u00f3n dise\u00f1ada por Manolo Casa\u00f1, una colecci\u00f3n sobria con detalles y molduras de madera de roble , un mueble atemporal y con la calidez de la madera, con los detalles en el cabezal de luz de cortes\u00eda. Materiales madera maciza de roble. Lacas tacto seda. Herrajes europeos. Cat\u00e1logo Digital &nbsp;<\/p>\n","protected":false},"featured_media":15102,"template":"","meta":[],"product_brand":[300],"product_cat":[188,232],"product_tag":[301,305],"class_list":{"0":"post-15099","1":"product","2":"type-product","3":"status-publish","4":"has-post-thumbnail","6":"product_brand-monrabal-chirivella","7":"product_cat-dormitorios","8":"product_cat-dormitorio-de-matrimonio","9":"product_tag-dormitorio","10":"product_tag-dormitorio-matrimonio","12":"entry","13":"has-media","15":"first","16":"instock","17":"taxable","18":"shipping-taxable","19":"product-type-simple","20":"has-product-nav","21":"col","22":"span_1_of_3","23":"owp-content-center","24":"owp-thumbs-layout-horizontal","25":"owp-btn-normal","26":"owp-tabs-layout-horizontal"},"_links":{"self":[{"href":"https:\/\/mundimueble.com\/index.php\/wp-json\/wp\/v2\/product\/15099","targetHints":{"allow":["GET"]}}],"collection":[{"href":"https:\/\/mundimueble.com\/index.php\/wp-json\/wp\/v2\/product"}],"about":[{"href":"https:\/\/mundimueble.com\/index.php\/wp-json\/wp\/v2\/types\/product"}],"version-history":[{"count":0,"href":"https:\/\/mundimueble.com\/index.php\/wp-json\/wp\/v2\/product\/15099\/revisions"}],"wp:featuredmedia":[{"embeddable":true,"href":"https:\/\/mundimueble.com\/index.php\/wp-json\/wp\/v2\/media\/15102"}],"wp:attachment":[{"href":"https:\/\/mundimueble.com\/index.php\/wp-json\/wp\/v2\/media?parent=15099"}],"wp:term":[{"taxonomy":"product_brand","embeddable":true,"href":"https:\/\/mundimueble.com\/index.php\/wp-json\/wp\/v2\/product_brand?post=15099"},{"taxonomy":"product_cat","embeddable":true,"href":"https:\/\/mundimueble.com\/index.php\/wp-json\/wp\/v2\/product_cat?post=15099"},{"taxonomy":"product_tag","embeddable":true,"href":"https:\/\/mundimueble.com\/index.php\/wp-json\/wp\/v2\/product_tag?post=15099"}],"curies":[{"name":"wp","href":"https:\/\/api.w.org\/{rel}","templated":true}]}}