{"id":15087,"date":"2025-09-04T10:43:45","date_gmt":"2025-09-04T08:43:45","guid":{"rendered":"https:\/\/mundimueble.com\/?post_type=product&#038;p=15087"},"modified":"2025-10-06T12:22:31","modified_gmt":"2025-10-06T10:22:31","slug":"coleccion-comedor-700","status":"publish","type":"product","link":"https:\/\/mundimueble.com\/index.php\/producto\/coleccion-comedor-700\/","title":{"rendered":"Colecci\u00f3n Salones 700"},"content":{"rendered":"<p>La colecci\u00f3n 700 para sal\u00f3nbusca convertir el hogar en un espacio en el que se respira serenidad y se disfruta de las delicadas l\u00edneas de unas piezas de mobiliario que combinan funcionalidad y est\u00e9tica. La proporcionalidad y el equilibrio entre los materiales y los distintos elementos del dise\u00f1o aportan una evidente cualidad art\u00edstica a 700.<\/p>\n<p><a href=\"https:\/\/monrabalchirivella.com\/wp\/wp-content\/uploads\/2025\/03\/Salones-700-2025-catalogo.pdf?_gl=1*vpr04u*_up*MQ..*_gs*MQ..&amp;gclid=Cj0KCQjw8eTFBhCXARIsAIkiuOyyv-jSDa9uyMHNf1gmrXC0m-q2HDehDYnSZLC_dSt3pwUdH-RVqN8aApeGEALw_wcB&amp;gbraid=0AAAAAoLRv-w0-pcSV0LrjOYnRv1XVYFxB\">Cat\u00e1logo Digital<\/a><\/p>\n<p>&nbsp;<\/p>\n","protected":false},"excerpt":{"rendered":"<p>La colecci\u00f3n 700 para sal\u00f3nbusca convertir el hogar en un espacio en el que se respira serenidad y se disfruta de las delicadas l\u00edneas de unas piezas de mobiliario que combinan funcionalidad y est\u00e9tica. La proporcionalidad y el equilibrio entre los materiales y los distintos elementos del dise\u00f1o aportan una evidente cualidad art\u00edstica a 700. [&hellip;]<\/p>\n","protected":false},"featured_media":15092,"template":"","meta":[],"product_brand":[300],"product_cat":[303],"product_tag":[304],"class_list":{"0":"post-15087","1":"product","2":"type-product","3":"status-publish","4":"has-post-thumbnail","6":"product_brand-monrabal-chirivella","7":"product_cat-conjuntos-de-salon-comedor","8":"product_tag-salon","10":"entry","11":"has-media","13":"first","14":"instock","15":"taxable","16":"shipping-taxable","17":"product-type-simple","18":"has-product-nav","19":"col","20":"span_1_of_3","21":"owp-content-center","22":"owp-thumbs-layout-horizontal","23":"owp-btn-normal","24":"owp-tabs-layout-horizontal"},"_links":{"self":[{"href":"https:\/\/mundimueble.com\/index.php\/wp-json\/wp\/v2\/product\/15087","targetHints":{"allow":["GET"]}}],"collection":[{"href":"https:\/\/mundimueble.com\/index.php\/wp-json\/wp\/v2\/product"}],"about":[{"href":"https:\/\/mundimueble.com\/index.php\/wp-json\/wp\/v2\/types\/product"}],"version-history":[{"count":0,"href":"https:\/\/mundimueble.com\/index.php\/wp-json\/wp\/v2\/product\/15087\/revisions"}],"wp:featuredmedia":[{"embeddable":true,"href":"https:\/\/mundimueble.com\/index.php\/wp-json\/wp\/v2\/media\/15092"}],"wp:attachment":[{"href":"https:\/\/mundimueble.com\/index.php\/wp-json\/wp\/v2\/media?parent=15087"}],"wp:term":[{"taxonomy":"product_brand","embeddable":true,"href":"https:\/\/mundimueble.com\/index.php\/wp-json\/wp\/v2\/product_brand?post=15087"},{"taxonomy":"product_cat","embeddable":true,"href":"https:\/\/mundimueble.com\/index.php\/wp-json\/wp\/v2\/product_cat?post=15087"},{"taxonomy":"product_tag","embeddable":true,"href":"https:\/\/mundimueble.com\/index.php\/wp-json\/wp\/v2\/product_tag?post=15087"}],"curies":[{"name":"wp","href":"https:\/\/api.w.org\/{rel}","templated":true}]}}