{"id":15064,"date":"2025-08-23T11:00:43","date_gmt":"2025-08-23T09:00:43","guid":{"rendered":"https:\/\/mundimueble.com\/?post_type=product&#038;p=15064"},"modified":"2025-09-24T12:57:06","modified_gmt":"2025-09-24T10:57:06","slug":"sofa-relax-rene","status":"publish","type":"product","link":"https:\/\/mundimueble.com\/index.php\/producto\/sofa-relax-rene\/","title":{"rendered":"Sof\u00e1 Relax Ren\u00e9"},"content":{"rendered":"<p>El\u00a0<strong>sof\u00e1<\/strong>\u00a0<strong>Ren\u00e9<\/strong>\u00a0ofrece una amplia gama de configuraciones, permiti\u00e9ndote crear un mueble totalmente personalizado que se adapte a las dimensiones y necesidades de tu espacio. La combinaci\u00f3n de\u00a0<strong>espuma de alta densidad<\/strong>\u00a0y\u00a0<strong>viscoel\u00e1stica<\/strong>\u00a0garantiza un asiento suave y envolvente, ideal para largas sesiones de lectura o visualizaci\u00f3n de tus series favoritas. Adem\u00e1s, los\u00a0<strong>cabezales<\/strong>\u00a0<strong>reclinables<\/strong>\u00a0te permiten encontrar la posici\u00f3n perfecta para relajar tu cuello y espalda.<\/p>\n<p>\u2022 <strong>Estructura<\/strong>: Madera de pino con tablero de part\u00edculas<br \/>\n\u2022 <strong>Suspensi\u00f3n<\/strong> <strong>asiento<\/strong>: Bastidor met\u00e1lico muelles ZZ<br \/>\n\u2022 <strong>Mecanismo<\/strong>: Relax el\u00e9ctrico, deslizante (35 cm) o fijo, chaiselongue deslizante manual o motor y arc\u00f3n en chaiselongue y brazo sof\u00e1<br \/>\n\u2022 <strong>Asientos<\/strong>: F\u0133o y deslizante: 10 cm visco 50 kg + espuma poliuretano 35 HR<br \/>\n\u2022 <strong>Relax<\/strong>: 5 cm viscoel\u00e1stica 50 kg + espuma poliuretano 40 HR \/ Chaiselongue: 5 cm viscoel\u00e1stica<br \/>\n\u2022 <strong>Cabezal<\/strong>: Espuma s\u00faper suave recubierto de fibra<br \/>\n\u2022 <strong>Ri\u00f1onera<\/strong>: Fibra hueca siliconada<br \/>\n\u2022 <strong>Brazo<\/strong>: Mezcla de fibra y componentes<br \/>\n\u2022 <strong>Desenfundable<\/strong>: Asiento, respaldo y brazo<\/p>\n","protected":false},"excerpt":{"rendered":"<p>El\u00a0sof\u00e1\u00a0Ren\u00e9\u00a0ofrece una amplia gama de configuraciones, permiti\u00e9ndote crear un mueble totalmente personalizado que se adapte a las dimensiones y necesidades de tu espacio. La combinaci\u00f3n de\u00a0espuma de alta densidad\u00a0y\u00a0viscoel\u00e1stica\u00a0garantiza un asiento suave y envolvente, ideal para largas sesiones de lectura o visualizaci\u00f3n de tus series favoritas. Adem\u00e1s, los\u00a0cabezales\u00a0reclinables\u00a0te permiten encontrar la posici\u00f3n perfecta para relajar [&hellip;]<\/p>\n","protected":false},"featured_media":15067,"template":"","meta":[],"product_brand":[296],"product_cat":[204,195],"product_tag":[297],"class_list":{"0":"post-15064","1":"product","2":"type-product","3":"status-publish","4":"has-post-thumbnail","6":"product_brand-pedro-ortiz","7":"product_cat-sofas-y-chaiselongues","8":"product_cat-sofas-y-sillones","9":"product_tag-sofa","11":"entry","12":"has-media","14":"first","15":"instock","16":"taxable","17":"shipping-taxable","18":"product-type-simple","19":"has-product-nav","20":"col","21":"span_1_of_3","22":"owp-content-center","23":"owp-thumbs-layout-horizontal","24":"owp-btn-normal","25":"owp-tabs-layout-horizontal"},"_links":{"self":[{"href":"https:\/\/mundimueble.com\/index.php\/wp-json\/wp\/v2\/product\/15064","targetHints":{"allow":["GET"]}}],"collection":[{"href":"https:\/\/mundimueble.com\/index.php\/wp-json\/wp\/v2\/product"}],"about":[{"href":"https:\/\/mundimueble.com\/index.php\/wp-json\/wp\/v2\/types\/product"}],"version-history":[{"count":0,"href":"https:\/\/mundimueble.com\/index.php\/wp-json\/wp\/v2\/product\/15064\/revisions"}],"wp:featuredmedia":[{"embeddable":true,"href":"https:\/\/mundimueble.com\/index.php\/wp-json\/wp\/v2\/media\/15067"}],"wp:attachment":[{"href":"https:\/\/mundimueble.com\/index.php\/wp-json\/wp\/v2\/media?parent=15064"}],"wp:term":[{"taxonomy":"product_brand","embeddable":true,"href":"https:\/\/mundimueble.com\/index.php\/wp-json\/wp\/v2\/product_brand?post=15064"},{"taxonomy":"product_cat","embeddable":true,"href":"https:\/\/mundimueble.com\/index.php\/wp-json\/wp\/v2\/product_cat?post=15064"},{"taxonomy":"product_tag","embeddable":true,"href":"https:\/\/mundimueble.com\/index.php\/wp-json\/wp\/v2\/product_tag?post=15064"}],"curies":[{"name":"wp","href":"https:\/\/api.w.org\/{rel}","templated":true}]}}