{"id":15047,"date":"2025-08-22T13:20:46","date_gmt":"2025-08-22T11:20:46","guid":{"rendered":"https:\/\/mundimueble.com\/?post_type=product&#038;p=15047"},"modified":"2025-09-24T12:57:08","modified_gmt":"2025-09-24T10:57:08","slug":"sofa-relax-ingrid","status":"publish","type":"product","link":"https:\/\/mundimueble.com\/index.php\/producto\/sofa-relax-ingrid\/","title":{"rendered":"Sof\u00e1 Relax Ingrid"},"content":{"rendered":"<p>El\u00a0<strong>sof\u00e1 Ingrid<\/strong>\u00a0es una pieza de\u00a0<strong>Pedro<\/strong>\u00a0<strong>Ortiz<\/strong>\u00a0que combina dise\u00f1o vanguardista con la m\u00e1xima comodidad. Su chaiselongue integrado lo convierte en el centro de atenci\u00f3n de cualquier sal\u00f3n, ofreciendo un espacio amplio y acogedor para relajarse. Los asientos de espuma de alta densidad, combinados con una capa de viscoel\u00e1stica, proporcionan un soporte \u00f3ptimo y una sensaci\u00f3n de suavidad.<\/p>\n<p>\u2022 <strong>Estructura<\/strong>: Madera de pino con tablero de part\u00edculas<br \/>\n\u2022 <strong>Suspensi\u00f3n<\/strong> <strong>asiento<\/strong>: Bastidor met\u00e1lico muelles ZZ<br \/>\n\u2022 <strong>Mecanismo<\/strong>: Relax el\u00e9ctrico, fi jo o deslizante (35cm), con cabezal manual multiposicional.<br \/>\n\u2022 <strong>Asientos<\/strong>: 5 cm. visco 50 kg. + espuma poliuretano 35 KG suave<br \/>\n\u2022 <strong>Cabezal<\/strong>: Espuma super suave recubierto de fibra<br \/>\n\u2022 <strong>Ri\u00f1onera<\/strong>: Fibra hueca siliconada<br \/>\n\u2022 <strong>Brazo<\/strong>: Espuma poliuretano<br \/>\n\u2022 <strong>Desenfundable<\/strong>: Tela y piel: Respaldo y ri\u00f1onera (+ asiento S\u00d3LO si es DESLIZANTE o F\u0132 O) y chaiselongue. (Brazo s\u00f3lo en tela)<\/p>\n","protected":false},"excerpt":{"rendered":"<p>El\u00a0sof\u00e1 Ingrid\u00a0es una pieza de\u00a0Pedro\u00a0Ortiz\u00a0que combina dise\u00f1o vanguardista con la m\u00e1xima comodidad. Su chaiselongue integrado lo convierte en el centro de atenci\u00f3n de cualquier sal\u00f3n, ofreciendo un espacio amplio y acogedor para relajarse. Los asientos de espuma de alta densidad, combinados con una capa de viscoel\u00e1stica, proporcionan un soporte \u00f3ptimo y una sensaci\u00f3n de suavidad. [&hellip;]<\/p>\n","protected":false},"featured_media":15050,"template":"","meta":[],"product_brand":[296],"product_cat":[204,195],"product_tag":[297],"class_list":{"0":"post-15047","1":"product","2":"type-product","3":"status-publish","4":"has-post-thumbnail","6":"product_brand-pedro-ortiz","7":"product_cat-sofas-y-chaiselongues","8":"product_cat-sofas-y-sillones","9":"product_tag-sofa","11":"entry","12":"has-media","14":"first","15":"instock","16":"taxable","17":"shipping-taxable","18":"product-type-simple","19":"has-product-nav","20":"col","21":"span_1_of_3","22":"owp-content-center","23":"owp-thumbs-layout-horizontal","24":"owp-btn-normal","25":"owp-tabs-layout-horizontal"},"_links":{"self":[{"href":"https:\/\/mundimueble.com\/index.php\/wp-json\/wp\/v2\/product\/15047","targetHints":{"allow":["GET"]}}],"collection":[{"href":"https:\/\/mundimueble.com\/index.php\/wp-json\/wp\/v2\/product"}],"about":[{"href":"https:\/\/mundimueble.com\/index.php\/wp-json\/wp\/v2\/types\/product"}],"version-history":[{"count":0,"href":"https:\/\/mundimueble.com\/index.php\/wp-json\/wp\/v2\/product\/15047\/revisions"}],"wp:featuredmedia":[{"embeddable":true,"href":"https:\/\/mundimueble.com\/index.php\/wp-json\/wp\/v2\/media\/15050"}],"wp:attachment":[{"href":"https:\/\/mundimueble.com\/index.php\/wp-json\/wp\/v2\/media?parent=15047"}],"wp:term":[{"taxonomy":"product_brand","embeddable":true,"href":"https:\/\/mundimueble.com\/index.php\/wp-json\/wp\/v2\/product_brand?post=15047"},{"taxonomy":"product_cat","embeddable":true,"href":"https:\/\/mundimueble.com\/index.php\/wp-json\/wp\/v2\/product_cat?post=15047"},{"taxonomy":"product_tag","embeddable":true,"href":"https:\/\/mundimueble.com\/index.php\/wp-json\/wp\/v2\/product_tag?post=15047"}],"curies":[{"name":"wp","href":"https:\/\/api.w.org\/{rel}","templated":true}]}}