{"id":15043,"date":"2025-08-22T13:16:27","date_gmt":"2025-08-22T11:16:27","guid":{"rendered":"https:\/\/mundimueble.com\/?post_type=product&#038;p=15043"},"modified":"2025-09-24T12:57:08","modified_gmt":"2025-09-24T10:57:08","slug":"sofa-relax-elvas","status":"publish","type":"product","link":"https:\/\/mundimueble.com\/index.php\/producto\/sofa-relax-elvas\/","title":{"rendered":"Sof\u00e1 Relax Elvas"},"content":{"rendered":"<p>El sof\u00e1 Elvas de Pedro Ortiz est\u00e1 fabricado con una estructura de madera de pino, y puede tapizarse en una gran variedad de tejidos. Los asientos de este sof\u00e1 llevan motor relax para su apertura y reclinamiento. Presenta un dise\u00f1o contempor\u00e1neo que une ergonom\u00eda y tecnolog\u00eda.<\/p>\n<p>\u2022 <strong>Estructura<\/strong>: Madera de pino con tablero de part\u00edculas<br \/>\n\u2022 <strong>Suspensi\u00f3n<\/strong> <strong>asiento<\/strong>: Bastidor met\u00e1lico muelles ZZ<br \/>\n\u2022 <strong>Mecanismo<\/strong>: Relax el\u00e9ctrico, fijo o deslizante (35 cm) y arc\u00f3n en chaiselongue<br \/>\n\u2022 <strong>Asientos<\/strong>: Espuma ecol\u00f3gica poliuretano 40 kg suave soja<br \/>\n\u2022 <strong>Respaldo<\/strong>: Fibra hueca siliconada<br \/>\n\u2022 <strong>Brazo<\/strong>: Mezcla de fibra y componentes<br \/>\n\u2022 <strong>Desenfundable<\/strong>: Tela: Asiento, respaldo y brazo. Piel: Respaldo y brazo (+ asiento SOLO si es DESLIZANTE)<\/p>\n","protected":false},"excerpt":{"rendered":"<p>El sof\u00e1 Elvas de Pedro Ortiz est\u00e1 fabricado con una estructura de madera de pino, y puede tapizarse en una gran variedad de tejidos. Los asientos de este sof\u00e1 llevan motor relax para su apertura y reclinamiento. Presenta un dise\u00f1o contempor\u00e1neo que une ergonom\u00eda y tecnolog\u00eda. \u2022 Estructura: Madera de pino con tablero de part\u00edculas [&hellip;]<\/p>\n","protected":false},"featured_media":15046,"template":"","meta":[],"product_brand":[296],"product_cat":[204,195],"product_tag":[297],"class_list":{"0":"post-15043","1":"product","2":"type-product","3":"status-publish","4":"has-post-thumbnail","6":"product_brand-pedro-ortiz","7":"product_cat-sofas-y-chaiselongues","8":"product_cat-sofas-y-sillones","9":"product_tag-sofa","11":"entry","12":"has-media","14":"first","15":"instock","16":"taxable","17":"shipping-taxable","18":"product-type-simple","19":"has-product-nav","20":"col","21":"span_1_of_3","22":"owp-content-center","23":"owp-thumbs-layout-horizontal","24":"owp-btn-normal","25":"owp-tabs-layout-horizontal"},"_links":{"self":[{"href":"https:\/\/mundimueble.com\/index.php\/wp-json\/wp\/v2\/product\/15043","targetHints":{"allow":["GET"]}}],"collection":[{"href":"https:\/\/mundimueble.com\/index.php\/wp-json\/wp\/v2\/product"}],"about":[{"href":"https:\/\/mundimueble.com\/index.php\/wp-json\/wp\/v2\/types\/product"}],"version-history":[{"count":0,"href":"https:\/\/mundimueble.com\/index.php\/wp-json\/wp\/v2\/product\/15043\/revisions"}],"wp:featuredmedia":[{"embeddable":true,"href":"https:\/\/mundimueble.com\/index.php\/wp-json\/wp\/v2\/media\/15046"}],"wp:attachment":[{"href":"https:\/\/mundimueble.com\/index.php\/wp-json\/wp\/v2\/media?parent=15043"}],"wp:term":[{"taxonomy":"product_brand","embeddable":true,"href":"https:\/\/mundimueble.com\/index.php\/wp-json\/wp\/v2\/product_brand?post=15043"},{"taxonomy":"product_cat","embeddable":true,"href":"https:\/\/mundimueble.com\/index.php\/wp-json\/wp\/v2\/product_cat?post=15043"},{"taxonomy":"product_tag","embeddable":true,"href":"https:\/\/mundimueble.com\/index.php\/wp-json\/wp\/v2\/product_tag?post=15043"}],"curies":[{"name":"wp","href":"https:\/\/api.w.org\/{rel}","templated":true}]}}