{"id":15019,"date":"2025-08-22T11:21:20","date_gmt":"2025-08-22T09:21:20","guid":{"rendered":"https:\/\/mundimueble.com\/?post_type=product&#038;p=15019"},"modified":"2025-09-24T12:57:10","modified_gmt":"2025-09-24T10:57:10","slug":"sofa-deslizante-arenas","status":"publish","type":"product","link":"https:\/\/mundimueble.com\/index.php\/producto\/sofa-deslizante-arenas\/","title":{"rendered":"Sof\u00e1 Deslizante Arenas"},"content":{"rendered":"<p>Un dise\u00f1o que lo tiene todo: <strong>elegancia<\/strong>, <strong>funcionalidad<\/strong> y <strong>confort<\/strong>.<br \/>\nEl sof\u00e1 <strong>Arenas<\/strong> se adapta a tu ritmo de vida gracias a su asiento deslizante de 35 cm, arc\u00f3n en la chaiselongue y en el brazo, y cabezal multiposici\u00f3n que te permite encontrar la postura perfecta en cualquier momento del d\u00eda.<\/p>\n<p>\u2022 <strong>Estructura<\/strong>: Madera de pino con tablero de part\u00edculas<br \/>\n\u2022 <strong>Suspensi\u00f3n<\/strong> <strong>asiento<\/strong>: Bastidor met\u00e1lico<br \/>\n\u2022 <strong>Mecanismo<\/strong>: Deslizante (35 cm), arc\u00f3n en chaiselongue y brazo sofa. Cabezal multiposici\u00f3n<br \/>\n\u2022 <strong>Asientos<\/strong>: Espuma poliuretano 30 Kg + bloques de muelles<br \/>\n\u2022 <strong>Cabezal<\/strong>: Espuma s\u00faper suave recubierto de fibra<br \/>\n\u2022 <strong>Ri\u00f1onera<\/strong>: Fibra hueca siliconada Back cushion: Fibre flakes<br \/>\n\u2022 <strong>Brazo<\/strong>: Mezcla de fibra y componentes<br \/>\n\u2022 <strong>Desenfundable<\/strong>: Tela y piel: Asiento, respaldo y brazo.<\/p>\n","protected":false},"excerpt":{"rendered":"<p>Un dise\u00f1o que lo tiene todo: elegancia, funcionalidad y confort. El sof\u00e1 Arenas se adapta a tu ritmo de vida gracias a su asiento deslizante de 35 cm, arc\u00f3n en la chaiselongue y en el brazo, y cabezal multiposici\u00f3n que te permite encontrar la postura perfecta en cualquier momento del d\u00eda. \u2022 Estructura: Madera de [&hellip;]<\/p>\n","protected":false},"featured_media":15022,"template":"","meta":[],"product_brand":[296],"product_cat":[204,195],"product_tag":[297],"class_list":{"0":"post-15019","1":"product","2":"type-product","3":"status-publish","4":"has-post-thumbnail","6":"product_brand-pedro-ortiz","7":"product_cat-sofas-y-chaiselongues","8":"product_cat-sofas-y-sillones","9":"product_tag-sofa","11":"entry","12":"has-media","14":"first","15":"instock","16":"taxable","17":"shipping-taxable","18":"product-type-simple","19":"has-product-nav","20":"col","21":"span_1_of_3","22":"owp-content-center","23":"owp-thumbs-layout-horizontal","24":"owp-btn-normal","25":"owp-tabs-layout-horizontal"},"_links":{"self":[{"href":"https:\/\/mundimueble.com\/index.php\/wp-json\/wp\/v2\/product\/15019","targetHints":{"allow":["GET"]}}],"collection":[{"href":"https:\/\/mundimueble.com\/index.php\/wp-json\/wp\/v2\/product"}],"about":[{"href":"https:\/\/mundimueble.com\/index.php\/wp-json\/wp\/v2\/types\/product"}],"version-history":[{"count":0,"href":"https:\/\/mundimueble.com\/index.php\/wp-json\/wp\/v2\/product\/15019\/revisions"}],"wp:featuredmedia":[{"embeddable":true,"href":"https:\/\/mundimueble.com\/index.php\/wp-json\/wp\/v2\/media\/15022"}],"wp:attachment":[{"href":"https:\/\/mundimueble.com\/index.php\/wp-json\/wp\/v2\/media?parent=15019"}],"wp:term":[{"taxonomy":"product_brand","embeddable":true,"href":"https:\/\/mundimueble.com\/index.php\/wp-json\/wp\/v2\/product_brand?post=15019"},{"taxonomy":"product_cat","embeddable":true,"href":"https:\/\/mundimueble.com\/index.php\/wp-json\/wp\/v2\/product_cat?post=15019"},{"taxonomy":"product_tag","embeddable":true,"href":"https:\/\/mundimueble.com\/index.php\/wp-json\/wp\/v2\/product_tag?post=15019"}],"curies":[{"name":"wp","href":"https:\/\/api.w.org\/{rel}","templated":true}]}}