{"id":14999,"date":"2025-08-21T13:31:33","date_gmt":"2025-08-21T11:31:33","guid":{"rendered":"https:\/\/mundimueble.com\/?post_type=product&#038;p=14999"},"modified":"2025-09-24T12:58:10","modified_gmt":"2025-09-24T10:58:10","slug":"sofa-relax-alice","status":"publish","type":"product","link":"https:\/\/mundimueble.com\/index.php\/producto\/sofa-relax-alice\/","title":{"rendered":"Sof\u00e1 Relax Alice"},"content":{"rendered":"<p>La versatilidad es una de las principales caracter\u00edsticas del\u00a0<strong>sof\u00e1<\/strong>\u00a0<strong>Alice<\/strong>. Su\u00a0<strong>mecanismo<\/strong>\u00a0<strong>relax<\/strong>\u00a0permite ampliar el asiento, ofreciendo un espacio a\u00fan m\u00e1s c\u00f3modo para relajarse y disfrutar de momentos de ocio.\u00a0 Este modelo de sof\u00e1 se caracteriza por ofrecer una combinaci\u00f3n de firmeza y suavidad gracias a su relleno de espuma de poliuretano de alta densidad (35 kg) y viscoel\u00e1stica.<\/p>\n<p>\u2022 <strong>Estructura<\/strong>: Madera de pino con tablero de part\u00edculas<br \/>\n\u2022 <strong>Suspensi\u00f3n asiento<\/strong>: Bastidor muelles ZZ<br \/>\n\u2022 <strong>Mecanismo<\/strong>: Relax el\u00e9ctrico, fijo o deslizante (35 cm). Cabezal abatible<br \/>\n\u2022 <strong>Asientos<\/strong>: Espuma poliuretano 35 kg +visco\u00e9lastica suave<br \/>\n\u2022 <strong>Respaldo<\/strong>: Espuma 20 kg HR<br \/>\n\u2022 <strong>Ri\u00f1onera<\/strong>: Fibra hueca siliconada<\/p>\n","protected":false},"excerpt":{"rendered":"<p>La versatilidad es una de las principales caracter\u00edsticas del\u00a0sof\u00e1\u00a0Alice. Su\u00a0mecanismo\u00a0relax\u00a0permite ampliar el asiento, ofreciendo un espacio a\u00fan m\u00e1s c\u00f3modo para relajarse y disfrutar de momentos de ocio.\u00a0 Este modelo de sof\u00e1 se caracteriza por ofrecer una combinaci\u00f3n de firmeza y suavidad gracias a su relleno de espuma de poliuretano de alta densidad (35 kg) y [&hellip;]<\/p>\n","protected":false},"featured_media":15002,"template":"","meta":[],"product_brand":[296],"product_cat":[204,195],"product_tag":[297],"class_list":{"0":"post-14999","1":"product","2":"type-product","3":"status-publish","4":"has-post-thumbnail","6":"product_brand-pedro-ortiz","7":"product_cat-sofas-y-chaiselongues","8":"product_cat-sofas-y-sillones","9":"product_tag-sofa","11":"entry","12":"has-media","14":"first","15":"instock","16":"taxable","17":"shipping-taxable","18":"product-type-simple","19":"has-product-nav","20":"col","21":"span_1_of_3","22":"owp-content-center","23":"owp-thumbs-layout-horizontal","24":"owp-btn-normal","25":"owp-tabs-layout-horizontal"},"_links":{"self":[{"href":"https:\/\/mundimueble.com\/index.php\/wp-json\/wp\/v2\/product\/14999","targetHints":{"allow":["GET"]}}],"collection":[{"href":"https:\/\/mundimueble.com\/index.php\/wp-json\/wp\/v2\/product"}],"about":[{"href":"https:\/\/mundimueble.com\/index.php\/wp-json\/wp\/v2\/types\/product"}],"version-history":[{"count":0,"href":"https:\/\/mundimueble.com\/index.php\/wp-json\/wp\/v2\/product\/14999\/revisions"}],"wp:featuredmedia":[{"embeddable":true,"href":"https:\/\/mundimueble.com\/index.php\/wp-json\/wp\/v2\/media\/15002"}],"wp:attachment":[{"href":"https:\/\/mundimueble.com\/index.php\/wp-json\/wp\/v2\/media?parent=14999"}],"wp:term":[{"taxonomy":"product_brand","embeddable":true,"href":"https:\/\/mundimueble.com\/index.php\/wp-json\/wp\/v2\/product_brand?post=14999"},{"taxonomy":"product_cat","embeddable":true,"href":"https:\/\/mundimueble.com\/index.php\/wp-json\/wp\/v2\/product_cat?post=14999"},{"taxonomy":"product_tag","embeddable":true,"href":"https:\/\/mundimueble.com\/index.php\/wp-json\/wp\/v2\/product_tag?post=14999"}],"curies":[{"name":"wp","href":"https:\/\/api.w.org\/{rel}","templated":true}]}}