{"id":14973,"date":"2025-08-21T12:17:49","date_gmt":"2025-08-21T10:17:49","guid":{"rendered":"https:\/\/mundimueble.com\/?post_type=product&#038;p=14973"},"modified":"2025-09-24T12:58:13","modified_gmt":"2025-09-24T10:58:13","slug":"sofa-deslizante-padua","status":"publish","type":"product","link":"https:\/\/mundimueble.com\/index.php\/producto\/sofa-deslizante-padua\/","title":{"rendered":"Sof\u00e1 Deslizante Padua"},"content":{"rendered":"<div class=\"elementor-element elementor-element-c548e09 elementor-widget elementor-widget-text-editor\" data-id=\"c548e09\" data-element_type=\"widget\" data-widget_type=\"text-editor.default\">\n<div class=\"elementor-widget-container\">\n<p>El\u00a0<strong>sof\u00e1<\/strong>\u00a0<strong>deslizante<\/strong>\u00a0<strong>Padua<\/strong>\u00a0de\u00a0<strong>Pedro<\/strong>\u00a0<strong>Ortiz<\/strong>\u00a0es la elecci\u00f3n perfecta para aquellos que buscan un sof\u00e1 c\u00f3modo y elegante. Su\u00a0<strong>mecanismo<\/strong>\u00a0<strong>deslizante<\/strong>\u00a0permite adaptar el sof\u00e1 a tus necesidades en cada momento. La combinaci\u00f3n de espuma de alta densidad y\u00a0<strong>viscoel\u00e1stica<\/strong>\u00a0garantiza un soporte \u00f3ptimo y una sensaci\u00f3n de suavidad inigualable. El\u00a0<strong>cabezal<\/strong>\u00a0<strong>abatible<\/strong> te permite encontrar el \u00e1ngulo de inclinaci\u00f3n perfecto.<\/p>\n<p>\u2022 Estructura: Madera de pino con tablero de part\u00edculas<br \/>\n\u2022 Suspensi\u00f3n asiento: Bastidor deslizante met\u00e1lico muelles ZZ<br \/>\n\u2022 Mecanismo: Asiento deslizante con carro (46 cm) y cabezal abatible<br \/>\n\u2022 Asientos: Espuma poliuretano 40 kg suave + 5 cm viscoel\u00e1stica<br \/>\n\u2022 Cabezal: Espuma super suave recubierto fibra<br \/>\n\u2022 Ri\u00f1onera: Espuma super suave recubierto fibra<br \/>\n\u2022 Desenfundable: Respaldo y asientos<\/p>\n<\/div>\n<\/div>\n<div class=\"elementor-element elementor-element-3115a38 elementor-hidden-mobile elementor-widget elementor-widget-image\" data-id=\"3115a38\" data-element_type=\"widget\" data-widget_type=\"image.default\">\n<div class=\"elementor-widget-container\"><\/div>\n<\/div>\n","protected":false},"excerpt":{"rendered":"<p>El\u00a0sof\u00e1\u00a0deslizante\u00a0Padua\u00a0de\u00a0Pedro\u00a0Ortiz\u00a0es la elecci\u00f3n perfecta para aquellos que buscan un sof\u00e1 c\u00f3modo y elegante. Su\u00a0mecanismo\u00a0deslizante\u00a0permite adaptar el sof\u00e1 a tus necesidades en cada momento. La combinaci\u00f3n de espuma de alta densidad y\u00a0viscoel\u00e1stica\u00a0garantiza un soporte \u00f3ptimo y una sensaci\u00f3n de suavidad inigualable. El\u00a0cabezal\u00a0abatible te permite encontrar el \u00e1ngulo de inclinaci\u00f3n perfecto. \u2022 Estructura: Madera de pino con [&hellip;]<\/p>\n","protected":false},"featured_media":14976,"template":"","meta":[],"product_brand":[296],"product_cat":[204,195],"product_tag":[297],"class_list":{"0":"post-14973","1":"product","2":"type-product","3":"status-publish","4":"has-post-thumbnail","6":"product_brand-pedro-ortiz","7":"product_cat-sofas-y-chaiselongues","8":"product_cat-sofas-y-sillones","9":"product_tag-sofa","11":"entry","12":"has-media","14":"first","15":"instock","16":"taxable","17":"shipping-taxable","18":"product-type-simple","19":"has-product-nav","20":"col","21":"span_1_of_3","22":"owp-content-center","23":"owp-thumbs-layout-horizontal","24":"owp-btn-normal","25":"owp-tabs-layout-horizontal"},"_links":{"self":[{"href":"https:\/\/mundimueble.com\/index.php\/wp-json\/wp\/v2\/product\/14973","targetHints":{"allow":["GET"]}}],"collection":[{"href":"https:\/\/mundimueble.com\/index.php\/wp-json\/wp\/v2\/product"}],"about":[{"href":"https:\/\/mundimueble.com\/index.php\/wp-json\/wp\/v2\/types\/product"}],"version-history":[{"count":0,"href":"https:\/\/mundimueble.com\/index.php\/wp-json\/wp\/v2\/product\/14973\/revisions"}],"wp:featuredmedia":[{"embeddable":true,"href":"https:\/\/mundimueble.com\/index.php\/wp-json\/wp\/v2\/media\/14976"}],"wp:attachment":[{"href":"https:\/\/mundimueble.com\/index.php\/wp-json\/wp\/v2\/media?parent=14973"}],"wp:term":[{"taxonomy":"product_brand","embeddable":true,"href":"https:\/\/mundimueble.com\/index.php\/wp-json\/wp\/v2\/product_brand?post=14973"},{"taxonomy":"product_cat","embeddable":true,"href":"https:\/\/mundimueble.com\/index.php\/wp-json\/wp\/v2\/product_cat?post=14973"},{"taxonomy":"product_tag","embeddable":true,"href":"https:\/\/mundimueble.com\/index.php\/wp-json\/wp\/v2\/product_tag?post=14973"}],"curies":[{"name":"wp","href":"https:\/\/api.w.org\/{rel}","templated":true}]}}