{"id":14702,"date":"2023-11-13T14:24:03","date_gmt":"2023-11-13T12:24:03","guid":{"rendered":"https:\/\/mundimueble.com\/?post_type=product&#038;p=14702"},"modified":"2026-02-24T20:40:52","modified_gmt":"2026-02-24T18:40:52","slug":"colchon-relax-magnum-con-firmeza-personalizable","status":"publish","type":"product","link":"https:\/\/mundimueble.com\/index.php\/producto\/colchon-relax-magnum-con-firmeza-personalizable\/","title":{"rendered":"Colch\u00f3n Relax Magnum"},"content":{"rendered":"<p>Con el\u00a0<strong>Nuevo Colch\u00f3n Relax Magnum Personalizable<\/strong>, los durmientes m\u00e1s exigentes, podr\u00e1n disfrutar de un excelente\u00a0<strong>colch\u00f3n de muelles<\/strong>\u00a0ensacados con\u00a0<strong>7 zonas de descanso<\/strong>, al mismo tiempo que eligen cu\u00e1l es la firmeza que mejor se adapta a sus necesidades de descanso.<\/p>\n<ul>\n<li>D<strong>estaca fundamentalmente la capa de espumaci\u00f3n de alta densidad<\/strong> que se coloca sobre el bloque de muelles ensacados del n\u00facleo y que puede tener Firmeza Alta-Muy alta (opci\u00f3n FIRM) o Firmeza Media-alta (opci\u00f3n MEDIUM), seg\u00fan el nivel de firmeza que seleccione para su colch\u00f3n el usuario final.<\/li>\n<\/ul>\n<p>&nbsp;<\/p>\n<ul>\n<li>Por un lado, sigue contando con la<strong>\u00a0Cara de Verano<\/strong>, acolchada con viscoel\u00e1stica con aut\u00e9nticas part\u00edculas de gel PCM, combinada con<strong>\u00a0fibras naturales de algod\u00f3n<\/strong>\u00a0y lino as\u00ed como con 3 capas de espumaciones de diferentes densidades. La \u00fanica diferencia de esta cara comparada con el acolchado de la<strong>\u00a0Cara de Invierno<\/strong>, es que en esta \u00faltima, la combinaci\u00f3n de los materiales de las primeras capas es a base de viscoel\u00e1stica de alta densidad y<strong>\u00a0fibras de lana de oveja y de cashmere<\/strong>. De esta forma, alternando la caras de este colch\u00f3n, se consigue el mismo confort en ambas caras del colch\u00f3n, pero una mayor sensaci\u00f3n de frescor durante los meses de m\u00e1s calor, as\u00ed como un descanso m\u00e1s acogedor, durante los d\u00edas m\u00e1s fr\u00edos.<\/li>\n<\/ul>\n<p>&nbsp;<\/p>\n<ul>\n<li>Este colch\u00f3n apuesta por la carcasa de <strong>muelles ensacados tratados con titanio<\/strong>, que cuenta con 7 zonas de descanso diferenciadas para una\u00a0<strong>mayor relajaci\u00f3n de los m\u00fasculos de la espalda<\/strong>. Pero esta capa aporta muchas m\u00e1s ventajas, como la magn\u00edfica independencia de lechos, as\u00ed como un \u00f3ptimo nivel de\u00a0<strong>transpiraci\u00f3n<\/strong>\u00a0en todo el colch\u00f3n, al permitir que el aire circule libremente en todo momento.<\/li>\n<\/ul>\n","protected":false},"excerpt":{"rendered":"<p>Con el\u00a0Nuevo Colch\u00f3n Relax Magnum Personalizable, los durmientes m\u00e1s exigentes, podr\u00e1n disfrutar de un excelente\u00a0colch\u00f3n de muelles\u00a0ensacados con\u00a07 zonas de descanso, al mismo tiempo que eligen cu\u00e1l es la firmeza que mejor se adapta a sus necesidades de descanso. Destaca fundamentalmente la capa de espumaci\u00f3n de alta densidad que se coloca sobre el bloque de [&hellip;]<\/p>\n","protected":false},"featured_media":14703,"template":"","meta":[],"product_brand":[299],"product_cat":[198],"product_tag":[293],"class_list":{"0":"post-14702","1":"product","2":"type-product","3":"status-publish","4":"has-post-thumbnail","6":"product_brand-colchones-relax","7":"product_cat-colchones","8":"product_tag-colchon","10":"entry","11":"has-media","13":"first","14":"instock","15":"sale","16":"featured","17":"taxable","18":"shipping-taxable","19":"purchasable","20":"product-type-variable","21":"has-product-nav","22":"col","23":"span_1_of_3","24":"owp-content-center","25":"owp-thumbs-layout-horizontal","26":"owp-btn-normal","27":"owp-tabs-layout-horizontal"},"_links":{"self":[{"href":"https:\/\/mundimueble.com\/index.php\/wp-json\/wp\/v2\/product\/14702","targetHints":{"allow":["GET"]}}],"collection":[{"href":"https:\/\/mundimueble.com\/index.php\/wp-json\/wp\/v2\/product"}],"about":[{"href":"https:\/\/mundimueble.com\/index.php\/wp-json\/wp\/v2\/types\/product"}],"version-history":[{"count":0,"href":"https:\/\/mundimueble.com\/index.php\/wp-json\/wp\/v2\/product\/14702\/revisions"}],"wp:featuredmedia":[{"embeddable":true,"href":"https:\/\/mundimueble.com\/index.php\/wp-json\/wp\/v2\/media\/14703"}],"wp:attachment":[{"href":"https:\/\/mundimueble.com\/index.php\/wp-json\/wp\/v2\/media?parent=14702"}],"wp:term":[{"taxonomy":"product_brand","embeddable":true,"href":"https:\/\/mundimueble.com\/index.php\/wp-json\/wp\/v2\/product_brand?post=14702"},{"taxonomy":"product_cat","embeddable":true,"href":"https:\/\/mundimueble.com\/index.php\/wp-json\/wp\/v2\/product_cat?post=14702"},{"taxonomy":"product_tag","embeddable":true,"href":"https:\/\/mundimueble.com\/index.php\/wp-json\/wp\/v2\/product_tag?post=14702"}],"curies":[{"name":"wp","href":"https:\/\/api.w.org\/{rel}","templated":true}]}}