{"id":14662,"date":"2023-05-24T12:21:50","date_gmt":"2023-05-24T10:21:50","guid":{"rendered":"https:\/\/mundimueble.com\/?post_type=product&#038;p=14662"},"modified":"2025-10-28T13:06:49","modified_gmt":"2025-10-28T11:06:49","slug":"silla-signopro-dile","status":"publish","type":"product","link":"https:\/\/mundimueble.com\/index.php\/producto\/silla-signopro-dile\/","title":{"rendered":"Silla SignoPro"},"content":{"rendered":"<p>SignoPro, rotunda y en\u00e9rgica, pero repleta de curvas arm\u00f3nicas. Suavidad y fuerza. Versatilidad y adaptaci\u00f3n al entorno m\u00e1s exigente.<br \/>\nSignoPro no es s\u00f3lo una silla, es una familia completa, ideal para el \u00e9xito de cualquier proyecto.<\/p>\n","protected":false},"excerpt":{"rendered":"<p>SignoPro, rotunda y en\u00e9rgica, pero repleta de curvas arm\u00f3nicas. Suavidad y fuerza. Versatilidad y adaptaci\u00f3n al entorno m\u00e1s exigente. SignoPro no es s\u00f3lo una silla, es una familia completa, ideal para el \u00e9xito de cualquier proyecto.<\/p>\n","protected":false},"featured_media":14663,"template":"","meta":[],"product_brand":[339],"product_cat":[261],"product_tag":[319],"class_list":{"0":"post-14662","1":"product","2":"type-product","3":"status-publish","4":"has-post-thumbnail","6":"product_brand-dileoffice","7":"product_cat-sillas-de-estudio","8":"product_tag-sillas","10":"entry","11":"has-media","13":"first","14":"instock","15":"taxable","16":"shipping-taxable","17":"product-type-simple","18":"has-product-nav","19":"col","20":"span_1_of_3","21":"owp-content-center","22":"owp-thumbs-layout-horizontal","23":"owp-btn-normal","24":"owp-tabs-layout-horizontal"},"_links":{"self":[{"href":"https:\/\/mundimueble.com\/index.php\/wp-json\/wp\/v2\/product\/14662","targetHints":{"allow":["GET"]}}],"collection":[{"href":"https:\/\/mundimueble.com\/index.php\/wp-json\/wp\/v2\/product"}],"about":[{"href":"https:\/\/mundimueble.com\/index.php\/wp-json\/wp\/v2\/types\/product"}],"version-history":[{"count":0,"href":"https:\/\/mundimueble.com\/index.php\/wp-json\/wp\/v2\/product\/14662\/revisions"}],"wp:featuredmedia":[{"embeddable":true,"href":"https:\/\/mundimueble.com\/index.php\/wp-json\/wp\/v2\/media\/14663"}],"wp:attachment":[{"href":"https:\/\/mundimueble.com\/index.php\/wp-json\/wp\/v2\/media?parent=14662"}],"wp:term":[{"taxonomy":"product_brand","embeddable":true,"href":"https:\/\/mundimueble.com\/index.php\/wp-json\/wp\/v2\/product_brand?post=14662"},{"taxonomy":"product_cat","embeddable":true,"href":"https:\/\/mundimueble.com\/index.php\/wp-json\/wp\/v2\/product_cat?post=14662"},{"taxonomy":"product_tag","embeddable":true,"href":"https:\/\/mundimueble.com\/index.php\/wp-json\/wp\/v2\/product_tag?post=14662"}],"curies":[{"name":"wp","href":"https:\/\/api.w.org\/{rel}","templated":true}]}}