{"id":14638,"date":"2023-05-23T11:59:23","date_gmt":"2023-05-23T09:59:23","guid":{"rendered":"https:\/\/mundimueble.com\/?post_type=product&#038;p=14638"},"modified":"2025-10-28T13:07:37","modified_gmt":"2025-10-28T11:07:37","slug":"silla-atika-diles","status":"publish","type":"product","link":"https:\/\/mundimueble.com\/index.php\/producto\/silla-atika-diles\/","title":{"rendered":"Silla Atika"},"content":{"rendered":"<p style=\"text-align: left\">Atika es la silla operativa que representa el impulso, la renovaci\u00f3n y la adaptaci\u00f3n a las exigencias de los nuevos entornos corporativos: m\u00e1s ligeros, m\u00e1s eficientes, m\u00e1s productivos, mejores. Redefine la palabra ergonom\u00eda con las m\u00e1ximas prestaciones del mercado.<\/p>\n<p>DISPONIBLE EN:<\/p>\n<ul>\n<li>Malla<\/li>\n<li>Tapizada<\/li>\n<\/ul>\n","protected":false},"excerpt":{"rendered":"<p>Atika es la silla operativa que representa el impulso, la renovaci\u00f3n y la adaptaci\u00f3n a las exigencias de los nuevos entornos corporativos: m\u00e1s ligeros, m\u00e1s eficientes, m\u00e1s productivos, mejores. Redefine la palabra ergonom\u00eda con las m\u00e1ximas prestaciones del mercado. DISPONIBLE EN: Malla Tapizada<\/p>\n","protected":false},"featured_media":14639,"template":"","meta":[],"product_brand":[339],"product_cat":[261],"product_tag":[319],"class_list":{"0":"post-14638","1":"product","2":"type-product","3":"status-publish","4":"has-post-thumbnail","6":"product_brand-dileoffice","7":"product_cat-sillas-de-estudio","8":"product_tag-sillas","10":"entry","11":"has-media","13":"first","14":"instock","15":"taxable","16":"shipping-taxable","17":"product-type-simple","18":"has-product-nav","19":"col","20":"span_1_of_3","21":"owp-content-center","22":"owp-thumbs-layout-horizontal","23":"owp-btn-normal","24":"owp-tabs-layout-horizontal"},"_links":{"self":[{"href":"https:\/\/mundimueble.com\/index.php\/wp-json\/wp\/v2\/product\/14638","targetHints":{"allow":["GET"]}}],"collection":[{"href":"https:\/\/mundimueble.com\/index.php\/wp-json\/wp\/v2\/product"}],"about":[{"href":"https:\/\/mundimueble.com\/index.php\/wp-json\/wp\/v2\/types\/product"}],"version-history":[{"count":1,"href":"https:\/\/mundimueble.com\/index.php\/wp-json\/wp\/v2\/product\/14638\/revisions"}],"predecessor-version":[{"id":14645,"href":"https:\/\/mundimueble.com\/index.php\/wp-json\/wp\/v2\/product\/14638\/revisions\/14645"}],"wp:featuredmedia":[{"embeddable":true,"href":"https:\/\/mundimueble.com\/index.php\/wp-json\/wp\/v2\/media\/14639"}],"wp:attachment":[{"href":"https:\/\/mundimueble.com\/index.php\/wp-json\/wp\/v2\/media?parent=14638"}],"wp:term":[{"taxonomy":"product_brand","embeddable":true,"href":"https:\/\/mundimueble.com\/index.php\/wp-json\/wp\/v2\/product_brand?post=14638"},{"taxonomy":"product_cat","embeddable":true,"href":"https:\/\/mundimueble.com\/index.php\/wp-json\/wp\/v2\/product_cat?post=14638"},{"taxonomy":"product_tag","embeddable":true,"href":"https:\/\/mundimueble.com\/index.php\/wp-json\/wp\/v2\/product_tag?post=14638"}],"curies":[{"name":"wp","href":"https:\/\/api.w.org\/{rel}","templated":true}]}}