{"id":14592,"date":"2023-05-18T12:12:09","date_gmt":"2023-05-18T10:12:09","guid":{"rendered":"https:\/\/mundimueble.com\/?post_type=product&#038;p=14592"},"modified":"2025-10-28T13:09:03","modified_gmt":"2025-10-28T11:09:03","slug":"silla-skena-dile","status":"publish","type":"product","link":"https:\/\/mundimueble.com\/index.php\/producto\/silla-skena-dile\/","title":{"rendered":"Silla Skena"},"content":{"rendered":"<p>Skena es la nueva silla operativa saludable con respaldo en malla y un soporte lumbar dise\u00f1ado para que regule de manera independiente, favoreciendo la adaptaci\u00f3n asim\u00e9trica a cada usuario. Su forma org\u00e1nica y curva pronunciada anticipa a simple vista su comodidad y ergonom\u00eda.<\/p>\n","protected":false},"excerpt":{"rendered":"<p>Skena es la nueva silla operativa saludable con respaldo en malla y un soporte lumbar dise\u00f1ado para que regule de manera independiente, favoreciendo la adaptaci\u00f3n asim\u00e9trica a cada usuario. Su forma org\u00e1nica y curva pronunciada anticipa a simple vista su comodidad y ergonom\u00eda.<\/p>\n","protected":false},"featured_media":14594,"template":"","meta":[],"product_brand":[339],"product_cat":[261],"product_tag":[319],"class_list":{"0":"post-14592","1":"product","2":"type-product","3":"status-publish","4":"has-post-thumbnail","6":"product_brand-dileoffice","7":"product_cat-sillas-de-estudio","8":"product_tag-sillas","10":"entry","11":"has-media","13":"first","14":"instock","15":"taxable","16":"shipping-taxable","17":"product-type-simple","18":"has-product-nav","19":"col","20":"span_1_of_3","21":"owp-content-center","22":"owp-thumbs-layout-horizontal","23":"owp-btn-normal","24":"owp-tabs-layout-horizontal"},"_links":{"self":[{"href":"https:\/\/mundimueble.com\/index.php\/wp-json\/wp\/v2\/product\/14592","targetHints":{"allow":["GET"]}}],"collection":[{"href":"https:\/\/mundimueble.com\/index.php\/wp-json\/wp\/v2\/product"}],"about":[{"href":"https:\/\/mundimueble.com\/index.php\/wp-json\/wp\/v2\/types\/product"}],"version-history":[{"count":0,"href":"https:\/\/mundimueble.com\/index.php\/wp-json\/wp\/v2\/product\/14592\/revisions"}],"wp:featuredmedia":[{"embeddable":true,"href":"https:\/\/mundimueble.com\/index.php\/wp-json\/wp\/v2\/media\/14594"}],"wp:attachment":[{"href":"https:\/\/mundimueble.com\/index.php\/wp-json\/wp\/v2\/media?parent=14592"}],"wp:term":[{"taxonomy":"product_brand","embeddable":true,"href":"https:\/\/mundimueble.com\/index.php\/wp-json\/wp\/v2\/product_brand?post=14592"},{"taxonomy":"product_cat","embeddable":true,"href":"https:\/\/mundimueble.com\/index.php\/wp-json\/wp\/v2\/product_cat?post=14592"},{"taxonomy":"product_tag","embeddable":true,"href":"https:\/\/mundimueble.com\/index.php\/wp-json\/wp\/v2\/product_tag?post=14592"}],"curies":[{"name":"wp","href":"https:\/\/api.w.org\/{rel}","templated":true}]}}