{"id":14455,"date":"2023-05-02T11:03:21","date_gmt":"2023-05-02T09:03:21","guid":{"rendered":"https:\/\/mundimueble.com\/?post_type=product&#038;p=14455"},"modified":"2025-10-28T13:09:42","modified_gmt":"2025-10-28T11:09:42","slug":"silla-bergen-bogal","status":"publish","type":"product","link":"https:\/\/mundimueble.com\/index.php\/producto\/silla-bergen-bogal\/","title":{"rendered":"Silla Bergen"},"content":{"rendered":"<p>Silla con asiento y respaldo tapizados. Patas de metal negras.<\/p>\n<p>Disponible en:<\/p>\n<ul>\n<li>marr\u00f3n<\/li>\n<li>mostaza<\/li>\n<li>salm\u00f3n<\/li>\n<li>verde<\/li>\n<li>azul<\/li>\n<li>gris<\/li>\n<li>n\u00e1car<\/li>\n<\/ul>\n<p>&nbsp;<\/p>\n","protected":false},"excerpt":{"rendered":"<p>Silla con asiento y respaldo tapizados. Patas de metal negras. Disponible en: marr\u00f3n mostaza salm\u00f3n verde azul gris n\u00e1car &nbsp;<\/p>\n","protected":false},"featured_media":14456,"template":"","meta":[],"product_brand":[341],"product_cat":[262],"product_tag":[319],"class_list":{"0":"post-14455","1":"product","2":"type-product","3":"status-publish","4":"has-post-thumbnail","6":"product_brand-bogal","7":"product_cat-sillas-de-comedor","8":"product_tag-sillas","10":"entry","11":"has-media","13":"first","14":"instock","15":"taxable","16":"shipping-taxable","17":"product-type-simple","18":"has-product-nav","19":"col","20":"span_1_of_3","21":"owp-content-center","22":"owp-thumbs-layout-horizontal","23":"owp-btn-normal","24":"owp-tabs-layout-horizontal"},"_links":{"self":[{"href":"https:\/\/mundimueble.com\/index.php\/wp-json\/wp\/v2\/product\/14455","targetHints":{"allow":["GET"]}}],"collection":[{"href":"https:\/\/mundimueble.com\/index.php\/wp-json\/wp\/v2\/product"}],"about":[{"href":"https:\/\/mundimueble.com\/index.php\/wp-json\/wp\/v2\/types\/product"}],"version-history":[{"count":0,"href":"https:\/\/mundimueble.com\/index.php\/wp-json\/wp\/v2\/product\/14455\/revisions"}],"wp:featuredmedia":[{"embeddable":true,"href":"https:\/\/mundimueble.com\/index.php\/wp-json\/wp\/v2\/media\/14456"}],"wp:attachment":[{"href":"https:\/\/mundimueble.com\/index.php\/wp-json\/wp\/v2\/media?parent=14455"}],"wp:term":[{"taxonomy":"product_brand","embeddable":true,"href":"https:\/\/mundimueble.com\/index.php\/wp-json\/wp\/v2\/product_brand?post=14455"},{"taxonomy":"product_cat","embeddable":true,"href":"https:\/\/mundimueble.com\/index.php\/wp-json\/wp\/v2\/product_cat?post=14455"},{"taxonomy":"product_tag","embeddable":true,"href":"https:\/\/mundimueble.com\/index.php\/wp-json\/wp\/v2\/product_tag?post=14455"}],"curies":[{"name":"wp","href":"https:\/\/api.w.org\/{rel}","templated":true}]}}