{"id":14445,"date":"2023-05-02T10:47:42","date_gmt":"2023-05-02T08:47:42","guid":{"rendered":"https:\/\/mundimueble.com\/?post_type=product&#038;p=14445"},"modified":"2025-10-28T13:09:54","modified_gmt":"2025-10-28T11:09:54","slug":"silla-beirut-bogal","status":"publish","type":"product","link":"https:\/\/mundimueble.com\/index.php\/producto\/silla-beirut-bogal\/","title":{"rendered":"Silla Beirut"},"content":{"rendered":"<p>Silla con asiento y respaldo tapizados. Patas de metal negras.<\/p>\n<p>Silla disponible en:<\/p>\n<ul>\n<li>marr\u00f3n<\/li>\n<li>mostaza<\/li>\n<li>salm\u00f3n<\/li>\n<li>verde<\/li>\n<li>azul<\/li>\n<li>gris<\/li>\n<li>n\u00e1car<\/li>\n<\/ul>\n","protected":false},"excerpt":{"rendered":"<p>Silla con asiento y respaldo tapizados. Patas de metal negras. Silla disponible en: marr\u00f3n mostaza salm\u00f3n verde azul gris n\u00e1car<\/p>\n","protected":false},"featured_media":14446,"template":"","meta":[],"product_brand":[341],"product_cat":[262],"product_tag":[319],"class_list":{"0":"post-14445","1":"product","2":"type-product","3":"status-publish","4":"has-post-thumbnail","6":"product_brand-bogal","7":"product_cat-sillas-de-comedor","8":"product_tag-sillas","10":"entry","11":"has-media","13":"first","14":"instock","15":"taxable","16":"shipping-taxable","17":"product-type-simple","18":"has-product-nav","19":"col","20":"span_1_of_3","21":"owp-content-center","22":"owp-thumbs-layout-horizontal","23":"owp-btn-normal","24":"owp-tabs-layout-horizontal"},"_links":{"self":[{"href":"https:\/\/mundimueble.com\/index.php\/wp-json\/wp\/v2\/product\/14445","targetHints":{"allow":["GET"]}}],"collection":[{"href":"https:\/\/mundimueble.com\/index.php\/wp-json\/wp\/v2\/product"}],"about":[{"href":"https:\/\/mundimueble.com\/index.php\/wp-json\/wp\/v2\/types\/product"}],"version-history":[{"count":0,"href":"https:\/\/mundimueble.com\/index.php\/wp-json\/wp\/v2\/product\/14445\/revisions"}],"wp:featuredmedia":[{"embeddable":true,"href":"https:\/\/mundimueble.com\/index.php\/wp-json\/wp\/v2\/media\/14446"}],"wp:attachment":[{"href":"https:\/\/mundimueble.com\/index.php\/wp-json\/wp\/v2\/media?parent=14445"}],"wp:term":[{"taxonomy":"product_brand","embeddable":true,"href":"https:\/\/mundimueble.com\/index.php\/wp-json\/wp\/v2\/product_brand?post=14445"},{"taxonomy":"product_cat","embeddable":true,"href":"https:\/\/mundimueble.com\/index.php\/wp-json\/wp\/v2\/product_cat?post=14445"},{"taxonomy":"product_tag","embeddable":true,"href":"https:\/\/mundimueble.com\/index.php\/wp-json\/wp\/v2\/product_tag?post=14445"}],"curies":[{"name":"wp","href":"https:\/\/api.w.org\/{rel}","templated":true}]}}