{"id":14320,"date":"2023-04-24T12:52:37","date_gmt":"2023-04-24T10:52:37","guid":{"rendered":"https:\/\/mundimueble.com\/?post_type=product&#038;p=14320"},"modified":"2025-10-01T12:27:51","modified_gmt":"2025-10-01T10:27:51","slug":"butaca-m-600-top-tapizados","status":"publish","type":"product","link":"https:\/\/mundimueble.com\/index.php\/producto\/butaca-m-600-top-tapizados\/","title":{"rendered":"Butaca M-600 Relax"},"content":{"rendered":"<p>SILL\u00d3N RELAX: COJ\u00cdN ASIENTO GOMA 32KG. 9 CM. + 2 CM. DE 35 SUAVE (SIN MUELLES)<\/p>\n<ul>\n<li><strong>ARMAZ\u00d3N:<\/strong>\u00a0Madera de pino y aglomerado de 1\u00aa.<\/li>\n<li><strong>ASIENTO:<\/strong>\u00a0Con cincha el\u00e1stica de 8 cm. garantizada.<\/li>\n<li><strong>COJ\u00cdN ASIENTO:<\/strong>\u00a0Goma de 32 kg. 9 cm. + 2 cm. de 35 suave (sin muelles).<\/li>\n<li><strong>RESPALDO:<\/strong>\u00a0Goma 25 kg. s\u00faper suave.<\/li>\n<li><strong>ALMOHADA DE RESPALDO Y ASIENTO:<\/strong>\u00a0Desenfundables.<\/li>\n<li><strong>PATAS:<\/strong>\u00a0Brown de 12,5 cm. de altura.<\/li>\n<\/ul>\n","protected":false},"excerpt":{"rendered":"<p>SILL\u00d3N RELAX: COJ\u00cdN ASIENTO GOMA 32KG. 9 CM. + 2 CM. DE 35 SUAVE (SIN MUELLES) ARMAZ\u00d3N:\u00a0Madera de pino y aglomerado de 1\u00aa. ASIENTO:\u00a0Con cincha el\u00e1stica de 8 cm. garantizada. COJ\u00cdN ASIENTO:\u00a0Goma de 32 kg. 9 cm. + 2 cm. de 35 suave (sin muelles). RESPALDO:\u00a0Goma 25 kg. s\u00faper suave. ALMOHADA DE RESPALDO Y ASIENTO:\u00a0Desenfundables. [&hellip;]<\/p>\n","protected":false},"featured_media":14321,"template":"","meta":[],"product_brand":[298],"product_cat":[205],"product_tag":[334],"class_list":{"0":"post-14320","1":"product","2":"type-product","3":"status-publish","4":"has-post-thumbnail","6":"product_brand-top-tapizados","7":"product_cat-sillones-y-butacas","8":"product_tag-sillon","10":"entry","11":"has-media","13":"first","14":"instock","15":"taxable","16":"shipping-taxable","17":"product-type-simple","18":"has-product-nav","19":"col","20":"span_1_of_3","21":"owp-content-center","22":"owp-thumbs-layout-horizontal","23":"owp-btn-normal","24":"owp-tabs-layout-horizontal"},"_links":{"self":[{"href":"https:\/\/mundimueble.com\/index.php\/wp-json\/wp\/v2\/product\/14320","targetHints":{"allow":["GET"]}}],"collection":[{"href":"https:\/\/mundimueble.com\/index.php\/wp-json\/wp\/v2\/product"}],"about":[{"href":"https:\/\/mundimueble.com\/index.php\/wp-json\/wp\/v2\/types\/product"}],"version-history":[{"count":1,"href":"https:\/\/mundimueble.com\/index.php\/wp-json\/wp\/v2\/product\/14320\/revisions"}],"predecessor-version":[{"id":15348,"href":"https:\/\/mundimueble.com\/index.php\/wp-json\/wp\/v2\/product\/14320\/revisions\/15348"}],"wp:featuredmedia":[{"embeddable":true,"href":"https:\/\/mundimueble.com\/index.php\/wp-json\/wp\/v2\/media\/14321"}],"wp:attachment":[{"href":"https:\/\/mundimueble.com\/index.php\/wp-json\/wp\/v2\/media?parent=14320"}],"wp:term":[{"taxonomy":"product_brand","embeddable":true,"href":"https:\/\/mundimueble.com\/index.php\/wp-json\/wp\/v2\/product_brand?post=14320"},{"taxonomy":"product_cat","embeddable":true,"href":"https:\/\/mundimueble.com\/index.php\/wp-json\/wp\/v2\/product_cat?post=14320"},{"taxonomy":"product_tag","embeddable":true,"href":"https:\/\/mundimueble.com\/index.php\/wp-json\/wp\/v2\/product_tag?post=14320"}],"curies":[{"name":"wp","href":"https:\/\/api.w.org\/{rel}","templated":true}]}}