{"id":14200,"date":"2023-04-20T13:21:23","date_gmt":"2023-04-20T11:21:23","guid":{"rendered":"https:\/\/mundimueble.com\/?post_type=product&#038;p=14200"},"modified":"2025-09-24T13:00:56","modified_gmt":"2025-09-24T11:00:56","slug":"sofa-panda-top-tapizados-2","status":"publish","type":"product","link":"https:\/\/mundimueble.com\/index.php\/producto\/sofa-panda-top-tapizados-2\/","title":{"rendered":"Sof\u00e1 Modular Panda"},"content":{"rendered":"<p>Sof\u00e1 Modular modelo Panda, del fabricante Top Tapizados.<\/p>\n<p>El sof\u00e1 Panda se vende por m\u00f3dulos, de forma que se ajustar\u00e1 a la perfecci\u00f3n a tus espacios. Disponible en asiento tanto deslizante como fijo.<\/p>\n<ul>\n<li>Armaz\u00f3n: Madera de pino y aglomerado de 1\u00aa.<\/li>\n<li>Asiento: Muelles.<\/li>\n<li>Coj\u00edn asiento: Goma de 32 kg. y bloque de muelles ensacados.<\/li>\n<li>Respaldo, cabezal y brazo: Goma \u2013 espuma de 20 kg. S.S.<\/li>\n<li>Almohadas de respaldo, brazos y asiento: Desenfundables.<\/li>\n<li>Patas cromadas de 5 cm de altura.<\/li>\n<li>Cabezal abatible.<\/li>\n<\/ul>\n","protected":false},"excerpt":{"rendered":"<p>Sof\u00e1 Modular modelo Panda, del fabricante Top Tapizados. El sof\u00e1 Panda se vende por m\u00f3dulos, de forma que se ajustar\u00e1 a la perfecci\u00f3n a tus espacios. Disponible en asiento tanto deslizante como fijo. Armaz\u00f3n: Madera de pino y aglomerado de 1\u00aa. Asiento: Muelles. Coj\u00edn asiento: Goma de 32 kg. y bloque de muelles ensacados. Respaldo, [&hellip;]<\/p>\n","protected":false},"featured_media":14201,"template":"","meta":[],"product_brand":[298],"product_cat":[204,195],"product_tag":[322,297],"class_list":{"0":"post-14200","1":"product","2":"type-product","3":"status-publish","4":"has-post-thumbnail","6":"product_brand-top-tapizados","7":"product_cat-sofas-y-chaiselongues","8":"product_cat-sofas-y-sillones","9":"product_tag-chaise-longue","10":"product_tag-sofa","12":"entry","13":"has-media","15":"first","16":"instock","17":"taxable","18":"shipping-taxable","19":"product-type-simple","20":"has-product-nav","21":"col","22":"span_1_of_3","23":"owp-content-center","24":"owp-thumbs-layout-horizontal","25":"owp-btn-normal","26":"owp-tabs-layout-horizontal"},"_links":{"self":[{"href":"https:\/\/mundimueble.com\/index.php\/wp-json\/wp\/v2\/product\/14200","targetHints":{"allow":["GET"]}}],"collection":[{"href":"https:\/\/mundimueble.com\/index.php\/wp-json\/wp\/v2\/product"}],"about":[{"href":"https:\/\/mundimueble.com\/index.php\/wp-json\/wp\/v2\/types\/product"}],"version-history":[{"count":1,"href":"https:\/\/mundimueble.com\/index.php\/wp-json\/wp\/v2\/product\/14200\/revisions"}],"predecessor-version":[{"id":15280,"href":"https:\/\/mundimueble.com\/index.php\/wp-json\/wp\/v2\/product\/14200\/revisions\/15280"}],"wp:featuredmedia":[{"embeddable":true,"href":"https:\/\/mundimueble.com\/index.php\/wp-json\/wp\/v2\/media\/14201"}],"wp:attachment":[{"href":"https:\/\/mundimueble.com\/index.php\/wp-json\/wp\/v2\/media?parent=14200"}],"wp:term":[{"taxonomy":"product_brand","embeddable":true,"href":"https:\/\/mundimueble.com\/index.php\/wp-json\/wp\/v2\/product_brand?post=14200"},{"taxonomy":"product_cat","embeddable":true,"href":"https:\/\/mundimueble.com\/index.php\/wp-json\/wp\/v2\/product_cat?post=14200"},{"taxonomy":"product_tag","embeddable":true,"href":"https:\/\/mundimueble.com\/index.php\/wp-json\/wp\/v2\/product_tag?post=14200"}],"curies":[{"name":"wp","href":"https:\/\/api.w.org\/{rel}","templated":true}]}}