{"id":13960,"date":"2023-04-15T11:35:42","date_gmt":"2023-04-15T09:35:42","guid":{"rendered":"https:\/\/mundimueble.com\/?post_type=product&#038;p=13960"},"modified":"2025-09-17T13:49:26","modified_gmt":"2025-09-17T11:49:26","slug":"entradita-franco-maximo-ii-4","status":"publish","type":"product","link":"https:\/\/mundimueble.com\/index.php\/producto\/entradita-franco-maximo-ii-4\/","title":{"rendered":"Entradita M\u00e1ximo II &#8211; MX30"},"content":{"rendered":"<p>Entradita del cat\u00e1logo M\u00e1ximo II, fabricado por Franco Furniture, disponible en dorado y plata.<\/p>\n","protected":false},"excerpt":{"rendered":"<p>Entradita del cat\u00e1logo M\u00e1ximo II, fabricado por Franco Furniture, disponible en dorado y plata.<\/p>\n","protected":false},"featured_media":13961,"template":"","meta":[],"product_brand":[335],"product_cat":[194],"product_tag":[338,337],"class_list":{"0":"post-13960","1":"product","2":"type-product","3":"status-publish","4":"has-post-thumbnail","6":"product_brand-franco-furniture","7":"product_cat-entraditas","8":"product_tag-entraditas","9":"product_tag-maximo-ii","11":"entry","12":"has-media","14":"first","15":"instock","16":"taxable","17":"shipping-taxable","18":"product-type-simple","19":"has-product-nav","20":"col","21":"span_1_of_3","22":"owp-content-center","23":"owp-thumbs-layout-horizontal","24":"owp-btn-normal","25":"owp-tabs-layout-horizontal","26":"has-no-thumbnails"},"_links":{"self":[{"href":"https:\/\/mundimueble.com\/index.php\/wp-json\/wp\/v2\/product\/13960","targetHints":{"allow":["GET"]}}],"collection":[{"href":"https:\/\/mundimueble.com\/index.php\/wp-json\/wp\/v2\/product"}],"about":[{"href":"https:\/\/mundimueble.com\/index.php\/wp-json\/wp\/v2\/types\/product"}],"version-history":[{"count":1,"href":"https:\/\/mundimueble.com\/index.php\/wp-json\/wp\/v2\/product\/13960\/revisions"}],"predecessor-version":[{"id":15327,"href":"https:\/\/mundimueble.com\/index.php\/wp-json\/wp\/v2\/product\/13960\/revisions\/15327"}],"wp:featuredmedia":[{"embeddable":true,"href":"https:\/\/mundimueble.com\/index.php\/wp-json\/wp\/v2\/media\/13961"}],"wp:attachment":[{"href":"https:\/\/mundimueble.com\/index.php\/wp-json\/wp\/v2\/media?parent=13960"}],"wp:term":[{"taxonomy":"product_brand","embeddable":true,"href":"https:\/\/mundimueble.com\/index.php\/wp-json\/wp\/v2\/product_brand?post=13960"},{"taxonomy":"product_cat","embeddable":true,"href":"https:\/\/mundimueble.com\/index.php\/wp-json\/wp\/v2\/product_cat?post=13960"},{"taxonomy":"product_tag","embeddable":true,"href":"https:\/\/mundimueble.com\/index.php\/wp-json\/wp\/v2\/product_tag?post=13960"}],"curies":[{"name":"wp","href":"https:\/\/api.w.org\/{rel}","templated":true}]}}