{"id":13923,"date":"2023-04-11T12:53:33","date_gmt":"2023-04-11T10:53:33","guid":{"rendered":"https:\/\/mundimueble.com\/?post_type=product&#038;p=13923"},"modified":"2025-09-15T13:46:30","modified_gmt":"2025-09-15T11:46:30","slug":"tocador","status":"publish","type":"product","link":"https:\/\/mundimueble.com\/index.php\/producto\/tocador\/","title":{"rendered":"Tocador M\u00e1ximo II &#8211; MX50"},"content":{"rendered":"<p>Tocador del cat\u00e1logo M\u00e1ximo II, fabricado por Franco Furniture.<\/p>\n","protected":false},"excerpt":{"rendered":"<p>Tocador del cat\u00e1logo M\u00e1ximo II, fabricado por Franco Furniture.<\/p>\n","protected":false},"featured_media":13924,"template":"","meta":[],"product_brand":[335],"product_cat":[240],"product_tag":[337,336],"class_list":{"0":"post-13923","1":"product","2":"type-product","3":"status-publish","4":"has-post-thumbnail","6":"product_brand-franco-furniture","7":"product_cat-tocadores","8":"product_tag-maximo-ii","9":"product_tag-tocador","11":"entry","12":"has-media","14":"first","15":"instock","16":"taxable","17":"shipping-taxable","18":"product-type-simple","19":"has-product-nav","20":"col","21":"span_1_of_3","22":"owp-content-center","23":"owp-thumbs-layout-horizontal","24":"owp-btn-normal","25":"owp-tabs-layout-horizontal","26":"has-no-thumbnails"},"_links":{"self":[{"href":"https:\/\/mundimueble.com\/index.php\/wp-json\/wp\/v2\/product\/13923","targetHints":{"allow":["GET"]}}],"collection":[{"href":"https:\/\/mundimueble.com\/index.php\/wp-json\/wp\/v2\/product"}],"about":[{"href":"https:\/\/mundimueble.com\/index.php\/wp-json\/wp\/v2\/types\/product"}],"version-history":[{"count":1,"href":"https:\/\/mundimueble.com\/index.php\/wp-json\/wp\/v2\/product\/13923\/revisions"}],"predecessor-version":[{"id":15317,"href":"https:\/\/mundimueble.com\/index.php\/wp-json\/wp\/v2\/product\/13923\/revisions\/15317"}],"wp:featuredmedia":[{"embeddable":true,"href":"https:\/\/mundimueble.com\/index.php\/wp-json\/wp\/v2\/media\/13924"}],"wp:attachment":[{"href":"https:\/\/mundimueble.com\/index.php\/wp-json\/wp\/v2\/media?parent=13923"}],"wp:term":[{"taxonomy":"product_brand","embeddable":true,"href":"https:\/\/mundimueble.com\/index.php\/wp-json\/wp\/v2\/product_brand?post=13923"},{"taxonomy":"product_cat","embeddable":true,"href":"https:\/\/mundimueble.com\/index.php\/wp-json\/wp\/v2\/product_cat?post=13923"},{"taxonomy":"product_tag","embeddable":true,"href":"https:\/\/mundimueble.com\/index.php\/wp-json\/wp\/v2\/product_tag?post=13923"}],"curies":[{"name":"wp","href":"https:\/\/api.w.org\/{rel}","templated":true}]}}