{"id":13912,"date":"2023-04-04T13:00:08","date_gmt":"2023-04-04T11:00:08","guid":{"rendered":"https:\/\/mundimueble.com\/?post_type=product&#038;p=13912"},"modified":"2025-09-15T12:41:15","modified_gmt":"2025-09-15T10:41:15","slug":"dormitorio-juvenil-064","status":"publish","type":"product","link":"https:\/\/mundimueble.com\/index.php\/producto\/dormitorio-juvenil-064\/","title":{"rendered":"Dormitorio juvenil \u00c1rea Joven &#8211; 064"},"content":{"rendered":"<p>LA HABITACI\u00d3N DEL BEB\u00c9,<br \/>\nOPTIMIZANDO EL ESPACIO Y BRINDANDO<br \/>\nSOLUCIONES PR\u00c1CTICAS A MEDIDA<br \/>\nQUE LOS NI\u00d1OS CRECEN.<\/p>\n<p>Acabado Base: Roble<br \/>\nCombinaci\u00f3n: Nevado y Crema<br \/>\nTirador: Redondo<\/p>\n","protected":false},"excerpt":{"rendered":"<p>LA HABITACI\u00d3N DEL BEB\u00c9, OPTIMIZANDO EL ESPACIO Y BRINDANDO SOLUCIONES PR\u00c1CTICAS A MEDIDA QUE LOS NI\u00d1OS CRECEN. Acabado Base: Roble Combinaci\u00f3n: Nevado y Crema Tirador: Redondo<\/p>\n","protected":false},"featured_media":13913,"template":"","meta":[],"product_brand":[328],"product_cat":[188,189],"product_tag":[333,301,306],"class_list":{"0":"post-13912","1":"product","2":"type-product","3":"status-publish","4":"has-post-thumbnail","6":"product_brand-hnos-aparicio-donoso","7":"product_cat-dormitorios","8":"product_cat-dormitorio-juvenil","9":"product_tag-cuna","10":"product_tag-dormitorio","11":"product_tag-dormitorio-juvenil","13":"entry","14":"has-media","16":"first","17":"instock","18":"taxable","19":"shipping-taxable","20":"product-type-simple","21":"has-product-nav","22":"col","23":"span_1_of_3","24":"owp-content-center","25":"owp-thumbs-layout-horizontal","26":"owp-btn-normal","27":"owp-tabs-layout-horizontal"},"_links":{"self":[{"href":"https:\/\/mundimueble.com\/index.php\/wp-json\/wp\/v2\/product\/13912","targetHints":{"allow":["GET"]}}],"collection":[{"href":"https:\/\/mundimueble.com\/index.php\/wp-json\/wp\/v2\/product"}],"about":[{"href":"https:\/\/mundimueble.com\/index.php\/wp-json\/wp\/v2\/types\/product"}],"version-history":[{"count":0,"href":"https:\/\/mundimueble.com\/index.php\/wp-json\/wp\/v2\/product\/13912\/revisions"}],"wp:featuredmedia":[{"embeddable":true,"href":"https:\/\/mundimueble.com\/index.php\/wp-json\/wp\/v2\/media\/13913"}],"wp:attachment":[{"href":"https:\/\/mundimueble.com\/index.php\/wp-json\/wp\/v2\/media?parent=13912"}],"wp:term":[{"taxonomy":"product_brand","embeddable":true,"href":"https:\/\/mundimueble.com\/index.php\/wp-json\/wp\/v2\/product_brand?post=13912"},{"taxonomy":"product_cat","embeddable":true,"href":"https:\/\/mundimueble.com\/index.php\/wp-json\/wp\/v2\/product_cat?post=13912"},{"taxonomy":"product_tag","embeddable":true,"href":"https:\/\/mundimueble.com\/index.php\/wp-json\/wp\/v2\/product_tag?post=13912"}],"curies":[{"name":"wp","href":"https:\/\/api.w.org\/{rel}","templated":true}]}}