{"id":13903,"date":"2023-04-04T12:27:57","date_gmt":"2023-04-04T10:27:57","guid":{"rendered":"https:\/\/mundimueble.com\/?post_type=product&#038;p=13903"},"modified":"2025-09-15T12:35:03","modified_gmt":"2025-09-15T10:35:03","slug":"dormitorio-juvenil-062","status":"publish","type":"product","link":"https:\/\/mundimueble.com\/index.php\/producto\/dormitorio-juvenil-062\/","title":{"rendered":"Dormitorio juvenil \u00c1rea Joven &#8211; 062"},"content":{"rendered":"<p>\u00a1MUCHO M\u00c1S QUE UNA CUNA!<br \/>\nCON LAS CUNAS CONVERTIBLES TENDR\u00c1S<br \/>\nUN DORMITORIO MUCHO M\u00c1S ESPACIOSO<br \/>\nPARA TUS PEQUES. MUY PR\u00c1CTICA.<\/p>\n<p>Acabado Base: Sauce<br \/>\nCombinaci\u00f3n: Crema y Miel<br \/>\nTirador: Rectangular embutido<\/p>\n","protected":false},"excerpt":{"rendered":"<p>\u00a1MUCHO M\u00c1S QUE UNA CUNA! CON LAS CUNAS CONVERTIBLES TENDR\u00c1S UN DORMITORIO MUCHO M\u00c1S ESPACIOSO PARA TUS PEQUES. MUY PR\u00c1CTICA. Acabado Base: Sauce Combinaci\u00f3n: Crema y Miel Tirador: Rectangular embutido<\/p>\n","protected":false},"featured_media":13905,"template":"","meta":[],"product_brand":[328],"product_cat":[188,189],"product_tag":[333,301,306],"class_list":{"0":"post-13903","1":"product","2":"type-product","3":"status-publish","4":"has-post-thumbnail","6":"product_brand-hnos-aparicio-donoso","7":"product_cat-dormitorios","8":"product_cat-dormitorio-juvenil","9":"product_tag-cuna","10":"product_tag-dormitorio","11":"product_tag-dormitorio-juvenil","13":"entry","14":"has-media","16":"first","17":"instock","18":"taxable","19":"shipping-taxable","20":"product-type-simple","21":"has-product-nav","22":"col","23":"span_1_of_3","24":"owp-content-center","25":"owp-thumbs-layout-horizontal","26":"owp-btn-normal","27":"owp-tabs-layout-horizontal"},"_links":{"self":[{"href":"https:\/\/mundimueble.com\/index.php\/wp-json\/wp\/v2\/product\/13903","targetHints":{"allow":["GET"]}}],"collection":[{"href":"https:\/\/mundimueble.com\/index.php\/wp-json\/wp\/v2\/product"}],"about":[{"href":"https:\/\/mundimueble.com\/index.php\/wp-json\/wp\/v2\/types\/product"}],"version-history":[{"count":0,"href":"https:\/\/mundimueble.com\/index.php\/wp-json\/wp\/v2\/product\/13903\/revisions"}],"wp:featuredmedia":[{"embeddable":true,"href":"https:\/\/mundimueble.com\/index.php\/wp-json\/wp\/v2\/media\/13905"}],"wp:attachment":[{"href":"https:\/\/mundimueble.com\/index.php\/wp-json\/wp\/v2\/media?parent=13903"}],"wp:term":[{"taxonomy":"product_brand","embeddable":true,"href":"https:\/\/mundimueble.com\/index.php\/wp-json\/wp\/v2\/product_brand?post=13903"},{"taxonomy":"product_cat","embeddable":true,"href":"https:\/\/mundimueble.com\/index.php\/wp-json\/wp\/v2\/product_cat?post=13903"},{"taxonomy":"product_tag","embeddable":true,"href":"https:\/\/mundimueble.com\/index.php\/wp-json\/wp\/v2\/product_tag?post=13903"}],"curies":[{"name":"wp","href":"https:\/\/api.w.org\/{rel}","templated":true}]}}