{"id":13886,"date":"2023-04-03T13:36:30","date_gmt":"2023-04-03T11:36:30","guid":{"rendered":"https:\/\/mundimueble.com\/?post_type=product&#038;p=13886"},"modified":"2025-09-12T13:52:03","modified_gmt":"2025-09-12T11:52:03","slug":"dormitorio-juvenil-057","status":"publish","type":"product","link":"https:\/\/mundimueble.com\/index.php\/producto\/dormitorio-juvenil-057\/","title":{"rendered":"Dormitorio juvenil \u00c1rea Joven &#8211; 057"},"content":{"rendered":"<p>COMO BIEN SABEMOS, A ESTAS EDADES UN<br \/>\nESCRITORIO ES FUNDAMENTAL.<br \/>\nHAZ QUE TENGAN UN ESPACIO C\u00d3MODO<br \/>\nPARA SUS QUEHACERES.<\/p>\n<p>Acabado Base: Blancera<br \/>\nCombinaci\u00f3n: Persa<br \/>\nTirador: Rectangular embutido y Asa met\u00e1lica<\/p>\n","protected":false},"excerpt":{"rendered":"<p>COMO BIEN SABEMOS, A ESTAS EDADES UN ESCRITORIO ES FUNDAMENTAL. HAZ QUE TENGAN UN ESPACIO C\u00d3MODO PARA SUS QUEHACERES. Acabado Base: Blancera Combinaci\u00f3n: Persa Tirador: Rectangular embutido y Asa met\u00e1lica<\/p>\n","protected":false},"featured_media":13887,"template":"","meta":[],"product_brand":[328],"product_cat":[188,189],"product_tag":[329,301,306],"class_list":{"0":"post-13886","1":"product","2":"type-product","3":"status-publish","4":"has-post-thumbnail","6":"product_brand-hnos-aparicio-donoso","7":"product_cat-dormitorios","8":"product_cat-dormitorio-juvenil","9":"product_tag-area-joven","10":"product_tag-dormitorio","11":"product_tag-dormitorio-juvenil","13":"entry","14":"has-media","16":"first","17":"instock","18":"taxable","19":"shipping-taxable","20":"product-type-simple","21":"has-product-nav","22":"col","23":"span_1_of_3","24":"owp-content-center","25":"owp-thumbs-layout-horizontal","26":"owp-btn-normal","27":"owp-tabs-layout-horizontal"},"_links":{"self":[{"href":"https:\/\/mundimueble.com\/index.php\/wp-json\/wp\/v2\/product\/13886","targetHints":{"allow":["GET"]}}],"collection":[{"href":"https:\/\/mundimueble.com\/index.php\/wp-json\/wp\/v2\/product"}],"about":[{"href":"https:\/\/mundimueble.com\/index.php\/wp-json\/wp\/v2\/types\/product"}],"version-history":[{"count":1,"href":"https:\/\/mundimueble.com\/index.php\/wp-json\/wp\/v2\/product\/13886\/revisions"}],"predecessor-version":[{"id":15303,"href":"https:\/\/mundimueble.com\/index.php\/wp-json\/wp\/v2\/product\/13886\/revisions\/15303"}],"wp:featuredmedia":[{"embeddable":true,"href":"https:\/\/mundimueble.com\/index.php\/wp-json\/wp\/v2\/media\/13887"}],"wp:attachment":[{"href":"https:\/\/mundimueble.com\/index.php\/wp-json\/wp\/v2\/media?parent=13886"}],"wp:term":[{"taxonomy":"product_brand","embeddable":true,"href":"https:\/\/mundimueble.com\/index.php\/wp-json\/wp\/v2\/product_brand?post=13886"},{"taxonomy":"product_cat","embeddable":true,"href":"https:\/\/mundimueble.com\/index.php\/wp-json\/wp\/v2\/product_cat?post=13886"},{"taxonomy":"product_tag","embeddable":true,"href":"https:\/\/mundimueble.com\/index.php\/wp-json\/wp\/v2\/product_tag?post=13886"}],"curies":[{"name":"wp","href":"https:\/\/api.w.org\/{rel}","templated":true}]}}