{"id":13861,"date":"2023-03-31T13:52:32","date_gmt":"2023-03-31T11:52:32","guid":{"rendered":"https:\/\/mundimueble.com\/?post_type=product&#038;p=13861"},"modified":"2025-09-12T13:44:30","modified_gmt":"2025-09-12T11:44:30","slug":"dormitorio-juvenil-048","status":"publish","type":"product","link":"https:\/\/mundimueble.com\/index.php\/producto\/dormitorio-juvenil-048\/","title":{"rendered":"Dormitorio juvenil \u00c1rea Joven &#8211; 048"},"content":{"rendered":"<p>LES GUSTAN LOS DORMITORIOS<br \/>\nDECORADOS Y EQUIPADOS, NO S\u00d3LO PARA<br \/>\nSUS ESTUDIOS, SINO TAMBIEN PARA<br \/>\nSUS NUEVAS AFICIONES.<\/p>\n<p>Acabado Base: N\u00f3rdico<br \/>\nCombinaci\u00f3n: Persa<br \/>\nTirador: Asa met\u00e1lica<\/p>\n","protected":false},"excerpt":{"rendered":"<p>LES GUSTAN LOS DORMITORIOS DECORADOS Y EQUIPADOS, NO S\u00d3LO PARA SUS ESTUDIOS, SINO TAMBIEN PARA SUS NUEVAS AFICIONES. Acabado Base: N\u00f3rdico Combinaci\u00f3n: Persa Tirador: Asa met\u00e1lica<\/p>\n","protected":false},"featured_media":13862,"template":"","meta":[],"product_brand":[328],"product_cat":[188,189],"product_tag":[329,301,306],"class_list":{"0":"post-13861","1":"product","2":"type-product","3":"status-publish","4":"has-post-thumbnail","6":"product_brand-hnos-aparicio-donoso","7":"product_cat-dormitorios","8":"product_cat-dormitorio-juvenil","9":"product_tag-area-joven","10":"product_tag-dormitorio","11":"product_tag-dormitorio-juvenil","13":"entry","14":"has-media","16":"first","17":"instock","18":"taxable","19":"shipping-taxable","20":"product-type-simple","21":"has-product-nav","22":"col","23":"span_1_of_3","24":"owp-content-center","25":"owp-thumbs-layout-horizontal","26":"owp-btn-normal","27":"owp-tabs-layout-horizontal"},"_links":{"self":[{"href":"https:\/\/mundimueble.com\/index.php\/wp-json\/wp\/v2\/product\/13861","targetHints":{"allow":["GET"]}}],"collection":[{"href":"https:\/\/mundimueble.com\/index.php\/wp-json\/wp\/v2\/product"}],"about":[{"href":"https:\/\/mundimueble.com\/index.php\/wp-json\/wp\/v2\/types\/product"}],"version-history":[{"count":1,"href":"https:\/\/mundimueble.com\/index.php\/wp-json\/wp\/v2\/product\/13861\/revisions"}],"predecessor-version":[{"id":15302,"href":"https:\/\/mundimueble.com\/index.php\/wp-json\/wp\/v2\/product\/13861\/revisions\/15302"}],"wp:featuredmedia":[{"embeddable":true,"href":"https:\/\/mundimueble.com\/index.php\/wp-json\/wp\/v2\/media\/13862"}],"wp:attachment":[{"href":"https:\/\/mundimueble.com\/index.php\/wp-json\/wp\/v2\/media?parent=13861"}],"wp:term":[{"taxonomy":"product_brand","embeddable":true,"href":"https:\/\/mundimueble.com\/index.php\/wp-json\/wp\/v2\/product_brand?post=13861"},{"taxonomy":"product_cat","embeddable":true,"href":"https:\/\/mundimueble.com\/index.php\/wp-json\/wp\/v2\/product_cat?post=13861"},{"taxonomy":"product_tag","embeddable":true,"href":"https:\/\/mundimueble.com\/index.php\/wp-json\/wp\/v2\/product_tag?post=13861"}],"curies":[{"name":"wp","href":"https:\/\/api.w.org\/{rel}","templated":true}]}}