{"id":13841,"date":"2023-03-31T12:43:31","date_gmt":"2023-03-31T10:43:31","guid":{"rendered":"https:\/\/mundimueble.com\/?post_type=product&#038;p=13841"},"modified":"2025-09-12T13:37:03","modified_gmt":"2025-09-12T11:37:03","slug":"dormitorio-juvenil-041","status":"publish","type":"product","link":"https:\/\/mundimueble.com\/index.php\/producto\/dormitorio-juvenil-041\/","title":{"rendered":"Dormitorio juvenil \u00c1rea Joven &#8211; 041"},"content":{"rendered":"<p>NO CABE DUDA, TUS PEQUE\u00d1OS<br \/>\nHAN CRECIDO Y SU DORMITORIO ES AHORA<br \/>\nSU PROPIO MUNDO.<\/p>\n<p>Acabado Base: Sauce y Blancera<br \/>\nCombinaci\u00f3n: Miel<br \/>\nTirador: Asa met\u00e1lica y<br \/>\nRectangular embutido<\/p>\n","protected":false},"excerpt":{"rendered":"<p>NO CABE DUDA, TUS PEQUE\u00d1OS HAN CRECIDO Y SU DORMITORIO ES AHORA SU PROPIO MUNDO. Acabado Base: Sauce y Blancera Combinaci\u00f3n: Miel Tirador: Asa met\u00e1lica y Rectangular embutido<\/p>\n","protected":false},"featured_media":13842,"template":"","meta":[],"product_brand":[328],"product_cat":[188,189],"product_tag":[329,301,306,331],"class_list":{"0":"post-13841","1":"product","2":"type-product","3":"status-publish","4":"has-post-thumbnail","6":"product_brand-hnos-aparicio-donoso","7":"product_cat-dormitorios","8":"product_cat-dormitorio-juvenil","9":"product_tag-area-joven","10":"product_tag-dormitorio","11":"product_tag-dormitorio-juvenil","12":"product_tag-literas","14":"entry","15":"has-media","17":"first","18":"instock","19":"taxable","20":"shipping-taxable","21":"product-type-simple","22":"has-product-nav","23":"col","24":"span_1_of_3","25":"owp-content-center","26":"owp-thumbs-layout-horizontal","27":"owp-btn-normal","28":"owp-tabs-layout-horizontal"},"_links":{"self":[{"href":"https:\/\/mundimueble.com\/index.php\/wp-json\/wp\/v2\/product\/13841","targetHints":{"allow":["GET"]}}],"collection":[{"href":"https:\/\/mundimueble.com\/index.php\/wp-json\/wp\/v2\/product"}],"about":[{"href":"https:\/\/mundimueble.com\/index.php\/wp-json\/wp\/v2\/types\/product"}],"version-history":[{"count":0,"href":"https:\/\/mundimueble.com\/index.php\/wp-json\/wp\/v2\/product\/13841\/revisions"}],"wp:featuredmedia":[{"embeddable":true,"href":"https:\/\/mundimueble.com\/index.php\/wp-json\/wp\/v2\/media\/13842"}],"wp:attachment":[{"href":"https:\/\/mundimueble.com\/index.php\/wp-json\/wp\/v2\/media?parent=13841"}],"wp:term":[{"taxonomy":"product_brand","embeddable":true,"href":"https:\/\/mundimueble.com\/index.php\/wp-json\/wp\/v2\/product_brand?post=13841"},{"taxonomy":"product_cat","embeddable":true,"href":"https:\/\/mundimueble.com\/index.php\/wp-json\/wp\/v2\/product_cat?post=13841"},{"taxonomy":"product_tag","embeddable":true,"href":"https:\/\/mundimueble.com\/index.php\/wp-json\/wp\/v2\/product_tag?post=13841"}],"curies":[{"name":"wp","href":"https:\/\/api.w.org\/{rel}","templated":true}]}}