{"id":13831,"date":"2023-03-29T13:50:07","date_gmt":"2023-03-29T11:50:07","guid":{"rendered":"https:\/\/mundimueble.com\/?post_type=product&#038;p=13831"},"modified":"2025-09-12T13:32:28","modified_gmt":"2025-09-12T11:32:28","slug":"dormitorio-juvenil-038","status":"publish","type":"product","link":"https:\/\/mundimueble.com\/index.php\/producto\/dormitorio-juvenil-038\/","title":{"rendered":"Dormitorio juvenil \u00c1rea Joven &#8211; 038"},"content":{"rendered":"<p>AUT\u00c9NTICAS COMBINACIONES,<br \/>\nAMENUDO LAS IDEAS M\u00c1S SENCILLAS<br \/>\nOFRECEN GRANDES RESULTADOS.<\/p>\n<p>Acabado Base: Roble<br \/>\nCombinaci\u00f3n: Nevado y Menta<br \/>\nTirador: Modul 20<\/p>\n","protected":false},"excerpt":{"rendered":"<p>AUT\u00c9NTICAS COMBINACIONES, AMENUDO LAS IDEAS M\u00c1S SENCILLAS OFRECEN GRANDES RESULTADOS. Acabado Base: Roble Combinaci\u00f3n: Nevado y Menta Tirador: Modul 20<\/p>\n","protected":false},"featured_media":13832,"template":"","meta":[],"product_brand":[328],"product_cat":[188,189],"product_tag":[329,301,306,331],"class_list":{"0":"post-13831","1":"product","2":"type-product","3":"status-publish","4":"has-post-thumbnail","6":"product_brand-hnos-aparicio-donoso","7":"product_cat-dormitorios","8":"product_cat-dormitorio-juvenil","9":"product_tag-area-joven","10":"product_tag-dormitorio","11":"product_tag-dormitorio-juvenil","12":"product_tag-literas","14":"entry","15":"has-media","17":"first","18":"instock","19":"taxable","20":"shipping-taxable","21":"product-type-simple","22":"has-product-nav","23":"col","24":"span_1_of_3","25":"owp-content-center","26":"owp-thumbs-layout-horizontal","27":"owp-btn-normal","28":"owp-tabs-layout-horizontal"},"_links":{"self":[{"href":"https:\/\/mundimueble.com\/index.php\/wp-json\/wp\/v2\/product\/13831","targetHints":{"allow":["GET"]}}],"collection":[{"href":"https:\/\/mundimueble.com\/index.php\/wp-json\/wp\/v2\/product"}],"about":[{"href":"https:\/\/mundimueble.com\/index.php\/wp-json\/wp\/v2\/types\/product"}],"version-history":[{"count":0,"href":"https:\/\/mundimueble.com\/index.php\/wp-json\/wp\/v2\/product\/13831\/revisions"}],"wp:featuredmedia":[{"embeddable":true,"href":"https:\/\/mundimueble.com\/index.php\/wp-json\/wp\/v2\/media\/13832"}],"wp:attachment":[{"href":"https:\/\/mundimueble.com\/index.php\/wp-json\/wp\/v2\/media?parent=13831"}],"wp:term":[{"taxonomy":"product_brand","embeddable":true,"href":"https:\/\/mundimueble.com\/index.php\/wp-json\/wp\/v2\/product_brand?post=13831"},{"taxonomy":"product_cat","embeddable":true,"href":"https:\/\/mundimueble.com\/index.php\/wp-json\/wp\/v2\/product_cat?post=13831"},{"taxonomy":"product_tag","embeddable":true,"href":"https:\/\/mundimueble.com\/index.php\/wp-json\/wp\/v2\/product_tag?post=13831"}],"curies":[{"name":"wp","href":"https:\/\/api.w.org\/{rel}","templated":true}]}}