{"id":13810,"date":"2023-03-29T12:38:24","date_gmt":"2023-03-29T10:38:24","guid":{"rendered":"https:\/\/mundimueble.com\/?post_type=product&#038;p=13810"},"modified":"2025-09-12T13:23:25","modified_gmt":"2025-09-12T11:23:25","slug":"dormitorio-juvenil-032","status":"publish","type":"product","link":"https:\/\/mundimueble.com\/index.php\/producto\/dormitorio-juvenil-032\/","title":{"rendered":"Dormitorio juvenil \u00c1rea Joven &#8211; 032"},"content":{"rendered":"<p>UN PER\u00cdODO DE DESCUBRIMIENTO,<br \/>\nDE FORMACI\u00d3N, DE AFICIONES<br \/>\nE INTERESES, DE DESCUBRIR<br \/>\nRELACIONES Y DISFRUTAR DE LAS<br \/>\nCOSAS Y TU ESPACIO.<\/p>\n<p>Acabado Base: N\u00f3rdico<br \/>\nCombinaci\u00f3n: Cobalto<br \/>\nTirador: Rectangular embutido<\/p>\n","protected":false},"excerpt":{"rendered":"<p>UN PER\u00cdODO DE DESCUBRIMIENTO, DE FORMACI\u00d3N, DE AFICIONES E INTERESES, DE DESCUBRIR RELACIONES Y DISFRUTAR DE LAS COSAS Y TU ESPACIO. Acabado Base: N\u00f3rdico Combinaci\u00f3n: Cobalto Tirador: Rectangular embutido<\/p>\n","protected":false},"featured_media":13811,"template":"","meta":[],"product_brand":[328],"product_cat":[188,189],"product_tag":[329,301,306],"class_list":{"0":"post-13810","1":"product","2":"type-product","3":"status-publish","4":"has-post-thumbnail","6":"product_brand-hnos-aparicio-donoso","7":"product_cat-dormitorios","8":"product_cat-dormitorio-juvenil","9":"product_tag-area-joven","10":"product_tag-dormitorio","11":"product_tag-dormitorio-juvenil","13":"entry","14":"has-media","16":"first","17":"instock","18":"taxable","19":"shipping-taxable","20":"product-type-simple","21":"has-product-nav","22":"col","23":"span_1_of_3","24":"owp-content-center","25":"owp-thumbs-layout-horizontal","26":"owp-btn-normal","27":"owp-tabs-layout-horizontal"},"_links":{"self":[{"href":"https:\/\/mundimueble.com\/index.php\/wp-json\/wp\/v2\/product\/13810","targetHints":{"allow":["GET"]}}],"collection":[{"href":"https:\/\/mundimueble.com\/index.php\/wp-json\/wp\/v2\/product"}],"about":[{"href":"https:\/\/mundimueble.com\/index.php\/wp-json\/wp\/v2\/types\/product"}],"version-history":[{"count":1,"href":"https:\/\/mundimueble.com\/index.php\/wp-json\/wp\/v2\/product\/13810\/revisions"}],"predecessor-version":[{"id":15298,"href":"https:\/\/mundimueble.com\/index.php\/wp-json\/wp\/v2\/product\/13810\/revisions\/15298"}],"wp:featuredmedia":[{"embeddable":true,"href":"https:\/\/mundimueble.com\/index.php\/wp-json\/wp\/v2\/media\/13811"}],"wp:attachment":[{"href":"https:\/\/mundimueble.com\/index.php\/wp-json\/wp\/v2\/media?parent=13810"}],"wp:term":[{"taxonomy":"product_brand","embeddable":true,"href":"https:\/\/mundimueble.com\/index.php\/wp-json\/wp\/v2\/product_brand?post=13810"},{"taxonomy":"product_cat","embeddable":true,"href":"https:\/\/mundimueble.com\/index.php\/wp-json\/wp\/v2\/product_cat?post=13810"},{"taxonomy":"product_tag","embeddable":true,"href":"https:\/\/mundimueble.com\/index.php\/wp-json\/wp\/v2\/product_tag?post=13810"}],"curies":[{"name":"wp","href":"https:\/\/api.w.org\/{rel}","templated":true}]}}