{"id":13799,"date":"2023-03-27T13:19:56","date_gmt":"2023-03-27T11:19:56","guid":{"rendered":"https:\/\/mundimueble.com\/?post_type=product&#038;p=13799"},"modified":"2025-09-12T13:16:39","modified_gmt":"2025-09-12T11:16:39","slug":"dormitorio-juvenil-028","status":"publish","type":"product","link":"https:\/\/mundimueble.com\/index.php\/producto\/dormitorio-juvenil-028\/","title":{"rendered":"Dormitorio juvenil \u00c1rea Joven &#8211; 028"},"content":{"rendered":"<p>ELEMENTOS Y PIEZAS QUE LES<br \/>\nAYUDAN A SER M\u00c1S AUT\u00d3NOMOS<br \/>\nY FELICES.<\/p>\n<p>Acabado Base: Sauce<br \/>\nCombinaci\u00f3n: Ocre y Nevado<br \/>\nTirador: Asa met\u00e1lica<\/p>\n","protected":false},"excerpt":{"rendered":"<p>ELEMENTOS Y PIEZAS QUE LES AYUDAN A SER M\u00c1S AUT\u00d3NOMOS Y FELICES. Acabado Base: Sauce Combinaci\u00f3n: Ocre y Nevado Tirador: Asa met\u00e1lica<\/p>\n","protected":false},"featured_media":13800,"template":"","meta":[],"product_brand":[328],"product_cat":[188,189],"product_tag":[329,301,306],"class_list":{"0":"post-13799","1":"product","2":"type-product","3":"status-publish","4":"has-post-thumbnail","6":"product_brand-hnos-aparicio-donoso","7":"product_cat-dormitorios","8":"product_cat-dormitorio-juvenil","9":"product_tag-area-joven","10":"product_tag-dormitorio","11":"product_tag-dormitorio-juvenil","13":"entry","14":"has-media","16":"first","17":"instock","18":"taxable","19":"shipping-taxable","20":"product-type-simple","21":"has-product-nav","22":"col","23":"span_1_of_3","24":"owp-content-center","25":"owp-thumbs-layout-horizontal","26":"owp-btn-normal","27":"owp-tabs-layout-horizontal"},"_links":{"self":[{"href":"https:\/\/mundimueble.com\/index.php\/wp-json\/wp\/v2\/product\/13799","targetHints":{"allow":["GET"]}}],"collection":[{"href":"https:\/\/mundimueble.com\/index.php\/wp-json\/wp\/v2\/product"}],"about":[{"href":"https:\/\/mundimueble.com\/index.php\/wp-json\/wp\/v2\/types\/product"}],"version-history":[{"count":1,"href":"https:\/\/mundimueble.com\/index.php\/wp-json\/wp\/v2\/product\/13799\/revisions"}],"predecessor-version":[{"id":13803,"href":"https:\/\/mundimueble.com\/index.php\/wp-json\/wp\/v2\/product\/13799\/revisions\/13803"}],"wp:featuredmedia":[{"embeddable":true,"href":"https:\/\/mundimueble.com\/index.php\/wp-json\/wp\/v2\/media\/13800"}],"wp:attachment":[{"href":"https:\/\/mundimueble.com\/index.php\/wp-json\/wp\/v2\/media?parent=13799"}],"wp:term":[{"taxonomy":"product_brand","embeddable":true,"href":"https:\/\/mundimueble.com\/index.php\/wp-json\/wp\/v2\/product_brand?post=13799"},{"taxonomy":"product_cat","embeddable":true,"href":"https:\/\/mundimueble.com\/index.php\/wp-json\/wp\/v2\/product_cat?post=13799"},{"taxonomy":"product_tag","embeddable":true,"href":"https:\/\/mundimueble.com\/index.php\/wp-json\/wp\/v2\/product_tag?post=13799"}],"curies":[{"name":"wp","href":"https:\/\/api.w.org\/{rel}","templated":true}]}}