{"id":13795,"date":"2023-03-27T13:09:40","date_gmt":"2023-03-27T11:09:40","guid":{"rendered":"https:\/\/mundimueble.com\/?post_type=product&#038;p=13795"},"modified":"2025-09-12T13:15:22","modified_gmt":"2025-09-12T11:15:22","slug":"dormitorio-juvenil-027","status":"publish","type":"product","link":"https:\/\/mundimueble.com\/index.php\/producto\/dormitorio-juvenil-027\/","title":{"rendered":"Dormitorio juvenil \u00c1rea Joven &#8211; 027"},"content":{"rendered":"<p>LOS NI\u00d1OS CRECEN MUY R\u00c1PIDO,<br \/>\nY SU HABITACI\u00d3N DEBE CAMBIAR A SU<br \/>\nRITMO CUBRIENDO SUS NUEVAS<br \/>\nNECESIDADES DIARIAS.<\/p>\n<p>Acabado Base: Roble<br \/>\nCombinaci\u00f3n: Persa<br \/>\nTirador: Rectangular embutido<\/p>\n","protected":false},"excerpt":{"rendered":"<p>LOS NI\u00d1OS CRECEN MUY R\u00c1PIDO, Y SU HABITACI\u00d3N DEBE CAMBIAR A SU RITMO CUBRIENDO SUS NUEVAS NECESIDADES DIARIAS. Acabado Base: Roble Combinaci\u00f3n: Persa Tirador: Rectangular embutido<\/p>\n","protected":false},"featured_media":13796,"template":"","meta":[],"product_brand":[328],"product_cat":[188,189],"product_tag":[329,301,306],"class_list":{"0":"post-13795","1":"product","2":"type-product","3":"status-publish","4":"has-post-thumbnail","6":"product_brand-hnos-aparicio-donoso","7":"product_cat-dormitorios","8":"product_cat-dormitorio-juvenil","9":"product_tag-area-joven","10":"product_tag-dormitorio","11":"product_tag-dormitorio-juvenil","13":"entry","14":"has-media","16":"first","17":"instock","18":"taxable","19":"shipping-taxable","20":"product-type-simple","21":"has-product-nav","22":"col","23":"span_1_of_3","24":"owp-content-center","25":"owp-thumbs-layout-horizontal","26":"owp-btn-normal","27":"owp-tabs-layout-horizontal"},"_links":{"self":[{"href":"https:\/\/mundimueble.com\/index.php\/wp-json\/wp\/v2\/product\/13795","targetHints":{"allow":["GET"]}}],"collection":[{"href":"https:\/\/mundimueble.com\/index.php\/wp-json\/wp\/v2\/product"}],"about":[{"href":"https:\/\/mundimueble.com\/index.php\/wp-json\/wp\/v2\/types\/product"}],"version-history":[{"count":0,"href":"https:\/\/mundimueble.com\/index.php\/wp-json\/wp\/v2\/product\/13795\/revisions"}],"wp:featuredmedia":[{"embeddable":true,"href":"https:\/\/mundimueble.com\/index.php\/wp-json\/wp\/v2\/media\/13796"}],"wp:attachment":[{"href":"https:\/\/mundimueble.com\/index.php\/wp-json\/wp\/v2\/media?parent=13795"}],"wp:term":[{"taxonomy":"product_brand","embeddable":true,"href":"https:\/\/mundimueble.com\/index.php\/wp-json\/wp\/v2\/product_brand?post=13795"},{"taxonomy":"product_cat","embeddable":true,"href":"https:\/\/mundimueble.com\/index.php\/wp-json\/wp\/v2\/product_cat?post=13795"},{"taxonomy":"product_tag","embeddable":true,"href":"https:\/\/mundimueble.com\/index.php\/wp-json\/wp\/v2\/product_tag?post=13795"}],"curies":[{"name":"wp","href":"https:\/\/api.w.org\/{rel}","templated":true}]}}