{"id":13764,"date":"2023-03-22T14:51:03","date_gmt":"2023-03-22T12:51:03","guid":{"rendered":"https:\/\/mundimueble.com\/?post_type=product&#038;p=13764"},"modified":"2025-09-12T13:03:23","modified_gmt":"2025-09-12T11:03:23","slug":"dormitorio-juvenil-006","status":"publish","type":"product","link":"https:\/\/mundimueble.com\/index.php\/producto\/dormitorio-juvenil-006\/","title":{"rendered":"Dormitorio juvenil \u00c1rea Joven &#8211; 006"},"content":{"rendered":"<p>DESDE LOS M\u00c1S PEQUE\u00d1OS, HASTA LOS M\u00c1S MAYORES, AREA JOVEN<br \/>\nDEJA MUCHO ESPACIO LIBRE PARA LO REALMENTE IMPORTANTE,\u00a0 \u00a0 \u00a0 \u00a0 \u00a0 \u00a0 \u00a0 \u00a0 \u00a0 \u00a0\u00a0 VIVIR TU PROPIA HABITACI\u00d3N.<\/p>\n<p>Acabado Base: Blanporo<br \/>\nCombinaci\u00f3n: Ocre<br \/>\nTirador: Rectangular embutido<\/p>\n","protected":false},"excerpt":{"rendered":"<p>DESDE LOS M\u00c1S PEQUE\u00d1OS, HASTA LOS M\u00c1S MAYORES, AREA JOVEN DEJA MUCHO ESPACIO LIBRE PARA LO REALMENTE IMPORTANTE,\u00a0 \u00a0 \u00a0 \u00a0 \u00a0 \u00a0 \u00a0 \u00a0 \u00a0 \u00a0\u00a0 VIVIR TU PROPIA HABITACI\u00d3N. Acabado Base: Blanporo Combinaci\u00f3n: Ocre Tirador: Rectangular embutido<\/p>\n","protected":false},"featured_media":13765,"template":"","meta":[],"product_brand":[328],"product_cat":[188,189],"product_tag":[329,301,306],"class_list":{"0":"post-13764","1":"product","2":"type-product","3":"status-publish","4":"has-post-thumbnail","6":"product_brand-hnos-aparicio-donoso","7":"product_cat-dormitorios","8":"product_cat-dormitorio-juvenil","9":"product_tag-area-joven","10":"product_tag-dormitorio","11":"product_tag-dormitorio-juvenil","13":"entry","14":"has-media","16":"first","17":"instock","18":"taxable","19":"shipping-taxable","20":"product-type-simple","21":"has-product-nav","22":"col","23":"span_1_of_3","24":"owp-content-center","25":"owp-thumbs-layout-horizontal","26":"owp-btn-normal","27":"owp-tabs-layout-horizontal"},"_links":{"self":[{"href":"https:\/\/mundimueble.com\/index.php\/wp-json\/wp\/v2\/product\/13764","targetHints":{"allow":["GET"]}}],"collection":[{"href":"https:\/\/mundimueble.com\/index.php\/wp-json\/wp\/v2\/product"}],"about":[{"href":"https:\/\/mundimueble.com\/index.php\/wp-json\/wp\/v2\/types\/product"}],"version-history":[{"count":1,"href":"https:\/\/mundimueble.com\/index.php\/wp-json\/wp\/v2\/product\/13764\/revisions"}],"predecessor-version":[{"id":15293,"href":"https:\/\/mundimueble.com\/index.php\/wp-json\/wp\/v2\/product\/13764\/revisions\/15293"}],"wp:featuredmedia":[{"embeddable":true,"href":"https:\/\/mundimueble.com\/index.php\/wp-json\/wp\/v2\/media\/13765"}],"wp:attachment":[{"href":"https:\/\/mundimueble.com\/index.php\/wp-json\/wp\/v2\/media?parent=13764"}],"wp:term":[{"taxonomy":"product_brand","embeddable":true,"href":"https:\/\/mundimueble.com\/index.php\/wp-json\/wp\/v2\/product_brand?post=13764"},{"taxonomy":"product_cat","embeddable":true,"href":"https:\/\/mundimueble.com\/index.php\/wp-json\/wp\/v2\/product_cat?post=13764"},{"taxonomy":"product_tag","embeddable":true,"href":"https:\/\/mundimueble.com\/index.php\/wp-json\/wp\/v2\/product_tag?post=13764"}],"curies":[{"name":"wp","href":"https:\/\/api.w.org\/{rel}","templated":true}]}}