{"id":12873,"date":"2017-09-07T12:48:59","date_gmt":"2017-09-07T10:48:59","guid":{"rendered":"https:\/\/mundimueble.com\/?post_type=product&#038;p=12873"},"modified":"2025-09-09T20:42:46","modified_gmt":"2025-09-09T18:42:46","slug":"sofa-cama-moderno-mayor-petit","status":"publish","type":"product","link":"https:\/\/mundimueble.com\/index.php\/producto\/sofa-cama-moderno-mayor-petit\/","title":{"rendered":"Sof\u00e1 Cama Petit"},"content":{"rendered":"<p>El sof\u00e1 cama Petit es un sof\u00e1 cama sencillo y pr\u00e1ctico, de medidas reducidas, ideal para apartamentos, estudios y el sector del Contract. Se trata de un sof\u00e1 cama compacto con frente, brazos y trasera unidos en una sola pieza. Los asientos y respaldos son desenfundables e incluye dos cojines de fibra con adorno. No es necesaria la retirada de los asientos y respaldos para poder abrir la cama.<\/p>\n<p>Colch\u00f3n de 140 cent\u00edmetros de ancho por 185 cent\u00edmetros de largo. Opci\u00f3n de colch\u00f3n m\u00e1s peque\u00f1o de 120 cent\u00edmetros de ancho. Grosor de 12 cent\u00edmetros. Colch\u00f3n cerrado y acolchado por ambas caras con goma de 25Kg. Opcional colch\u00f3n de HR35Kg \u00f3 HR35Kg + 3 cent\u00edmetros de viscoel\u00e1stica. Existe sill\u00f3n cama a juego con colch\u00f3n de 90 x 185 cent\u00edmetros. Patas de madera con diferentes opciones de color a elegir: Wengu\u00e9, Nogal o Roble natural.<\/p>\n<p>\u00abSof\u00e1 cama de medidas reducidas y l\u00edneas cuadradas ideal para aprovechar espacios reducidos. Muy utilizado en hoteles, apartamentos y espacios colectivos\u00bb<\/p>\n","protected":false},"excerpt":{"rendered":"<p>El sof\u00e1 cama Petit es un sof\u00e1 cama sencillo y pr\u00e1ctico, de medidas reducidas, ideal para apartamentos, estudios y el sector del Contract. Se trata de un sof\u00e1 cama compacto con frente, brazos y trasera unidos en una sola pieza. Los asientos y respaldos son desenfundables e incluye dos cojines de fibra con adorno. No [&hellip;]<\/p>\n","protected":false},"featured_media":15246,"template":"","meta":[],"product_brand":[320],"product_cat":[206,195],"product_tag":[297,321],"class_list":{"0":"post-12873","1":"product","2":"type-product","3":"status-publish","4":"has-post-thumbnail","6":"product_brand-mayor-tapizados","7":"product_cat-sofas-cama","8":"product_cat-sofas-y-sillones","9":"product_tag-sofa","10":"product_tag-sofa-cama","12":"entry","13":"has-media","15":"first","16":"instock","17":"taxable","18":"shipping-taxable","19":"product-type-simple","20":"has-product-nav","21":"col","22":"span_1_of_3","23":"owp-content-center","24":"owp-thumbs-layout-horizontal","25":"owp-btn-normal","26":"owp-tabs-layout-horizontal"},"_links":{"self":[{"href":"https:\/\/mundimueble.com\/index.php\/wp-json\/wp\/v2\/product\/12873","targetHints":{"allow":["GET"]}}],"collection":[{"href":"https:\/\/mundimueble.com\/index.php\/wp-json\/wp\/v2\/product"}],"about":[{"href":"https:\/\/mundimueble.com\/index.php\/wp-json\/wp\/v2\/types\/product"}],"version-history":[{"count":1,"href":"https:\/\/mundimueble.com\/index.php\/wp-json\/wp\/v2\/product\/12873\/revisions"}],"predecessor-version":[{"id":15249,"href":"https:\/\/mundimueble.com\/index.php\/wp-json\/wp\/v2\/product\/12873\/revisions\/15249"}],"wp:featuredmedia":[{"embeddable":true,"href":"https:\/\/mundimueble.com\/index.php\/wp-json\/wp\/v2\/media\/15246"}],"wp:attachment":[{"href":"https:\/\/mundimueble.com\/index.php\/wp-json\/wp\/v2\/media?parent=12873"}],"wp:term":[{"taxonomy":"product_brand","embeddable":true,"href":"https:\/\/mundimueble.com\/index.php\/wp-json\/wp\/v2\/product_brand?post=12873"},{"taxonomy":"product_cat","embeddable":true,"href":"https:\/\/mundimueble.com\/index.php\/wp-json\/wp\/v2\/product_cat?post=12873"},{"taxonomy":"product_tag","embeddable":true,"href":"https:\/\/mundimueble.com\/index.php\/wp-json\/wp\/v2\/product_tag?post=12873"}],"curies":[{"name":"wp","href":"https:\/\/api.w.org\/{rel}","templated":true}]}}