{"id":12805,"date":"2017-09-07T11:12:50","date_gmt":"2017-09-07T09:12:50","guid":{"rendered":"https:\/\/mundimueble.com\/?post_type=product&#038;p=12805"},"modified":"2025-09-24T13:01:31","modified_gmt":"2025-09-24T11:01:31","slug":"sofa-deslizante-lotus","status":"publish","type":"product","link":"https:\/\/mundimueble.com\/index.php\/producto\/sofa-deslizante-lotus\/","title":{"rendered":"Sof\u00e1 Deslizante Lotus"},"content":{"rendered":"<p>El sof\u00e1 Lotus, de dise\u00f1o contempor\u00e1neo y funcional se adapta a cualquier tipo de espacio con sus asientos deslizantes. Puede combinarse con chaiselongue arc\u00f3n a juego, tremendamente \u00fatil para almacenar cosas y ahorrar espacio, u otros m\u00f3dulos deslizantes. Existe en cama y \u00e9sta tambi\u00e9n puede combinarse con otros m\u00f3dulos deslizantes.<\/p>\n<p>Respaldos altos. Respaldos y apoyabrazos de fibra hueca siliconada que aportan un gran confort en la sentada. Los asientos y respaldos son desenfundables para facilitar la limpieza. Las patas de madera tienen diferentes opciones de color a elegir, c\u00f3mo son los colores Wengu\u00e9, Nogal y Roble natural. Los brazos pueden ser de 12, 24 o de 18 cent\u00edmetros de ancho.<\/p>\n","protected":false},"excerpt":{"rendered":"<p>El sof\u00e1 Lotus, de dise\u00f1o contempor\u00e1neo y funcional se adapta a cualquier tipo de espacio con sus asientos deslizantes. Puede combinarse con chaiselongue arc\u00f3n a juego, tremendamente \u00fatil para almacenar cosas y ahorrar espacio, u otros m\u00f3dulos deslizantes. Existe en cama y \u00e9sta tambi\u00e9n puede combinarse con otros m\u00f3dulos deslizantes. Respaldos altos. Respaldos y apoyabrazos [&hellip;]<\/p>\n","protected":false},"featured_media":15254,"template":"","meta":[],"product_brand":[320],"product_cat":[204,195],"product_tag":[322,297,323],"class_list":{"0":"post-12805","1":"product","2":"type-product","3":"status-publish","4":"has-post-thumbnail","6":"product_brand-mayor-tapizados","7":"product_cat-sofas-y-chaiselongues","8":"product_cat-sofas-y-sillones","9":"product_tag-chaise-longue","10":"product_tag-sofa","11":"product_tag-sofa-rinconera","13":"entry","14":"has-media","16":"first","17":"instock","18":"taxable","19":"shipping-taxable","20":"product-type-simple","21":"has-product-nav","22":"col","23":"span_1_of_3","24":"owp-content-center","25":"owp-thumbs-layout-horizontal","26":"owp-btn-normal","27":"owp-tabs-layout-horizontal"},"_links":{"self":[{"href":"https:\/\/mundimueble.com\/index.php\/wp-json\/wp\/v2\/product\/12805","targetHints":{"allow":["GET"]}}],"collection":[{"href":"https:\/\/mundimueble.com\/index.php\/wp-json\/wp\/v2\/product"}],"about":[{"href":"https:\/\/mundimueble.com\/index.php\/wp-json\/wp\/v2\/types\/product"}],"version-history":[{"count":1,"href":"https:\/\/mundimueble.com\/index.php\/wp-json\/wp\/v2\/product\/12805\/revisions"}],"predecessor-version":[{"id":15251,"href":"https:\/\/mundimueble.com\/index.php\/wp-json\/wp\/v2\/product\/12805\/revisions\/15251"}],"wp:featuredmedia":[{"embeddable":true,"href":"https:\/\/mundimueble.com\/index.php\/wp-json\/wp\/v2\/media\/15254"}],"wp:attachment":[{"href":"https:\/\/mundimueble.com\/index.php\/wp-json\/wp\/v2\/media?parent=12805"}],"wp:term":[{"taxonomy":"product_brand","embeddable":true,"href":"https:\/\/mundimueble.com\/index.php\/wp-json\/wp\/v2\/product_brand?post=12805"},{"taxonomy":"product_cat","embeddable":true,"href":"https:\/\/mundimueble.com\/index.php\/wp-json\/wp\/v2\/product_cat?post=12805"},{"taxonomy":"product_tag","embeddable":true,"href":"https:\/\/mundimueble.com\/index.php\/wp-json\/wp\/v2\/product_tag?post=12805"}],"curies":[{"name":"wp","href":"https:\/\/api.w.org\/{rel}","templated":true}]}}