{"id":13579,"date":"2017-10-16T13:02:46","date_gmt":"2017-10-16T11:02:46","guid":{"rendered":"https:\/\/mundimueble.com\/?page_id=13579"},"modified":"2025-08-05T14:19:29","modified_gmt":"2025-08-05T12:19:29","slug":"politica-de-cookies","status":"publish","type":"page","link":"https:\/\/mundimueble.com\/index.php\/politica-de-cookies\/","title":{"rendered":"Pol\u00edtica de Cookies"},"content":{"rendered":"<p style=\"text-align: justify;\">Le informamos que en este sitio web utilizamos cookies con objeto de facilitar el uso y navegaci\u00f3n a trav\u00e9s de la web, elaborar nuestras estad\u00edsticas de uso de la web, realizar la gesti\u00f3n de usuarios registrados y facilitar la inscripci\u00f3n y realizaci\u00f3n de las formaciones ofrecidas.<\/p>\n<p style=\"text-align: justify;\"><strong>CONSENTIMIENTO<\/strong><\/p>\n<p style=\"text-align: justify;\"><strong>E<\/strong><strong>n este sitio web utilizamos cookies de sesi\u00f3n, propias y de terceros, t\u00e9cnicas y anal\u00edticas. Al navegar y continuar en nuestra web o al haber aceptado expresamente el uso de cookies, nos indicas que est\u00e1s consintiendo el uso de las cookies antes enunciadas, y en las condiciones contenidas en la presente Pol\u00edtica de Cookies.\u00a0<\/strong>Mundi Mueble puede modificar esta Pol\u00edtica de Cookies en funci\u00f3n de exigencias reglamentarias, legislativas o con la finalidad de adaptar dicha pol\u00edtica a las instrucciones dictadas por la Agencia Espa\u00f1ola de Protecci\u00f3n de Datos. En el caso que se produzcan cambios significativos en esta Pol\u00edtica de Cookies, se comunicar\u00e1 debidamente a los usuarios.<\/p>\n<p style=\"text-align: justify;\"><strong>\u00bfQU\u00c9 SON LAS COOKIES?<\/strong><\/p>\n<p style=\"text-align: justify;\">Las cookies son peque\u00f1os ficheros de datos que se generan en el ordenador, Smartphone, tablet o cualquier otro dispositivo del usuario cuando se accede a una p\u00e1gina web y que permiten al titular de dicha p\u00e1gina almacenar o recuperar determinada informaci\u00f3n sobre la navegaci\u00f3n que se efect\u00faa desde dicho equipo.<\/p>\n<p style=\"text-align: justify;\"><strong>T<\/strong><strong>IPOLOG\u00cdA DE COOKIES<\/strong><\/p>\n<p style=\"text-align: justify;\">A continuaci\u00f3n ofrecemos informaci\u00f3n sobre el tipo de cookies y la finalidad de las mismas:<\/p>\n<ol style=\"text-align: justify;\">\n<li><strong>Tipos de cookies seg\u00fan la entidad que las gestione<\/strong><\/li>\n<\/ol>\n<p style=\"text-align: justify;\">Seg\u00fan quien sea la entidad que gestione el equipo o dominio desde donde se env\u00edan las cookies y trate los datos que se obtengan, podemos distinguir:<\/p>\n<p style=\"text-align: justify;\"><strong>Cookies propias<\/strong>: Son aqu\u00e9llas que se env\u00edan al equipo terminal del usuario desde o hacia nuestro propio servicio web.<\/p>\n<p style=\"text-align: justify;\"><strong>Cookies de terceros<\/strong>: Son aqu\u00e9llas que se env\u00edan al equipo terminal del usuario desde un equipo o dominio que no es gestionado por Mundi Mueble sino por otra entidad que trata los datos obtenidos a trav\u00e9s de las cookies. Dado que son estos terceros quienes proceden a su implementaci\u00f3n, el bloqueo y desinstalaci\u00f3n de las mismas se rige por sus condiciones y mecanismos espec\u00edficos.<\/p>\n<p style=\"text-align: justify;\">\n<ol style=\"text-align: justify;\" start=\"2\">\n<li><strong>Tipos de cookies seg\u00fan el plazo de tiempo que permanecen activadas en el equipo terminal<\/strong><\/li>\n<\/ol>\n<p style=\"text-align: justify;\"><strong>Cookies de sesi\u00f3n<\/strong>: Son un tipo de cookies dise\u00f1adas para recabar y almacenar datos mientras el usuario accede a una p\u00e1gina web. Estas cookies se almacenan en su terminal hasta que finalice la sesi\u00f3n de navegaci\u00f3n del usuario.<\/p>\n<p style=\"text-align: justify;\"><strong>Cookies persistentes<\/strong>: Son un tipo de cookies en el que los datos siguen almacenados en el terminal y pueden ser accedidos y tratados durante un periodo definido por el responsable de la cookie, y que puede ir de unos minutos a varios a\u00f1os.<\/p>\n<p style=\"text-align: justify;\">\n<ol style=\"text-align: justify;\" start=\"3\">\n<li><strong>Tipos de cookies seg\u00fan su finalidad<\/strong><\/li>\n<\/ol>\n<p style=\"text-align: justify;\"><strong>Cookies t\u00e9cnicas<\/strong>: Son aqu\u00e9llas que permiten al usuario la navegaci\u00f3n a trav\u00e9s de la p\u00e1gina web o la plataforma y la utilizaci\u00f3n de las diferentes opciones o servicios que en ella existan como, por ejemplo, controlar el tr\u00e1fico y la comunicaci\u00f3n de datos, identificar la sesi\u00f3n, acceder a partes de acceso restringido, utilizar elementos de seguridad durante la navegaci\u00f3n o almacenar contenidos para la difusi\u00f3n de videos o sonido o compartir contenidos a trav\u00e9s de redes sociales como Twitter, Facebook, Google+ o Youtube. Se trata de cookies de sesi\u00f3n y persistentes.<\/p>\n<p style=\"text-align: justify;\"><strong>Cookies de personalizaci\u00f3n<\/strong>: Son aqu\u00e9llas que permiten al usuario acceder al servicio con algunas caracter\u00edsticas predefinidas en funci\u00f3n de una serie de criterios en el terminal del usuario como por ejemplo, el tipo de navegador a trav\u00e9s del cual accede al servicio, la configuraci\u00f3n regional desde donde accede al servicio, etc.<\/p>\n<p style=\"text-align: justify;\"><strong>Cookies anal\u00edticas<\/strong>: Son aqu\u00e9llas que nos permiten cuantificar el n\u00famero de usuarios y as\u00ed realizar la medici\u00f3n y an\u00e1lisis estad\u00edstico de la utilizaci\u00f3n que hacen los usuarios de nuestra web. Para ello se analiza su navegaci\u00f3n en nuestra p\u00e1gina web con el fin de mejorarla.<\/p>\n<p style=\"text-align: justify;\"><strong>Cookies publicitarias<\/strong>: Son aqu\u00e9llas que permiten la gesti\u00f3n, de la forma m\u00e1s eficaz posible, de los espacios publicitarios que se pudieran incluir en nuestra p\u00e1gina web.<\/p>\n<p style=\"text-align: justify;\"><strong>Cookies de publicidad comportamental<\/strong>: Estas cookies almacenan informaci\u00f3n del comportamiento de los usuarios obtenida a trav\u00e9s de la observaci\u00f3n continuada. Gracias a ellas, podemos conocer los h\u00e1bitos de navegaci\u00f3n en internet y mostrarte publicidad relacionada con tu perfil de navegaci\u00f3n.<\/p>\n<p style=\"text-align: justify;\">\n<p style=\"text-align: justify;\"><strong>G<\/strong><strong>EST<\/strong><strong>I\u00d3N DE COOKIES<\/strong><\/p>\n<p style=\"text-align: justify;\">Puede \u00a0permitir, \u00a0bloquear \u00a0o \u00a0eliminar \u00a0las \u00a0cookies \u00a0instaladas \u00a0en \u00a0su\u00a0 equipo \u00a0mediante \u00a0la configuraci\u00f3n de las opciones de tu navegador de Internet. En caso de que no permita la instalaci\u00f3n de cookies en tu navegador es posible que no puedas acceder a algunos de los servicios y que tu experiencia en nuestra web pueda resultar menos satisfactoria.<\/p>\n<p style=\"text-align: justify;\">En los siguientes enlaces, y exclusivamente de modo orientativo, tienes a tu disposici\u00f3n informaci\u00f3n para configurar o deshabilitar tus cookies en cada navegador:<\/p>\n<ol style=\"text-align: justify;\">\n<li><strong><a href=\"https:\/\/support.google.com\/accounts\/answer\/61416?hl=es\" target=\"_blank\" rel=\"noopener\"><u>G<\/u><u>oogle Chrome<\/u><\/a><\/strong><\/li>\n<li><strong><a href=\"https:\/\/support.mozilla.org\/es\/kb\/habilitar-y-deshabilitar-cookies-que-los-sitios-we\" target=\"_blank\" rel=\"noopener\"><u>M<\/u><u>ozilla Firefox<\/u><\/a><\/strong><\/li>\n<li><strong><a href=\"http:\/\/windows.microsoft.com\/es-es\/windows-vista\/block-or-allow-cookies\" target=\"_blank\" rel=\"noopener\"><u>I<\/u><u>n<\/u><u>ter<\/u><u>n<\/u><u>et<\/u>\u00a0<u>E<\/u><u>x<\/u><u>p<\/u><u>lo<\/u><u>rer<\/u><\/a><\/strong><\/li>\n<li><strong><a href=\"http:\/\/support.apple.com\/kb\/PH17191?viewlocale=es_ES\" target=\"_blank\" rel=\"noopener\"><u>S<\/u><u>afari<\/u><\/a><\/strong><\/li>\n<li><strong><a href=\"http:\/\/support.apple.com\/kb\/HT1677?viewlocale=es_ES&amp;\" target=\"_blank\" rel=\"noopener\"><u>S<\/u><u>a<\/u><u>f<\/u><u>a<\/u><u>r<\/u><u>i\u00a0<\/u><u>p<\/u><u>a<\/u><u>r<\/u><u>a I<\/u><u>O<\/u><u>S<\/u>\u00a0<u>(<\/u><u>i<\/u><u>P<\/u><u>h<\/u><u>o<\/u><u>n<\/u><u>e<\/u>\u00a0<u>y i<\/u><u>P<\/u><u>a<\/u><u>d<\/u><u>)<\/u><\/a><\/strong><\/li>\n<li><strong><a href=\"https:\/\/support.google.com\/chrome\/answer\/2392971?hl=es\" target=\"_blank\" rel=\"noopener\"><u>Chrome para Android<\/u><\/a><\/strong><\/li>\n<\/ol>\n<p style=\"text-align: justify;\">Debes tener en cuenta que algunas de las cookies incluidas en las categor\u00edas de cookies descritas anteriormente las almacenan terceros en su equipo cuando el usuario utiliza nuestra web. No tenemos control alguno sobre estas cookies o el modo en que las utilizan los terceros. Se utilizan para permitir al tercero prestarnos un servicio, por ejemplo, de an\u00e1lisis.<\/p>\n","protected":false},"excerpt":{"rendered":"<p>Le informamos que en este sitio web utilizamos cookies con objeto de facilitar el uso y navegaci\u00f3n a trav\u00e9s de la web, elaborar nuestras estad\u00edsticas de uso de la web, realizar la gesti\u00f3n de usuarios registrados y facilitar la inscripci\u00f3n y realizaci\u00f3n de las formaciones ofrecidas. CONSENTIMIENTO En este sitio web utilizamos cookies de sesi\u00f3n, [&hellip;]<\/p>\n","protected":false},"author":1,"featured_media":0,"parent":0,"menu_order":0,"comment_status":"closed","ping_status":"closed","template":"","meta":{"footnotes":""},"class_list":["post-13579","page","type-page","status-publish","hentry","entry","owp-thumbs-layout-horizontal","owp-btn-normal","owp-tabs-layout-horizontal","has-no-thumbnails","has-product-nav"],"_links":{"self":[{"href":"https:\/\/mundimueble.com\/index.php\/wp-json\/wp\/v2\/pages\/13579","targetHints":{"allow":["GET"]}}],"collection":[{"href":"https:\/\/mundimueble.com\/index.php\/wp-json\/wp\/v2\/pages"}],"about":[{"href":"https:\/\/mundimueble.com\/index.php\/wp-json\/wp\/v2\/types\/page"}],"author":[{"embeddable":true,"href":"https:\/\/mundimueble.com\/index.php\/wp-json\/wp\/v2\/users\/1"}],"replies":[{"embeddable":true,"href":"https:\/\/mundimueble.com\/index.php\/wp-json\/wp\/v2\/comments?post=13579"}],"version-history":[{"count":1,"href":"https:\/\/mundimueble.com\/index.php\/wp-json\/wp\/v2\/pages\/13579\/revisions"}],"predecessor-version":[{"id":13580,"href":"https:\/\/mundimueble.com\/index.php\/wp-json\/wp\/v2\/pages\/13579\/revisions\/13580"}],"wp:attachment":[{"href":"https:\/\/mundimueble.com\/index.php\/wp-json\/wp\/v2\/media?parent=13579"}],"curies":[{"name":"wp","href":"https:\/\/api.w.org\/{rel}","templated":true}]}}