{"id":11925,"date":"2017-07-27T22:37:57","date_gmt":"2017-07-27T22:37:57","guid":{"rendered":"https:\/\/mundimueble.com\/?page_id=11925"},"modified":"2025-08-05T14:19:30","modified_gmt":"2025-08-05T12:19:30","slug":"servicios","status":"publish","type":"page","link":"https:\/\/mundimueble.com\/index.php\/servicios\/","title":{"rendered":"Servicios"},"content":{"rendered":"<h1 style=\"text-align: justify;\">En <strong>Mundi<img decoding=\"async\" class=\"alignnone wp-image-11930\" src=\"https:\/\/mundimueble.com\/wp-content\/uploads\/2017\/07\/logoMundiMueblebola.png\" alt=\"\" width=\"22\" height=\"22\" \/>Mueble<\/strong>\u00a0te ofrecemos un mundo de servicios para amueblar tu hogar<\/h1>\n<p style=\"text-align: justify;\">En <strong>Mundi<img decoding=\"async\" class=\"alignnone wp-image-11930\" src=\"https:\/\/mundimueble.com\/wp-content\/uploads\/2017\/07\/logoMundiMueblebola.png\" alt=\"\" width=\"22\" height=\"22\" \/>Mueble<\/strong> trabajamos d\u00eda a d\u00eda para ofrecerte los mejores muebles en Bail\u00e9n y comarca.<\/p>\n<p style=\"text-align: justify;\">Somos una empresa donde el servicio al cliente es uno de nuestros principales objetivos, por lo que te ofrecemos un servicio profesional y especializado que se adapta a tu gustos optimizando tu presupuesto al m\u00e1ximo, siempre con las mejores garant\u00edas y servicios del mercado.<\/p>\n<p style=\"text-align: justify;\">Nuestra amplia cartera de clientes en toda la zona de la comarca de Bailen: Linares, Ba\u00f1os de la Encina, Meng\u00edbar, Jabalquinto, And\u00fajar&#8230; demuestran que ofrecemos un servicio de calidad pensado con y para el cliente.<\/p>\n<p style=\"text-align: justify;\">Por este motivo queremos que descubras todo lo que podemos ofrecerte para amueblar tu hogar. Sabemos que nuestro servicio puede ofrecerte aquello que estas buscando tanto si se trata de decorar el inmueble completo como si solo vienes buscando amueblar una \u00fanica estancia. Estamos convencidos de que podemos ofrecerte aquello en lo que tu ya has pensado.<\/p>\n<p style=\"text-align: justify;\">Nuestra prioridad siempre es darte el mejor servicio, de ah\u00ed que nos encarguemos de transportar e instalar tus muebles con la mayor rapidez y siempre llevado a cabo por especialistas del sector del mueble. Nos gusta cuidar hasta el ultimo detalle buscando siempre la plena satisfacci\u00f3n de nuestros clientes.<\/p>\n<p>&nbsp;<\/p>\n<blockquote>\n<h2>En <span style=\"color: #542a0c;\"><strong>Mundi<img decoding=\"async\" class=\"alignnone wp-image-11930\" src=\"https:\/\/mundimueble.com\/wp-content\/uploads\/2017\/07\/logoMundiMueblebola.png\" alt=\"\" width=\"22\" height=\"22\" \/>Mueble<\/strong><\/span> te ayudamos a hacer de tu hogar un hogar diferente.<\/h2>\n<\/blockquote>\n","protected":false},"excerpt":{"rendered":"<p>En MundiMueble\u00a0te ofrecemos un mundo de servicios para amueblar tu hogar En MundiMueble trabajamos d\u00eda a d\u00eda para ofrecerte los mejores muebles en Bail\u00e9n y comarca. Somos una empresa donde el servicio al cliente es uno de nuestros principales objetivos, por lo que te ofrecemos un servicio profesional y especializado que se adapta a tu [&hellip;]<\/p>\n","protected":false},"author":1,"featured_media":0,"parent":0,"menu_order":0,"comment_status":"closed","ping_status":"closed","template":"","meta":{"footnotes":""},"class_list":["post-11925","page","type-page","status-publish","hentry","entry","owp-thumbs-layout-horizontal","owp-btn-normal","owp-tabs-layout-horizontal","has-no-thumbnails","has-product-nav"],"_links":{"self":[{"href":"https:\/\/mundimueble.com\/index.php\/wp-json\/wp\/v2\/pages\/11925","targetHints":{"allow":["GET"]}}],"collection":[{"href":"https:\/\/mundimueble.com\/index.php\/wp-json\/wp\/v2\/pages"}],"about":[{"href":"https:\/\/mundimueble.com\/index.php\/wp-json\/wp\/v2\/types\/page"}],"author":[{"embeddable":true,"href":"https:\/\/mundimueble.com\/index.php\/wp-json\/wp\/v2\/users\/1"}],"replies":[{"embeddable":true,"href":"https:\/\/mundimueble.com\/index.php\/wp-json\/wp\/v2\/comments?post=11925"}],"version-history":[{"count":3,"href":"https:\/\/mundimueble.com\/index.php\/wp-json\/wp\/v2\/pages\/11925\/revisions"}],"predecessor-version":[{"id":12082,"href":"https:\/\/mundimueble.com\/index.php\/wp-json\/wp\/v2\/pages\/11925\/revisions\/12082"}],"wp:attachment":[{"href":"https:\/\/mundimueble.com\/index.php\/wp-json\/wp\/v2\/media?parent=11925"}],"curies":[{"name":"wp","href":"https:\/\/api.w.org\/{rel}","templated":true}]}}